{"id":3927802,"date":"2023-05-05T14:14:03","date_gmt":"2023-05-05T11:14:03","guid":{"rendered":"https:\/\/parnumaa.ee\/?page_id=3927802"},"modified":"2023-05-16T12:53:09","modified_gmt":"2023-05-16T09:53:09","slug":"ronnie-legaspi","status":"publish","type":"page","link":"https:\/\/parnumaa.ee\/en\/life\/inspiring-stories-told-by-locals\/ronnie-legaspi\/","title":{"rendered":"Ronnie Legaspi"},"content":{"rendered":"","protected":false},"excerpt":{"rendered":"<p>I am currently working as a Producer for Gamecan. Gamecan is a game development studio that is building an amazing project with developers from all over the world. We have around 20 different nationalities working together and as a Producer, it is my job to make sure we are able to complete things in a timely manner and within budget.<\/p>\n<p>Being a producer in a game studio, your focus is more about communication, planning, and foresight. You need to be able to catch problems and solve it on the spot. So good verbal, written, and some technical experience is good to have.<\/p>\n","protected":false},"author":15,"featured_media":3927808,"parent":1864468,"menu_order":0,"comment_status":"closed","ping_status":"closed","template":"","meta":{"_acf_changed":false,"footnotes":""},"class_list":["post-3927802","page","type-page","status-publish","has-post-thumbnail","hentry"],"acf":[],"yoast_head":"<!-- This site is optimized with the Yoast SEO plugin v26.6 - https:\/\/yoast.com\/wordpress\/plugins\/seo\/ -->\n<title>Ronnie Legaspi - P\u00e4rnumaa infov\u00e4rav<\/title>\n<meta name=\"robots\" content=\"index, follow, max-snippet:-1, max-image-preview:large, max-video-preview:-1\" \/>\n<link rel=\"canonical\" href=\"https:\/\/parnumaa.ee\/en\/life\/inspiring-stories-told-by-locals\/ronnie-legaspi\/\" \/>\n<meta property=\"og:locale\" content=\"en_US\" \/>\n<meta property=\"og:type\" content=\"article\" \/>\n<meta property=\"og:title\" content=\"&quot;Everything here was walkable and safe which made the first few months here an adventure&quot;\" \/>\n<meta property=\"og:description\" content=\"I am currently working as a Producer for Gamecan. Gamecan is a game development studio that is building an amazing project with developers from all over the world. We have around 20 different nationalities working together and as a Producer, it is my job to make sure we are able to complete things in a timely manner and within budget.  Being a producer in a game studio, your focus is more about communication, planning, and foresight. You need to be able to catch problems and solve it on the spot. So good verbal, written, and some technical experience is good to have.\" \/>\n<meta property=\"og:url\" content=\"https:\/\/parnumaa.ee\/en\/life\/inspiring-stories-told-by-locals\/ronnie-legaspi\/\" \/>\n<meta property=\"og:site_name\" content=\"P\u00e4rnumaa infov\u00e4rav\" \/>\n<meta property=\"article:modified_time\" content=\"2023-05-16T09:53:09+00:00\" \/>\n<meta property=\"og:image\" content=\"https:\/\/parnumaa.ee\/wp-content\/uploads\/2023\/05\/Ronnie.jpg\" \/>\n\t<meta property=\"og:image:width\" content=\"2048\" \/>\n\t<meta property=\"og:image:height\" content=\"1536\" \/>\n\t<meta property=\"og:image:type\" content=\"image\/jpeg\" \/>\n<meta name=\"twitter:card\" content=\"summary_large_image\" \/>\n<script type=\"application\/ld+json\" class=\"yoast-schema-graph\">{\"@context\":\"https:\/\/schema.org\",\"@graph\":[{\"@type\":\"WebPage\",\"@id\":\"https:\/\/parnumaa.ee\/en\/life\/inspiring-stories-told-by-locals\/ronnie-legaspi\/\",\"url\":\"https:\/\/parnumaa.ee\/en\/life\/inspiring-stories-told-by-locals\/ronnie-legaspi\/\",\"name\":\"Ronnie Legaspi - P\u00e4rnumaa infov\u00e4rav\",\"isPartOf\":{\"@id\":\"https:\/\/parnumaa.ee\/#website\"},\"primaryImageOfPage\":{\"@id\":\"https:\/\/parnumaa.ee\/en\/life\/inspiring-stories-told-by-locals\/ronnie-legaspi\/#primaryimage\"},\"image\":{\"@id\":\"https:\/\/parnumaa.ee\/en\/life\/inspiring-stories-told-by-locals\/ronnie-legaspi\/#primaryimage\"},\"thumbnailUrl\":\"https:\/\/parnumaa.ee\/wp-content\/uploads\/2023\/05\/Ronnie.jpg\",\"datePublished\":\"2023-05-05T11:14:03+00:00\",\"dateModified\":\"2023-05-16T09:53:09+00:00\",\"breadcrumb\":{\"@id\":\"https:\/\/parnumaa.ee\/en\/life\/inspiring-stories-told-by-locals\/ronnie-legaspi\/#breadcrumb\"},\"inLanguage\":\"en-US\",\"potentialAction\":[{\"@type\":\"ReadAction\",\"target\":[\"https:\/\/parnumaa.ee\/en\/life\/inspiring-stories-told-by-locals\/ronnie-legaspi\/\"]}]},{\"@type\":\"ImageObject\",\"inLanguage\":\"en-US\",\"@id\":\"https:\/\/parnumaa.ee\/en\/life\/inspiring-stories-told-by-locals\/ronnie-legaspi\/#primaryimage\",\"url\":\"https:\/\/parnumaa.ee\/wp-content\/uploads\/2023\/05\/Ronnie.jpg\",\"contentUrl\":\"https:\/\/parnumaa.ee\/wp-content\/uploads\/2023\/05\/Ronnie.jpg\",\"width\":2048,\"height\":1536},{\"@type\":\"BreadcrumbList\",\"@id\":\"https:\/\/parnumaa.ee\/en\/life\/inspiring-stories-told-by-locals\/ronnie-legaspi\/#breadcrumb\",\"itemListElement\":[{\"@type\":\"ListItem\",\"position\":1,\"name\":\"Home\",\"item\":\"https:\/\/parnumaa.ee\/en\/\"},{\"@type\":\"ListItem\",\"position\":2,\"name\":\"Life\",\"item\":\"https:\/\/parnumaa.ee\/en\/life\/\"},{\"@type\":\"ListItem\",\"position\":3,\"name\":\"Inspiring stories told by locals\",\"item\":\"https:\/\/parnumaa.ee\/en\/life\/inspiring-stories-told-by-locals\/\"},{\"@type\":\"ListItem\",\"position\":4,\"name\":\"Ronnie Legaspi\"}]},{\"@type\":\"WebSite\",\"@id\":\"https:\/\/parnumaa.ee\/#website\",\"url\":\"https:\/\/parnumaa.ee\/\",\"name\":\"P\u00e4rnumaa infov\u00e4rav\",\"description\":\"Info P\u00e4rnumaal elamiseks, t\u00f6\u00f6tamiseks ja \u00f5ppimiseks\",\"potentialAction\":[{\"@type\":\"SearchAction\",\"target\":{\"@type\":\"EntryPoint\",\"urlTemplate\":\"https:\/\/parnumaa.ee\/?s={search_term_string}\"},\"query-input\":{\"@type\":\"PropertyValueSpecification\",\"valueRequired\":true,\"valueName\":\"search_term_string\"}}],\"inLanguage\":\"en-US\"}]}<\/script>\n<!-- \/ Yoast SEO plugin. -->","yoast_head_json":{"title":"Ronnie Legaspi - P\u00e4rnumaa infov\u00e4rav","robots":{"index":"index","follow":"follow","max-snippet":"max-snippet:-1","max-image-preview":"max-image-preview:large","max-video-preview":"max-video-preview:-1"},"canonical":"https:\/\/parnumaa.ee\/en\/life\/inspiring-stories-told-by-locals\/ronnie-legaspi\/","og_locale":"en_US","og_type":"article","og_title":"\"Everything here was walkable and safe which made the first few months here an adventure\"","og_description":"I am currently working as a Producer for Gamecan. Gamecan is a game development studio that is building an amazing project with developers from all over the world. We have around 20 different nationalities working together and as a Producer, it is my job to make sure we are able to complete things in a timely manner and within budget.  Being a producer in a game studio, your focus is more about communication, planning, and foresight. You need to be able to catch problems and solve it on the spot. So good verbal, written, and some technical experience is good to have.","og_url":"https:\/\/parnumaa.ee\/en\/life\/inspiring-stories-told-by-locals\/ronnie-legaspi\/","og_site_name":"P\u00e4rnumaa infov\u00e4rav","article_modified_time":"2023-05-16T09:53:09+00:00","og_image":[{"width":2048,"height":1536,"url":"https:\/\/parnumaa.ee\/wp-content\/uploads\/2023\/05\/Ronnie.jpg","type":"image\/jpeg"}],"twitter_card":"summary_large_image","schema":{"@context":"https:\/\/schema.org","@graph":[{"@type":"WebPage","@id":"https:\/\/parnumaa.ee\/en\/life\/inspiring-stories-told-by-locals\/ronnie-legaspi\/","url":"https:\/\/parnumaa.ee\/en\/life\/inspiring-stories-told-by-locals\/ronnie-legaspi\/","name":"Ronnie Legaspi - P\u00e4rnumaa infov\u00e4rav","isPartOf":{"@id":"https:\/\/parnumaa.ee\/#website"},"primaryImageOfPage":{"@id":"https:\/\/parnumaa.ee\/en\/life\/inspiring-stories-told-by-locals\/ronnie-legaspi\/#primaryimage"},"image":{"@id":"https:\/\/parnumaa.ee\/en\/life\/inspiring-stories-told-by-locals\/ronnie-legaspi\/#primaryimage"},"thumbnailUrl":"https:\/\/parnumaa.ee\/wp-content\/uploads\/2023\/05\/Ronnie.jpg","datePublished":"2023-05-05T11:14:03+00:00","dateModified":"2023-05-16T09:53:09+00:00","breadcrumb":{"@id":"https:\/\/parnumaa.ee\/en\/life\/inspiring-stories-told-by-locals\/ronnie-legaspi\/#breadcrumb"},"inLanguage":"en-US","potentialAction":[{"@type":"ReadAction","target":["https:\/\/parnumaa.ee\/en\/life\/inspiring-stories-told-by-locals\/ronnie-legaspi\/"]}]},{"@type":"ImageObject","inLanguage":"en-US","@id":"https:\/\/parnumaa.ee\/en\/life\/inspiring-stories-told-by-locals\/ronnie-legaspi\/#primaryimage","url":"https:\/\/parnumaa.ee\/wp-content\/uploads\/2023\/05\/Ronnie.jpg","contentUrl":"https:\/\/parnumaa.ee\/wp-content\/uploads\/2023\/05\/Ronnie.jpg","width":2048,"height":1536},{"@type":"BreadcrumbList","@id":"https:\/\/parnumaa.ee\/en\/life\/inspiring-stories-told-by-locals\/ronnie-legaspi\/#breadcrumb","itemListElement":[{"@type":"ListItem","position":1,"name":"Home","item":"https:\/\/parnumaa.ee\/en\/"},{"@type":"ListItem","position":2,"name":"Life","item":"https:\/\/parnumaa.ee\/en\/life\/"},{"@type":"ListItem","position":3,"name":"Inspiring stories told by locals","item":"https:\/\/parnumaa.ee\/en\/life\/inspiring-stories-told-by-locals\/"},{"@type":"ListItem","position":4,"name":"Ronnie Legaspi"}]},{"@type":"WebSite","@id":"https:\/\/parnumaa.ee\/#website","url":"https:\/\/parnumaa.ee\/","name":"P\u00e4rnumaa infov\u00e4rav","description":"Info P\u00e4rnumaal elamiseks, t\u00f6\u00f6tamiseks ja \u00f5ppimiseks","potentialAction":[{"@type":"SearchAction","target":{"@type":"EntryPoint","urlTemplate":"https:\/\/parnumaa.ee\/?s={search_term_string}"},"query-input":{"@type":"PropertyValueSpecification","valueRequired":true,"valueName":"search_term_string"}}],"inLanguage":"en-US"}]}},"_links":{"self":[{"href":"https:\/\/parnumaa.ee\/en\/wp-json\/wp\/v2\/pages\/3927802","targetHints":{"allow":["GET"]}}],"collection":[{"href":"https:\/\/parnumaa.ee\/en\/wp-json\/wp\/v2\/pages"}],"about":[{"href":"https:\/\/parnumaa.ee\/en\/wp-json\/wp\/v2\/types\/page"}],"author":[{"embeddable":true,"href":"https:\/\/parnumaa.ee\/en\/wp-json\/wp\/v2\/users\/15"}],"replies":[{"embeddable":true,"href":"https:\/\/parnumaa.ee\/en\/wp-json\/wp\/v2\/comments?post=3927802"}],"version-history":[{"count":0,"href":"https:\/\/parnumaa.ee\/en\/wp-json\/wp\/v2\/pages\/3927802\/revisions"}],"up":[{"embeddable":true,"href":"https:\/\/parnumaa.ee\/en\/wp-json\/wp\/v2\/pages\/1864468"}],"wp:featuredmedia":[{"embeddable":true,"href":"https:\/\/parnumaa.ee\/en\/wp-json\/wp\/v2\/media\/3927808"}],"wp:attachment":[{"href":"https:\/\/parnumaa.ee\/en\/wp-json\/wp\/v2\/media?parent=3927802"}],"curies":[{"name":"wp","href":"https:\/\/api.w.org\/{rel}","templated":true}]}}