{"id":3660820,"date":"2022-02-04T11:35:43","date_gmt":"2022-02-04T09:35:43","guid":{"rendered":"https:\/\/parnumaa.ee\/?page_id=3660820"},"modified":"2022-02-04T15:26:38","modified_gmt":"2022-02-04T13:26:38","slug":"aurelie-desmas","status":"publish","type":"page","link":"https:\/\/parnumaa.ee\/en\/life\/inspiring-stories-told-by-locals\/aurelie-desmas\/","title":{"rendered":"Aur\u00e9lie Desmas"},"content":{"rendered":"","protected":false},"excerpt":{"rendered":"<p>When meeting my husband, who was born in P\u00e4rnu but grew up mostly in Germany, we both agreed we would not get old in New York City and wanted to move back to Europe at some point. When we started considering our options more seriously in 2017, London (where I lived for 5 years prior to New York) was already out of the picture with the whole Brexit, I personally did not want to move back to France and my husband did not want to move back to Germany. The reason being, we had both built our careers in English-speaking environments and we were not sure we would be able to fit in the working culture of our home countries (and our home culture in general as we had both been gone for so long).<\/p>\n<p>We were also considering starting a family so we wanted a place that was safe, affordable and kids friendly. We had come to P\u00e4rnu a few times over a few summers and thought it corresponded to all our requirements so we arranged our work life to be done online, bought a house over a 2-week holiday period, packed everything and moved in November 2019.<\/p>\n","protected":false},"author":15,"featured_media":3660826,"parent":1864468,"menu_order":0,"comment_status":"closed","ping_status":"closed","template":"","meta":{"_acf_changed":false,"footnotes":""},"class_list":["post-3660820","page","type-page","status-publish","has-post-thumbnail","hentry"],"acf":[],"yoast_head":"<!-- This site is optimized with the Yoast SEO plugin v26.6 - https:\/\/yoast.com\/wordpress\/plugins\/seo\/ -->\n<title>Aur\u00e9lie Desmas - P\u00e4rnumaa infov\u00e4rav<\/title>\n<meta name=\"robots\" content=\"index, follow, max-snippet:-1, max-image-preview:large, max-video-preview:-1\" \/>\n<link rel=\"canonical\" href=\"https:\/\/parnumaa.ee\/en\/life\/inspiring-stories-told-by-locals\/aurelie-desmas\/\" \/>\n<meta property=\"og:locale\" content=\"en_US\" \/>\n<meta property=\"og:type\" content=\"article\" \/>\n<meta property=\"og:title\" content=\"&quot;P\u00e4rnu is a city at a human scale and going from one end of the city to the other is not a 3-hour long business&quot;\" \/>\n<meta property=\"og:description\" content=\"When meeting my husband, who was born in P\u00e4rnu but grew up mostly in Germany, we both agreed we would not get old in New York City and wanted to move back to Europe at some point. When we started considering our options more seriously in 2017, London (where I lived for 5 years prior to New York) was already out of the picture with the whole Brexit, I personally did not want to move back to France and my husband did not want to move back to Germany. The reason being, we had both built our careers in English-speaking environments and we were not sure we would be able to fit in the working culture of our home countries (and our home culture in general as we had both been gone for so long).  We were also considering starting a family so we wanted a place that was safe, affordable and kids friendly. We had come to P\u00e4rnu a few times over a few summers and thought it corresponded to all our requirements so we arranged our work life to be done online, bought a house over a 2-week holiday period, packed everything and moved in November 2019.\" \/>\n<meta property=\"og:url\" content=\"https:\/\/parnumaa.ee\/en\/life\/inspiring-stories-told-by-locals\/aurelie-desmas\/\" \/>\n<meta property=\"og:site_name\" content=\"P\u00e4rnumaa infov\u00e4rav\" \/>\n<meta property=\"article:modified_time\" content=\"2022-02-04T13:26:38+00:00\" \/>\n<meta property=\"og:image\" content=\"https:\/\/parnumaa.ee\/wp-content\/uploads\/2022\/02\/Aurelie-scaled-e1643967282721.jpg\" \/>\n\t<meta property=\"og:image:width\" content=\"1601\" \/>\n\t<meta property=\"og:image:height\" content=\"1068\" \/>\n\t<meta property=\"og:image:type\" content=\"image\/jpeg\" \/>\n<meta name=\"twitter:card\" content=\"summary_large_image\" \/>\n<script type=\"application\/ld+json\" class=\"yoast-schema-graph\">{\"@context\":\"https:\/\/schema.org\",\"@graph\":[{\"@type\":\"WebPage\",\"@id\":\"https:\/\/parnumaa.ee\/en\/life\/inspiring-stories-told-by-locals\/aurelie-desmas\/\",\"url\":\"https:\/\/parnumaa.ee\/en\/life\/inspiring-stories-told-by-locals\/aurelie-desmas\/\",\"name\":\"Aur\u00e9lie Desmas - P\u00e4rnumaa infov\u00e4rav\",\"isPartOf\":{\"@id\":\"https:\/\/parnumaa.ee\/#website\"},\"primaryImageOfPage\":{\"@id\":\"https:\/\/parnumaa.ee\/en\/life\/inspiring-stories-told-by-locals\/aurelie-desmas\/#primaryimage\"},\"image\":{\"@id\":\"https:\/\/parnumaa.ee\/en\/life\/inspiring-stories-told-by-locals\/aurelie-desmas\/#primaryimage\"},\"thumbnailUrl\":\"https:\/\/parnumaa.ee\/wp-content\/uploads\/2022\/02\/Aurelie-scaled-e1643967282721.jpg\",\"datePublished\":\"2022-02-04T09:35:43+00:00\",\"dateModified\":\"2022-02-04T13:26:38+00:00\",\"breadcrumb\":{\"@id\":\"https:\/\/parnumaa.ee\/en\/life\/inspiring-stories-told-by-locals\/aurelie-desmas\/#breadcrumb\"},\"inLanguage\":\"en-US\",\"potentialAction\":[{\"@type\":\"ReadAction\",\"target\":[\"https:\/\/parnumaa.ee\/en\/life\/inspiring-stories-told-by-locals\/aurelie-desmas\/\"]}]},{\"@type\":\"ImageObject\",\"inLanguage\":\"en-US\",\"@id\":\"https:\/\/parnumaa.ee\/en\/life\/inspiring-stories-told-by-locals\/aurelie-desmas\/#primaryimage\",\"url\":\"https:\/\/parnumaa.ee\/wp-content\/uploads\/2022\/02\/Aurelie-scaled-e1643967282721.jpg\",\"contentUrl\":\"https:\/\/parnumaa.ee\/wp-content\/uploads\/2022\/02\/Aurelie-scaled-e1643967282721.jpg\",\"width\":1601,\"height\":1068},{\"@type\":\"BreadcrumbList\",\"@id\":\"https:\/\/parnumaa.ee\/en\/life\/inspiring-stories-told-by-locals\/aurelie-desmas\/#breadcrumb\",\"itemListElement\":[{\"@type\":\"ListItem\",\"position\":1,\"name\":\"Home\",\"item\":\"https:\/\/parnumaa.ee\/en\/\"},{\"@type\":\"ListItem\",\"position\":2,\"name\":\"Life\",\"item\":\"https:\/\/parnumaa.ee\/en\/life\/\"},{\"@type\":\"ListItem\",\"position\":3,\"name\":\"Inspiring stories told by locals\",\"item\":\"https:\/\/parnumaa.ee\/en\/life\/inspiring-stories-told-by-locals\/\"},{\"@type\":\"ListItem\",\"position\":4,\"name\":\"Aur\u00e9lie Desmas\"}]},{\"@type\":\"WebSite\",\"@id\":\"https:\/\/parnumaa.ee\/#website\",\"url\":\"https:\/\/parnumaa.ee\/\",\"name\":\"P\u00e4rnumaa infov\u00e4rav\",\"description\":\"Info P\u00e4rnumaal elamiseks, t\u00f6\u00f6tamiseks ja \u00f5ppimiseks\",\"potentialAction\":[{\"@type\":\"SearchAction\",\"target\":{\"@type\":\"EntryPoint\",\"urlTemplate\":\"https:\/\/parnumaa.ee\/?s={search_term_string}\"},\"query-input\":{\"@type\":\"PropertyValueSpecification\",\"valueRequired\":true,\"valueName\":\"search_term_string\"}}],\"inLanguage\":\"en-US\"}]}<\/script>\n<!-- \/ Yoast SEO plugin. -->","yoast_head_json":{"title":"Aur\u00e9lie Desmas - P\u00e4rnumaa infov\u00e4rav","robots":{"index":"index","follow":"follow","max-snippet":"max-snippet:-1","max-image-preview":"max-image-preview:large","max-video-preview":"max-video-preview:-1"},"canonical":"https:\/\/parnumaa.ee\/en\/life\/inspiring-stories-told-by-locals\/aurelie-desmas\/","og_locale":"en_US","og_type":"article","og_title":"\"P\u00e4rnu is a city at a human scale and going from one end of the city to the other is not a 3-hour long business\"","og_description":"When meeting my husband, who was born in P\u00e4rnu but grew up mostly in Germany, we both agreed we would not get old in New York City and wanted to move back to Europe at some point. When we started considering our options more seriously in 2017, London (where I lived for 5 years prior to New York) was already out of the picture with the whole Brexit, I personally did not want to move back to France and my husband did not want to move back to Germany. The reason being, we had both built our careers in English-speaking environments and we were not sure we would be able to fit in the working culture of our home countries (and our home culture in general as we had both been gone for so long).  We were also considering starting a family so we wanted a place that was safe, affordable and kids friendly. We had come to P\u00e4rnu a few times over a few summers and thought it corresponded to all our requirements so we arranged our work life to be done online, bought a house over a 2-week holiday period, packed everything and moved in November 2019.","og_url":"https:\/\/parnumaa.ee\/en\/life\/inspiring-stories-told-by-locals\/aurelie-desmas\/","og_site_name":"P\u00e4rnumaa infov\u00e4rav","article_modified_time":"2022-02-04T13:26:38+00:00","og_image":[{"width":1601,"height":1068,"url":"https:\/\/parnumaa.ee\/wp-content\/uploads\/2022\/02\/Aurelie-scaled-e1643967282721.jpg","type":"image\/jpeg"}],"twitter_card":"summary_large_image","schema":{"@context":"https:\/\/schema.org","@graph":[{"@type":"WebPage","@id":"https:\/\/parnumaa.ee\/en\/life\/inspiring-stories-told-by-locals\/aurelie-desmas\/","url":"https:\/\/parnumaa.ee\/en\/life\/inspiring-stories-told-by-locals\/aurelie-desmas\/","name":"Aur\u00e9lie Desmas - P\u00e4rnumaa infov\u00e4rav","isPartOf":{"@id":"https:\/\/parnumaa.ee\/#website"},"primaryImageOfPage":{"@id":"https:\/\/parnumaa.ee\/en\/life\/inspiring-stories-told-by-locals\/aurelie-desmas\/#primaryimage"},"image":{"@id":"https:\/\/parnumaa.ee\/en\/life\/inspiring-stories-told-by-locals\/aurelie-desmas\/#primaryimage"},"thumbnailUrl":"https:\/\/parnumaa.ee\/wp-content\/uploads\/2022\/02\/Aurelie-scaled-e1643967282721.jpg","datePublished":"2022-02-04T09:35:43+00:00","dateModified":"2022-02-04T13:26:38+00:00","breadcrumb":{"@id":"https:\/\/parnumaa.ee\/en\/life\/inspiring-stories-told-by-locals\/aurelie-desmas\/#breadcrumb"},"inLanguage":"en-US","potentialAction":[{"@type":"ReadAction","target":["https:\/\/parnumaa.ee\/en\/life\/inspiring-stories-told-by-locals\/aurelie-desmas\/"]}]},{"@type":"ImageObject","inLanguage":"en-US","@id":"https:\/\/parnumaa.ee\/en\/life\/inspiring-stories-told-by-locals\/aurelie-desmas\/#primaryimage","url":"https:\/\/parnumaa.ee\/wp-content\/uploads\/2022\/02\/Aurelie-scaled-e1643967282721.jpg","contentUrl":"https:\/\/parnumaa.ee\/wp-content\/uploads\/2022\/02\/Aurelie-scaled-e1643967282721.jpg","width":1601,"height":1068},{"@type":"BreadcrumbList","@id":"https:\/\/parnumaa.ee\/en\/life\/inspiring-stories-told-by-locals\/aurelie-desmas\/#breadcrumb","itemListElement":[{"@type":"ListItem","position":1,"name":"Home","item":"https:\/\/parnumaa.ee\/en\/"},{"@type":"ListItem","position":2,"name":"Life","item":"https:\/\/parnumaa.ee\/en\/life\/"},{"@type":"ListItem","position":3,"name":"Inspiring stories told by locals","item":"https:\/\/parnumaa.ee\/en\/life\/inspiring-stories-told-by-locals\/"},{"@type":"ListItem","position":4,"name":"Aur\u00e9lie Desmas"}]},{"@type":"WebSite","@id":"https:\/\/parnumaa.ee\/#website","url":"https:\/\/parnumaa.ee\/","name":"P\u00e4rnumaa infov\u00e4rav","description":"Info P\u00e4rnumaal elamiseks, t\u00f6\u00f6tamiseks ja \u00f5ppimiseks","potentialAction":[{"@type":"SearchAction","target":{"@type":"EntryPoint","urlTemplate":"https:\/\/parnumaa.ee\/?s={search_term_string}"},"query-input":{"@type":"PropertyValueSpecification","valueRequired":true,"valueName":"search_term_string"}}],"inLanguage":"en-US"}]}},"_links":{"self":[{"href":"https:\/\/parnumaa.ee\/en\/wp-json\/wp\/v2\/pages\/3660820","targetHints":{"allow":["GET"]}}],"collection":[{"href":"https:\/\/parnumaa.ee\/en\/wp-json\/wp\/v2\/pages"}],"about":[{"href":"https:\/\/parnumaa.ee\/en\/wp-json\/wp\/v2\/types\/page"}],"author":[{"embeddable":true,"href":"https:\/\/parnumaa.ee\/en\/wp-json\/wp\/v2\/users\/15"}],"replies":[{"embeddable":true,"href":"https:\/\/parnumaa.ee\/en\/wp-json\/wp\/v2\/comments?post=3660820"}],"version-history":[{"count":0,"href":"https:\/\/parnumaa.ee\/en\/wp-json\/wp\/v2\/pages\/3660820\/revisions"}],"up":[{"embeddable":true,"href":"https:\/\/parnumaa.ee\/en\/wp-json\/wp\/v2\/pages\/1864468"}],"wp:featuredmedia":[{"embeddable":true,"href":"https:\/\/parnumaa.ee\/en\/wp-json\/wp\/v2\/media\/3660826"}],"wp:attachment":[{"href":"https:\/\/parnumaa.ee\/en\/wp-json\/wp\/v2\/media?parent=3660820"}],"curies":[{"name":"wp","href":"https:\/\/api.w.org\/{rel}","templated":true}]}}