{"id":3561053,"date":"2017-07-12T12:33:43","date_gmt":"2017-07-12T12:33:43","guid":{"rendered":"https:\/\/parnumaa.ee\/life\/inspiring-stories-told-by-locals\/kati-ruubel-2\/"},"modified":"2021-06-01T11:03:34","modified_gmt":"2021-06-01T08:03:34","slug":"kati-ruubel","status":"publish","type":"page","link":"https:\/\/parnumaa.ee\/en\/life\/inspiring-stories-told-by-locals\/kati-ruubel\/","title":{"rendered":"Kati Ruubel"},"content":{"rendered":"","protected":false},"excerpt":{"rendered":"<p>I spent my childhood in Tootsi \u2013 a small town in P\u00e4rnu County &#8211; and later moved to P\u00e4rnu when I went to study at Hansa Gymnasium. After graduating from high school I worked at Ammende Villa, but after a while life took me on a journey that ended up at the capital&#8217;s restaurant landscape in Tallinn. It was a truly exciting time \u2013 being the first female manager of the renowned Stenhus Restaurant was definitely the highlight of my career.<\/p>\n<p>When I started my family, I came back to P\u00e4rnu County because the city of P\u00e4rnu seemed ideal for raising children. My husband is also from P\u00e4rnu County and as the surfing fervour has kept him strongly tied to P\u00e4rnu, we spent the weekends here anyway.<\/p>\n<p>P\u00e4rnu is safe and sufficiently versatile, yet still small enough so you can cover distances quickly on a bike. We really enjoy spending time outdoors, which is also made possible by the abundance of local parks.<\/p>\n","protected":false},"author":12,"featured_media":1788249,"parent":1864468,"menu_order":0,"comment_status":"closed","ping_status":"closed","template":"","meta":{"_acf_changed":false,"footnotes":""},"class_list":["post-3561053","page","type-page","status-publish","has-post-thumbnail","hentry"],"acf":[],"yoast_head":"<!-- This site is optimized with the Yoast SEO plugin v26.6 - https:\/\/yoast.com\/wordpress\/plugins\/seo\/ -->\n<title>Kati Ruubel - P\u00e4rnumaa infov\u00e4rav<\/title>\n<meta name=\"robots\" content=\"index, follow, max-snippet:-1, max-image-preview:large, max-video-preview:-1\" \/>\n<link rel=\"canonical\" href=\"https:\/\/parnumaa.ee\/en\/life\/inspiring-stories-told-by-locals\/kati-ruubel\/\" \/>\n<meta property=\"og:locale\" content=\"en_US\" \/>\n<meta property=\"og:type\" content=\"article\" \/>\n<meta property=\"og:title\" content=\"Kati Ruubel - P\u00e4rnumaa infov\u00e4rav\" \/>\n<meta property=\"og:description\" content=\"I spent my childhood in Tootsi \u2013 a small town in P\u00e4rnu County - and later moved to P\u00e4rnu when I went to study at Hansa Gymnasium. After graduating from high school I worked at Ammende Villa, but after a while life took me on a journey that ended up at the capital&#039;s restaurant landscape in Tallinn. It was a truly exciting time \u2013 being the first female manager of the renowned Stenhus Restaurant was definitely the highlight of my career.  When I started my family, I came back to P\u00e4rnu County because the city of P\u00e4rnu seemed ideal for raising children. My husband is also from P\u00e4rnu County and as the surfing fervour has kept him strongly tied to P\u00e4rnu, we spent the weekends here anyway.  P\u00e4rnu is safe and sufficiently versatile, yet still small enough so you can cover distances quickly on a bike. We really enjoy spending time outdoors, which is also made possible by the abundance of local parks.\" \/>\n<meta property=\"og:url\" content=\"https:\/\/parnumaa.ee\/en\/life\/inspiring-stories-told-by-locals\/kati-ruubel\/\" \/>\n<meta property=\"og:site_name\" content=\"P\u00e4rnumaa infov\u00e4rav\" \/>\n<meta property=\"article:modified_time\" content=\"2021-06-01T08:03:34+00:00\" \/>\n<meta property=\"og:image\" content=\"https:\/\/parnumaa.ee\/wp-content\/uploads\/2018\/03\/Kati-Ruubel-print-1024x1024.jpg\" \/>\n\t<meta property=\"og:image:width\" content=\"1024\" \/>\n\t<meta property=\"og:image:height\" content=\"1024\" \/>\n\t<meta property=\"og:image:type\" content=\"image\/jpeg\" \/>\n<meta name=\"twitter:card\" content=\"summary_large_image\" \/>\n<script type=\"application\/ld+json\" class=\"yoast-schema-graph\">{\"@context\":\"https:\/\/schema.org\",\"@graph\":[{\"@type\":\"WebPage\",\"@id\":\"https:\/\/parnumaa.ee\/en\/life\/inspiring-stories-told-by-locals\/kati-ruubel\/\",\"url\":\"https:\/\/parnumaa.ee\/en\/life\/inspiring-stories-told-by-locals\/kati-ruubel\/\",\"name\":\"Kati Ruubel - P\u00e4rnumaa infov\u00e4rav\",\"isPartOf\":{\"@id\":\"https:\/\/parnumaa.ee\/#website\"},\"primaryImageOfPage\":{\"@id\":\"https:\/\/parnumaa.ee\/en\/life\/inspiring-stories-told-by-locals\/kati-ruubel\/#primaryimage\"},\"image\":{\"@id\":\"https:\/\/parnumaa.ee\/en\/life\/inspiring-stories-told-by-locals\/kati-ruubel\/#primaryimage\"},\"thumbnailUrl\":\"https:\/\/parnumaa.ee\/wp-content\/uploads\/2018\/03\/Kati-Ruubel-print.jpg\",\"datePublished\":\"2017-07-12T12:33:43+00:00\",\"dateModified\":\"2021-06-01T08:03:34+00:00\",\"breadcrumb\":{\"@id\":\"https:\/\/parnumaa.ee\/en\/life\/inspiring-stories-told-by-locals\/kati-ruubel\/#breadcrumb\"},\"inLanguage\":\"en-US\",\"potentialAction\":[{\"@type\":\"ReadAction\",\"target\":[\"https:\/\/parnumaa.ee\/en\/life\/inspiring-stories-told-by-locals\/kati-ruubel\/\"]}]},{\"@type\":\"ImageObject\",\"inLanguage\":\"en-US\",\"@id\":\"https:\/\/parnumaa.ee\/en\/life\/inspiring-stories-told-by-locals\/kati-ruubel\/#primaryimage\",\"url\":\"https:\/\/parnumaa.ee\/wp-content\/uploads\/2018\/03\/Kati-Ruubel-print.jpg\",\"contentUrl\":\"https:\/\/parnumaa.ee\/wp-content\/uploads\/2018\/03\/Kati-Ruubel-print.jpg\",\"width\":5000,\"height\":5000},{\"@type\":\"BreadcrumbList\",\"@id\":\"https:\/\/parnumaa.ee\/en\/life\/inspiring-stories-told-by-locals\/kati-ruubel\/#breadcrumb\",\"itemListElement\":[{\"@type\":\"ListItem\",\"position\":1,\"name\":\"Home\",\"item\":\"https:\/\/parnumaa.ee\/en\/\"},{\"@type\":\"ListItem\",\"position\":2,\"name\":\"Life\",\"item\":\"https:\/\/parnumaa.ee\/en\/life\/\"},{\"@type\":\"ListItem\",\"position\":3,\"name\":\"Inspiring stories told by locals\",\"item\":\"https:\/\/parnumaa.ee\/en\/life\/inspiring-stories-told-by-locals\/\"},{\"@type\":\"ListItem\",\"position\":4,\"name\":\"Kati Ruubel\"}]},{\"@type\":\"WebSite\",\"@id\":\"https:\/\/parnumaa.ee\/#website\",\"url\":\"https:\/\/parnumaa.ee\/\",\"name\":\"P\u00e4rnumaa infov\u00e4rav\",\"description\":\"Info P\u00e4rnumaal elamiseks, t\u00f6\u00f6tamiseks ja \u00f5ppimiseks\",\"potentialAction\":[{\"@type\":\"SearchAction\",\"target\":{\"@type\":\"EntryPoint\",\"urlTemplate\":\"https:\/\/parnumaa.ee\/?s={search_term_string}\"},\"query-input\":{\"@type\":\"PropertyValueSpecification\",\"valueRequired\":true,\"valueName\":\"search_term_string\"}}],\"inLanguage\":\"en-US\"}]}<\/script>\n<!-- \/ Yoast SEO plugin. -->","yoast_head_json":{"title":"Kati Ruubel - P\u00e4rnumaa infov\u00e4rav","robots":{"index":"index","follow":"follow","max-snippet":"max-snippet:-1","max-image-preview":"max-image-preview:large","max-video-preview":"max-video-preview:-1"},"canonical":"https:\/\/parnumaa.ee\/en\/life\/inspiring-stories-told-by-locals\/kati-ruubel\/","og_locale":"en_US","og_type":"article","og_title":"Kati Ruubel - P\u00e4rnumaa infov\u00e4rav","og_description":"I spent my childhood in Tootsi \u2013 a small town in P\u00e4rnu County - and later moved to P\u00e4rnu when I went to study at Hansa Gymnasium. After graduating from high school I worked at Ammende Villa, but after a while life took me on a journey that ended up at the capital's restaurant landscape in Tallinn. It was a truly exciting time \u2013 being the first female manager of the renowned Stenhus Restaurant was definitely the highlight of my career.  When I started my family, I came back to P\u00e4rnu County because the city of P\u00e4rnu seemed ideal for raising children. My husband is also from P\u00e4rnu County and as the surfing fervour has kept him strongly tied to P\u00e4rnu, we spent the weekends here anyway.  P\u00e4rnu is safe and sufficiently versatile, yet still small enough so you can cover distances quickly on a bike. We really enjoy spending time outdoors, which is also made possible by the abundance of local parks.","og_url":"https:\/\/parnumaa.ee\/en\/life\/inspiring-stories-told-by-locals\/kati-ruubel\/","og_site_name":"P\u00e4rnumaa infov\u00e4rav","article_modified_time":"2021-06-01T08:03:34+00:00","og_image":[{"width":1024,"height":1024,"url":"https:\/\/parnumaa.ee\/wp-content\/uploads\/2018\/03\/Kati-Ruubel-print-1024x1024.jpg","type":"image\/jpeg"}],"twitter_card":"summary_large_image","schema":{"@context":"https:\/\/schema.org","@graph":[{"@type":"WebPage","@id":"https:\/\/parnumaa.ee\/en\/life\/inspiring-stories-told-by-locals\/kati-ruubel\/","url":"https:\/\/parnumaa.ee\/en\/life\/inspiring-stories-told-by-locals\/kati-ruubel\/","name":"Kati Ruubel - P\u00e4rnumaa infov\u00e4rav","isPartOf":{"@id":"https:\/\/parnumaa.ee\/#website"},"primaryImageOfPage":{"@id":"https:\/\/parnumaa.ee\/en\/life\/inspiring-stories-told-by-locals\/kati-ruubel\/#primaryimage"},"image":{"@id":"https:\/\/parnumaa.ee\/en\/life\/inspiring-stories-told-by-locals\/kati-ruubel\/#primaryimage"},"thumbnailUrl":"https:\/\/parnumaa.ee\/wp-content\/uploads\/2018\/03\/Kati-Ruubel-print.jpg","datePublished":"2017-07-12T12:33:43+00:00","dateModified":"2021-06-01T08:03:34+00:00","breadcrumb":{"@id":"https:\/\/parnumaa.ee\/en\/life\/inspiring-stories-told-by-locals\/kati-ruubel\/#breadcrumb"},"inLanguage":"en-US","potentialAction":[{"@type":"ReadAction","target":["https:\/\/parnumaa.ee\/en\/life\/inspiring-stories-told-by-locals\/kati-ruubel\/"]}]},{"@type":"ImageObject","inLanguage":"en-US","@id":"https:\/\/parnumaa.ee\/en\/life\/inspiring-stories-told-by-locals\/kati-ruubel\/#primaryimage","url":"https:\/\/parnumaa.ee\/wp-content\/uploads\/2018\/03\/Kati-Ruubel-print.jpg","contentUrl":"https:\/\/parnumaa.ee\/wp-content\/uploads\/2018\/03\/Kati-Ruubel-print.jpg","width":5000,"height":5000},{"@type":"BreadcrumbList","@id":"https:\/\/parnumaa.ee\/en\/life\/inspiring-stories-told-by-locals\/kati-ruubel\/#breadcrumb","itemListElement":[{"@type":"ListItem","position":1,"name":"Home","item":"https:\/\/parnumaa.ee\/en\/"},{"@type":"ListItem","position":2,"name":"Life","item":"https:\/\/parnumaa.ee\/en\/life\/"},{"@type":"ListItem","position":3,"name":"Inspiring stories told by locals","item":"https:\/\/parnumaa.ee\/en\/life\/inspiring-stories-told-by-locals\/"},{"@type":"ListItem","position":4,"name":"Kati Ruubel"}]},{"@type":"WebSite","@id":"https:\/\/parnumaa.ee\/#website","url":"https:\/\/parnumaa.ee\/","name":"P\u00e4rnumaa infov\u00e4rav","description":"Info P\u00e4rnumaal elamiseks, t\u00f6\u00f6tamiseks ja \u00f5ppimiseks","potentialAction":[{"@type":"SearchAction","target":{"@type":"EntryPoint","urlTemplate":"https:\/\/parnumaa.ee\/?s={search_term_string}"},"query-input":{"@type":"PropertyValueSpecification","valueRequired":true,"valueName":"search_term_string"}}],"inLanguage":"en-US"}]}},"_links":{"self":[{"href":"https:\/\/parnumaa.ee\/en\/wp-json\/wp\/v2\/pages\/3561053","targetHints":{"allow":["GET"]}}],"collection":[{"href":"https:\/\/parnumaa.ee\/en\/wp-json\/wp\/v2\/pages"}],"about":[{"href":"https:\/\/parnumaa.ee\/en\/wp-json\/wp\/v2\/types\/page"}],"author":[{"embeddable":true,"href":"https:\/\/parnumaa.ee\/en\/wp-json\/wp\/v2\/users\/12"}],"replies":[{"embeddable":true,"href":"https:\/\/parnumaa.ee\/en\/wp-json\/wp\/v2\/comments?post=3561053"}],"version-history":[{"count":0,"href":"https:\/\/parnumaa.ee\/en\/wp-json\/wp\/v2\/pages\/3561053\/revisions"}],"up":[{"embeddable":true,"href":"https:\/\/parnumaa.ee\/en\/wp-json\/wp\/v2\/pages\/1864468"}],"wp:featuredmedia":[{"embeddable":true,"href":"https:\/\/parnumaa.ee\/en\/wp-json\/wp\/v2\/media\/1788249"}],"wp:attachment":[{"href":"https:\/\/parnumaa.ee\/en\/wp-json\/wp\/v2\/media?parent=3561053"}],"curies":[{"name":"wp","href":"https:\/\/api.w.org\/{rel}","templated":true}]}}