{"id":3561046,"date":"2021-06-01T10:15:54","date_gmt":"2021-06-01T07:15:54","guid":{"rendered":"https:\/\/parnumaa.ee\/?page_id=3561046"},"modified":"2021-06-01T10:20:52","modified_gmt":"2021-06-01T07:20:52","slug":"sirje-tammiste","status":"publish","type":"page","link":"https:\/\/parnumaa.ee\/en\/life\/inspiring-stories-told-by-locals\/sirje-tammiste\/","title":{"rendered":"Sirje Tammiste"},"content":{"rendered":"","protected":false},"excerpt":{"rendered":"<p>P\u00e4rnu is the best place for absolutely everything. There is everything an active person of any age needs &#8211; good schools, a theatre, a concert hall, a cinema, gyms, golf and tennis courts\u2026 What I miss is the customers for my business and that is the only reason I work in other cities, mainly in Tallinn, where most of the businesses are situated. As an entrepreneur I have to be where my clients are.<\/p>\n<p>P\u00e4rnu is a wonderful place to live. My work has allowed me to organize my life flexibly and I have remained an inhabitant of P\u00e4rnu. Satisfaction comes from doing the right thing with passion and dedication. Nothing can be achieved in life without hard work, the willingness to commit 110% and constantly learning throughout your life. I&#8217;ve never measured the length of my work days, always trying to do more than is expected of me. I&#8217;ve set goals for myself and not backed off from those, even if they were initially not supported by others.<\/p>\n<p>There are many big and strong companies in P\u00e4rnu where remarkable things can be accomplished. At the same time, it is a lovely safe city where your soul and spirit can rest \u2013 what a truly great value in this busy world!<\/p>\n","protected":false},"author":15,"featured_media":1789973,"parent":1864468,"menu_order":0,"comment_status":"closed","ping_status":"closed","template":"","meta":{"_acf_changed":false,"footnotes":""},"class_list":["post-3561046","page","type-page","status-publish","has-post-thumbnail","hentry"],"acf":[],"yoast_head":"<!-- This site is optimized with the Yoast SEO plugin v26.6 - https:\/\/yoast.com\/wordpress\/plugins\/seo\/ -->\n<title>Sirje Tammiste - P\u00e4rnumaa infov\u00e4rav<\/title>\n<meta name=\"robots\" content=\"index, follow, max-snippet:-1, max-image-preview:large, max-video-preview:-1\" \/>\n<link rel=\"canonical\" href=\"https:\/\/parnumaa.ee\/en\/life\/inspiring-stories-told-by-locals\/sirje-tammiste\/\" \/>\n<meta property=\"og:locale\" content=\"en_US\" \/>\n<meta property=\"og:type\" content=\"article\" \/>\n<meta property=\"og:title\" content=\"Sirje Tammiste - P\u00e4rnumaa infov\u00e4rav\" \/>\n<meta property=\"og:description\" content=\"P\u00e4rnu is the best place for absolutely everything. There is everything an active person of any age needs - good schools, a theatre, a concert hall, a cinema, gyms, golf and tennis courts\u2026 What I miss is the customers for my business and that is the only reason I work in other cities, mainly in Tallinn, where most of the businesses are situated. As an entrepreneur I have to be where my clients are.  P\u00e4rnu is a wonderful place to live. My work has allowed me to organize my life flexibly and I have remained an inhabitant of P\u00e4rnu. Satisfaction comes from doing the right thing with passion and dedication. Nothing can be achieved in life without hard work, the willingness to commit 110% and constantly learning throughout your life. I&#039;ve never measured the length of my work days, always trying to do more than is expected of me. I&#039;ve set goals for myself and not backed off from those, even if they were initially not supported by others.  There are many big and strong companies in P\u00e4rnu where remarkable things can be accomplished. At the same time, it is a lovely safe city where your soul and spirit can rest \u2013 what a truly great value in this busy world!\" \/>\n<meta property=\"og:url\" content=\"https:\/\/parnumaa.ee\/en\/life\/inspiring-stories-told-by-locals\/sirje-tammiste\/\" \/>\n<meta property=\"og:site_name\" content=\"P\u00e4rnumaa infov\u00e4rav\" \/>\n<meta property=\"article:modified_time\" content=\"2021-06-01T07:20:52+00:00\" \/>\n<meta property=\"og:image\" content=\"https:\/\/parnumaa.ee\/wp-content\/uploads\/2019\/05\/Sirje-Tammiste-15-e1622531744158.jpg\" \/>\n\t<meta property=\"og:image:width\" content=\"600\" \/>\n\t<meta property=\"og:image:height\" content=\"400\" \/>\n\t<meta property=\"og:image:type\" content=\"image\/jpeg\" \/>\n<meta name=\"twitter:card\" content=\"summary_large_image\" \/>\n<script type=\"application\/ld+json\" class=\"yoast-schema-graph\">{\"@context\":\"https:\/\/schema.org\",\"@graph\":[{\"@type\":\"WebPage\",\"@id\":\"https:\/\/parnumaa.ee\/en\/life\/inspiring-stories-told-by-locals\/sirje-tammiste\/\",\"url\":\"https:\/\/parnumaa.ee\/en\/life\/inspiring-stories-told-by-locals\/sirje-tammiste\/\",\"name\":\"Sirje Tammiste - P\u00e4rnumaa infov\u00e4rav\",\"isPartOf\":{\"@id\":\"https:\/\/parnumaa.ee\/#website\"},\"primaryImageOfPage\":{\"@id\":\"https:\/\/parnumaa.ee\/en\/life\/inspiring-stories-told-by-locals\/sirje-tammiste\/#primaryimage\"},\"image\":{\"@id\":\"https:\/\/parnumaa.ee\/en\/life\/inspiring-stories-told-by-locals\/sirje-tammiste\/#primaryimage\"},\"thumbnailUrl\":\"https:\/\/parnumaa.ee\/wp-content\/uploads\/2019\/05\/Sirje-Tammiste-15-e1622531744158.jpg\",\"datePublished\":\"2021-06-01T07:15:54+00:00\",\"dateModified\":\"2021-06-01T07:20:52+00:00\",\"breadcrumb\":{\"@id\":\"https:\/\/parnumaa.ee\/en\/life\/inspiring-stories-told-by-locals\/sirje-tammiste\/#breadcrumb\"},\"inLanguage\":\"en-US\",\"potentialAction\":[{\"@type\":\"ReadAction\",\"target\":[\"https:\/\/parnumaa.ee\/en\/life\/inspiring-stories-told-by-locals\/sirje-tammiste\/\"]}]},{\"@type\":\"ImageObject\",\"inLanguage\":\"en-US\",\"@id\":\"https:\/\/parnumaa.ee\/en\/life\/inspiring-stories-told-by-locals\/sirje-tammiste\/#primaryimage\",\"url\":\"https:\/\/parnumaa.ee\/wp-content\/uploads\/2019\/05\/Sirje-Tammiste-15-e1622531744158.jpg\",\"contentUrl\":\"https:\/\/parnumaa.ee\/wp-content\/uploads\/2019\/05\/Sirje-Tammiste-15-e1622531744158.jpg\",\"width\":600,\"height\":400},{\"@type\":\"BreadcrumbList\",\"@id\":\"https:\/\/parnumaa.ee\/en\/life\/inspiring-stories-told-by-locals\/sirje-tammiste\/#breadcrumb\",\"itemListElement\":[{\"@type\":\"ListItem\",\"position\":1,\"name\":\"Home\",\"item\":\"https:\/\/parnumaa.ee\/en\/\"},{\"@type\":\"ListItem\",\"position\":2,\"name\":\"Life\",\"item\":\"https:\/\/parnumaa.ee\/en\/life\/\"},{\"@type\":\"ListItem\",\"position\":3,\"name\":\"Inspiring stories told by locals\",\"item\":\"https:\/\/parnumaa.ee\/en\/life\/inspiring-stories-told-by-locals\/\"},{\"@type\":\"ListItem\",\"position\":4,\"name\":\"Sirje Tammiste\"}]},{\"@type\":\"WebSite\",\"@id\":\"https:\/\/parnumaa.ee\/#website\",\"url\":\"https:\/\/parnumaa.ee\/\",\"name\":\"P\u00e4rnumaa infov\u00e4rav\",\"description\":\"Info P\u00e4rnumaal elamiseks, t\u00f6\u00f6tamiseks ja \u00f5ppimiseks\",\"potentialAction\":[{\"@type\":\"SearchAction\",\"target\":{\"@type\":\"EntryPoint\",\"urlTemplate\":\"https:\/\/parnumaa.ee\/?s={search_term_string}\"},\"query-input\":{\"@type\":\"PropertyValueSpecification\",\"valueRequired\":true,\"valueName\":\"search_term_string\"}}],\"inLanguage\":\"en-US\"}]}<\/script>\n<!-- \/ Yoast SEO plugin. -->","yoast_head_json":{"title":"Sirje Tammiste - P\u00e4rnumaa infov\u00e4rav","robots":{"index":"index","follow":"follow","max-snippet":"max-snippet:-1","max-image-preview":"max-image-preview:large","max-video-preview":"max-video-preview:-1"},"canonical":"https:\/\/parnumaa.ee\/en\/life\/inspiring-stories-told-by-locals\/sirje-tammiste\/","og_locale":"en_US","og_type":"article","og_title":"Sirje Tammiste - P\u00e4rnumaa infov\u00e4rav","og_description":"P\u00e4rnu is the best place for absolutely everything. There is everything an active person of any age needs - good schools, a theatre, a concert hall, a cinema, gyms, golf and tennis courts\u2026 What I miss is the customers for my business and that is the only reason I work in other cities, mainly in Tallinn, where most of the businesses are situated. As an entrepreneur I have to be where my clients are.  P\u00e4rnu is a wonderful place to live. My work has allowed me to organize my life flexibly and I have remained an inhabitant of P\u00e4rnu. Satisfaction comes from doing the right thing with passion and dedication. Nothing can be achieved in life without hard work, the willingness to commit 110% and constantly learning throughout your life. I've never measured the length of my work days, always trying to do more than is expected of me. I've set goals for myself and not backed off from those, even if they were initially not supported by others.  There are many big and strong companies in P\u00e4rnu where remarkable things can be accomplished. At the same time, it is a lovely safe city where your soul and spirit can rest \u2013 what a truly great value in this busy world!","og_url":"https:\/\/parnumaa.ee\/en\/life\/inspiring-stories-told-by-locals\/sirje-tammiste\/","og_site_name":"P\u00e4rnumaa infov\u00e4rav","article_modified_time":"2021-06-01T07:20:52+00:00","og_image":[{"width":600,"height":400,"url":"https:\/\/parnumaa.ee\/wp-content\/uploads\/2019\/05\/Sirje-Tammiste-15-e1622531744158.jpg","type":"image\/jpeg"}],"twitter_card":"summary_large_image","schema":{"@context":"https:\/\/schema.org","@graph":[{"@type":"WebPage","@id":"https:\/\/parnumaa.ee\/en\/life\/inspiring-stories-told-by-locals\/sirje-tammiste\/","url":"https:\/\/parnumaa.ee\/en\/life\/inspiring-stories-told-by-locals\/sirje-tammiste\/","name":"Sirje Tammiste - P\u00e4rnumaa infov\u00e4rav","isPartOf":{"@id":"https:\/\/parnumaa.ee\/#website"},"primaryImageOfPage":{"@id":"https:\/\/parnumaa.ee\/en\/life\/inspiring-stories-told-by-locals\/sirje-tammiste\/#primaryimage"},"image":{"@id":"https:\/\/parnumaa.ee\/en\/life\/inspiring-stories-told-by-locals\/sirje-tammiste\/#primaryimage"},"thumbnailUrl":"https:\/\/parnumaa.ee\/wp-content\/uploads\/2019\/05\/Sirje-Tammiste-15-e1622531744158.jpg","datePublished":"2021-06-01T07:15:54+00:00","dateModified":"2021-06-01T07:20:52+00:00","breadcrumb":{"@id":"https:\/\/parnumaa.ee\/en\/life\/inspiring-stories-told-by-locals\/sirje-tammiste\/#breadcrumb"},"inLanguage":"en-US","potentialAction":[{"@type":"ReadAction","target":["https:\/\/parnumaa.ee\/en\/life\/inspiring-stories-told-by-locals\/sirje-tammiste\/"]}]},{"@type":"ImageObject","inLanguage":"en-US","@id":"https:\/\/parnumaa.ee\/en\/life\/inspiring-stories-told-by-locals\/sirje-tammiste\/#primaryimage","url":"https:\/\/parnumaa.ee\/wp-content\/uploads\/2019\/05\/Sirje-Tammiste-15-e1622531744158.jpg","contentUrl":"https:\/\/parnumaa.ee\/wp-content\/uploads\/2019\/05\/Sirje-Tammiste-15-e1622531744158.jpg","width":600,"height":400},{"@type":"BreadcrumbList","@id":"https:\/\/parnumaa.ee\/en\/life\/inspiring-stories-told-by-locals\/sirje-tammiste\/#breadcrumb","itemListElement":[{"@type":"ListItem","position":1,"name":"Home","item":"https:\/\/parnumaa.ee\/en\/"},{"@type":"ListItem","position":2,"name":"Life","item":"https:\/\/parnumaa.ee\/en\/life\/"},{"@type":"ListItem","position":3,"name":"Inspiring stories told by locals","item":"https:\/\/parnumaa.ee\/en\/life\/inspiring-stories-told-by-locals\/"},{"@type":"ListItem","position":4,"name":"Sirje Tammiste"}]},{"@type":"WebSite","@id":"https:\/\/parnumaa.ee\/#website","url":"https:\/\/parnumaa.ee\/","name":"P\u00e4rnumaa infov\u00e4rav","description":"Info P\u00e4rnumaal elamiseks, t\u00f6\u00f6tamiseks ja \u00f5ppimiseks","potentialAction":[{"@type":"SearchAction","target":{"@type":"EntryPoint","urlTemplate":"https:\/\/parnumaa.ee\/?s={search_term_string}"},"query-input":{"@type":"PropertyValueSpecification","valueRequired":true,"valueName":"search_term_string"}}],"inLanguage":"en-US"}]}},"_links":{"self":[{"href":"https:\/\/parnumaa.ee\/en\/wp-json\/wp\/v2\/pages\/3561046","targetHints":{"allow":["GET"]}}],"collection":[{"href":"https:\/\/parnumaa.ee\/en\/wp-json\/wp\/v2\/pages"}],"about":[{"href":"https:\/\/parnumaa.ee\/en\/wp-json\/wp\/v2\/types\/page"}],"author":[{"embeddable":true,"href":"https:\/\/parnumaa.ee\/en\/wp-json\/wp\/v2\/users\/15"}],"replies":[{"embeddable":true,"href":"https:\/\/parnumaa.ee\/en\/wp-json\/wp\/v2\/comments?post=3561046"}],"version-history":[{"count":0,"href":"https:\/\/parnumaa.ee\/en\/wp-json\/wp\/v2\/pages\/3561046\/revisions"}],"up":[{"embeddable":true,"href":"https:\/\/parnumaa.ee\/en\/wp-json\/wp\/v2\/pages\/1864468"}],"wp:featuredmedia":[{"embeddable":true,"href":"https:\/\/parnumaa.ee\/en\/wp-json\/wp\/v2\/media\/1789973"}],"wp:attachment":[{"href":"https:\/\/parnumaa.ee\/en\/wp-json\/wp\/v2\/media?parent=3561046"}],"curies":[{"name":"wp","href":"https:\/\/api.w.org\/{rel}","templated":true}]}}