{"id":2307591,"date":"2017-06-29T08:16:07","date_gmt":"2017-06-29T05:16:07","guid":{"rendered":"https:\/\/parnumaa.ee\/recreation\/"},"modified":"2021-03-12T11:05:36","modified_gmt":"2021-03-12T09:05:36","slug":"recreation-2","status":"publish","type":"page","link":"https:\/\/parnumaa.ee\/en\/recreation-2\/","title":{"rendered":"copy Recreation"},"content":{"rendered":"<h2 id=\"exciting-activities\">Exciting Activities<\/h2>\n<p>P\u00e4rnu County offers diverse experiences for every season. In summer, you can go water-cycling, water-skiing and banana-boat riding on the P\u00e4rnu River, and try sailing or kayaking on the Gulf of P\u00e4rnu. You can rent kitesurfing equipment at the surf centre and in the winter, there is an open-air ice skating rink operating in the city centre.<\/p>\n<p>All visitors, be they young or mature, are welcome at Valgeranna Adventure Park, Lottemaa Theme Park, Raba5 BMX \/ Skate Park, at auto24ring and karting track. You can admire the local nature while snowshoeing, canoeing or kayaking. The J\u00f5ulum\u00e4e Sports Centre awaits guests to play disc golf in the summer, and to enjoy ski-sledding, tobogganing or sleigh rides in the winter. There are also really excellent golf courses established at the outskirts of the city.<\/p>\n","protected":false},"excerpt":{"rendered":"<p>Exciting Activities P\u00e4rnu County offers diverse experiences for every season. In summer, you can go water-cycling, water-skiing and banana-boat riding on the P\u00e4rnu River, and try sailing or kayaking on the Gulf of P\u00e4rnu. You can rent kitesurfing equipment at the surf centre and in the winter, there is an open-air ice skating rink operating [&hellip;]<\/p>\n","protected":false},"author":12,"featured_media":0,"parent":0,"menu_order":32,"comment_status":"closed","ping_status":"closed","template":"pages\/page-subpage.php","meta":{"_acf_changed":false,"footnotes":""},"class_list":["post-2307591","page","type-page","status-publish","hentry"],"acf":[],"yoast_head":"<!-- This site is optimized with the Yoast SEO plugin v26.6 - https:\/\/yoast.com\/wordpress\/plugins\/seo\/ -->\n<title>copy Recreation - P\u00e4rnumaa infov\u00e4rav<\/title>\n<meta name=\"robots\" content=\"index, follow, max-snippet:-1, max-image-preview:large, max-video-preview:-1\" \/>\n<link rel=\"canonical\" href=\"https:\/\/parnumaa.ee\/en\/recreation-2\/\" \/>\n<meta property=\"og:locale\" content=\"en_US\" \/>\n<meta property=\"og:type\" content=\"article\" \/>\n<meta property=\"og:title\" content=\"copy Recreation - P\u00e4rnumaa infov\u00e4rav\" \/>\n<meta property=\"og:description\" content=\"Exciting Activities P\u00e4rnu County offers diverse experiences for every season. In summer, you can go water-cycling, water-skiing and banana-boat riding on the P\u00e4rnu River, and try sailing or kayaking on the Gulf of P\u00e4rnu. You can rent kitesurfing equipment at the surf centre and in the winter, there is an open-air ice skating rink operating [&hellip;]\" \/>\n<meta property=\"og:url\" content=\"https:\/\/parnumaa.ee\/en\/recreation-2\/\" \/>\n<meta property=\"og:site_name\" content=\"P\u00e4rnumaa infov\u00e4rav\" \/>\n<meta property=\"article:modified_time\" content=\"2021-03-12T09:05:36+00:00\" \/>\n<meta property=\"og:image\" content=\"https:\/\/parnumaa.ee\/wp-content\/uploads\/2021\/10\/Virtsu-9-1-scaled.jpg\" \/>\n\t<meta property=\"og:image:width\" content=\"2560\" \/>\n\t<meta property=\"og:image:height\" content=\"1438\" \/>\n\t<meta property=\"og:image:type\" content=\"image\/jpeg\" \/>\n<meta name=\"twitter:card\" content=\"summary_large_image\" \/>\n<meta name=\"twitter:label1\" content=\"Est. reading time\" \/>\n\t<meta name=\"twitter:data1\" content=\"1 minute\" \/>\n<script type=\"application\/ld+json\" class=\"yoast-schema-graph\">{\"@context\":\"https:\/\/schema.org\",\"@graph\":[{\"@type\":\"WebPage\",\"@id\":\"https:\/\/parnumaa.ee\/en\/recreation-2\/\",\"url\":\"https:\/\/parnumaa.ee\/en\/recreation-2\/\",\"name\":\"copy Recreation - P\u00e4rnumaa infov\u00e4rav\",\"isPartOf\":{\"@id\":\"https:\/\/parnumaa.ee\/#website\"},\"datePublished\":\"2017-06-29T05:16:07+00:00\",\"dateModified\":\"2021-03-12T09:05:36+00:00\",\"breadcrumb\":{\"@id\":\"https:\/\/parnumaa.ee\/en\/recreation-2\/#breadcrumb\"},\"inLanguage\":\"en-US\",\"potentialAction\":[{\"@type\":\"ReadAction\",\"target\":[\"https:\/\/parnumaa.ee\/en\/recreation-2\/\"]}]},{\"@type\":\"BreadcrumbList\",\"@id\":\"https:\/\/parnumaa.ee\/en\/recreation-2\/#breadcrumb\",\"itemListElement\":[{\"@type\":\"ListItem\",\"position\":1,\"name\":\"Home\",\"item\":\"https:\/\/parnumaa.ee\/en\/\"},{\"@type\":\"ListItem\",\"position\":2,\"name\":\"copy Recreation\"}]},{\"@type\":\"WebSite\",\"@id\":\"https:\/\/parnumaa.ee\/#website\",\"url\":\"https:\/\/parnumaa.ee\/\",\"name\":\"P\u00e4rnumaa infov\u00e4rav\",\"description\":\"Info P\u00e4rnumaal elamiseks, t\u00f6\u00f6tamiseks ja \u00f5ppimiseks\",\"potentialAction\":[{\"@type\":\"SearchAction\",\"target\":{\"@type\":\"EntryPoint\",\"urlTemplate\":\"https:\/\/parnumaa.ee\/?s={search_term_string}\"},\"query-input\":{\"@type\":\"PropertyValueSpecification\",\"valueRequired\":true,\"valueName\":\"search_term_string\"}}],\"inLanguage\":\"en-US\"}]}<\/script>\n<!-- \/ Yoast SEO plugin. -->","yoast_head_json":{"title":"copy Recreation - P\u00e4rnumaa infov\u00e4rav","robots":{"index":"index","follow":"follow","max-snippet":"max-snippet:-1","max-image-preview":"max-image-preview:large","max-video-preview":"max-video-preview:-1"},"canonical":"https:\/\/parnumaa.ee\/en\/recreation-2\/","og_locale":"en_US","og_type":"article","og_title":"copy Recreation - P\u00e4rnumaa infov\u00e4rav","og_description":"Exciting Activities P\u00e4rnu County offers diverse experiences for every season. In summer, you can go water-cycling, water-skiing and banana-boat riding on the P\u00e4rnu River, and try sailing or kayaking on the Gulf of P\u00e4rnu. You can rent kitesurfing equipment at the surf centre and in the winter, there is an open-air ice skating rink operating [&hellip;]","og_url":"https:\/\/parnumaa.ee\/en\/recreation-2\/","og_site_name":"P\u00e4rnumaa infov\u00e4rav","article_modified_time":"2021-03-12T09:05:36+00:00","og_image":[{"width":2560,"height":1438,"url":"https:\/\/parnumaa.ee\/wp-content\/uploads\/2021\/10\/Virtsu-9-1-scaled.jpg","type":"image\/jpeg"}],"twitter_card":"summary_large_image","twitter_misc":{"Est. reading time":"1 minute"},"schema":{"@context":"https:\/\/schema.org","@graph":[{"@type":"WebPage","@id":"https:\/\/parnumaa.ee\/en\/recreation-2\/","url":"https:\/\/parnumaa.ee\/en\/recreation-2\/","name":"copy Recreation - P\u00e4rnumaa infov\u00e4rav","isPartOf":{"@id":"https:\/\/parnumaa.ee\/#website"},"datePublished":"2017-06-29T05:16:07+00:00","dateModified":"2021-03-12T09:05:36+00:00","breadcrumb":{"@id":"https:\/\/parnumaa.ee\/en\/recreation-2\/#breadcrumb"},"inLanguage":"en-US","potentialAction":[{"@type":"ReadAction","target":["https:\/\/parnumaa.ee\/en\/recreation-2\/"]}]},{"@type":"BreadcrumbList","@id":"https:\/\/parnumaa.ee\/en\/recreation-2\/#breadcrumb","itemListElement":[{"@type":"ListItem","position":1,"name":"Home","item":"https:\/\/parnumaa.ee\/en\/"},{"@type":"ListItem","position":2,"name":"copy Recreation"}]},{"@type":"WebSite","@id":"https:\/\/parnumaa.ee\/#website","url":"https:\/\/parnumaa.ee\/","name":"P\u00e4rnumaa infov\u00e4rav","description":"Info P\u00e4rnumaal elamiseks, t\u00f6\u00f6tamiseks ja \u00f5ppimiseks","potentialAction":[{"@type":"SearchAction","target":{"@type":"EntryPoint","urlTemplate":"https:\/\/parnumaa.ee\/?s={search_term_string}"},"query-input":{"@type":"PropertyValueSpecification","valueRequired":true,"valueName":"search_term_string"}}],"inLanguage":"en-US"}]}},"_links":{"self":[{"href":"https:\/\/parnumaa.ee\/en\/wp-json\/wp\/v2\/pages\/2307591","targetHints":{"allow":["GET"]}}],"collection":[{"href":"https:\/\/parnumaa.ee\/en\/wp-json\/wp\/v2\/pages"}],"about":[{"href":"https:\/\/parnumaa.ee\/en\/wp-json\/wp\/v2\/types\/page"}],"author":[{"embeddable":true,"href":"https:\/\/parnumaa.ee\/en\/wp-json\/wp\/v2\/users\/12"}],"replies":[{"embeddable":true,"href":"https:\/\/parnumaa.ee\/en\/wp-json\/wp\/v2\/comments?post=2307591"}],"version-history":[{"count":0,"href":"https:\/\/parnumaa.ee\/en\/wp-json\/wp\/v2\/pages\/2307591\/revisions"}],"wp:attachment":[{"href":"https:\/\/parnumaa.ee\/en\/wp-json\/wp\/v2\/media?parent=2307591"}],"curies":[{"name":"wp","href":"https:\/\/api.w.org\/{rel}","templated":true}]}}