{"id":1864937,"date":"2019-12-12T02:25:46","date_gmt":"2019-12-12T00:25:46","guid":{"rendered":"http:\/\/test.brightspark.ee\/parnumaa\/?page_id=1864937"},"modified":"2021-06-01T11:38:20","modified_gmt":"2021-06-01T08:38:20","slug":"eva-laks-and-riivo-kruuse","status":"publish","type":"page","link":"https:\/\/parnumaa.ee\/en\/life\/inspiring-stories-told-by-locals\/eva-laks-and-riivo-kruuse\/","title":{"rendered":"Eva Laks and Riivo Kruuse"},"content":{"rendered":"","protected":false},"excerpt":{"rendered":"<p>I can proudly say that I have been born and raised in P\u00e4rnu County near P\u00e4rnu-Jaagupi. After graduating from the local high school I was able to study abroad and explore the whole wide world, but seven years ago, when my children were born, my life took a sharp turn.<br \/>\nWe decided to enter into a business partnership with Riivo and established our family business, Woodbright O\u00dc, which produces wooden outdoor candles. We started manufacturing in Saku initially, but then moved to P\u00e4rnu County, where we still operate today and where we have also built our home.<\/p>\n<p>Establishing a business and a residence in P\u00e4rnu County was the right choice for us. Here is my hometown where I can escape from the rush of the big city. P\u00e4rnu County is a safer environment for children and the whole family, and everything is well accessible and close by. Businesses also benefit from the excellent location along Via Baltica.<\/p>\n<p>You don&#8217;t have to go far to be successful. You just have to think big and put your plans into action. Living and working in P\u00e4rnu County is indeed less stressful and more satisfying than elsewhere, because you can do what you really like here.<\/p>\n","protected":false},"author":15,"featured_media":1788309,"parent":1864468,"menu_order":100,"comment_status":"closed","ping_status":"closed","template":"","meta":{"_acf_changed":false,"footnotes":""},"class_list":["post-1864937","page","type-page","status-publish","has-post-thumbnail","hentry"],"acf":[],"yoast_head":"<!-- This site is optimized with the Yoast SEO plugin v26.6 - https:\/\/yoast.com\/wordpress\/plugins\/seo\/ -->\n<title>Eva Laks and Riivo Kruuse - P\u00e4rnumaa infov\u00e4rav<\/title>\n<meta name=\"robots\" content=\"index, follow, max-snippet:-1, max-image-preview:large, max-video-preview:-1\" \/>\n<link rel=\"canonical\" href=\"https:\/\/parnumaa.ee\/en\/life\/inspiring-stories-told-by-locals\/eva-laks-and-riivo-kruuse\/\" \/>\n<meta property=\"og:locale\" content=\"en_US\" \/>\n<meta property=\"og:type\" content=\"article\" \/>\n<meta property=\"og:title\" content=\"Eva Laks and Riivo Kruuse - P\u00e4rnumaa infov\u00e4rav\" \/>\n<meta property=\"og:description\" content=\"I can proudly say that I have been born and raised in P\u00e4rnu County near P\u00e4rnu-Jaagupi. After graduating from the local high school I was able to study abroad and explore the whole wide world, but seven years ago, when my children were born, my life took a sharp turn. We decided to enter into a business partnership with Riivo and established our family business, Woodbright O\u00dc, which produces wooden outdoor candles. We started manufacturing in Saku initially, but then moved to P\u00e4rnu County, where we still operate today and where we have also built our home.  Establishing a business and a residence in P\u00e4rnu County was the right choice for us. Here is my hometown where I can escape from the rush of the big city. P\u00e4rnu County is a safer environment for children and the whole family, and everything is well accessible and close by. Businesses also benefit from the excellent location along Via Baltica.  You don&#039;t have to go far to be successful. You just have to think big and put your plans into action. Living and working in P\u00e4rnu County is indeed less stressful and more satisfying than elsewhere, because you can do what you really like here.\" \/>\n<meta property=\"og:url\" content=\"https:\/\/parnumaa.ee\/en\/life\/inspiring-stories-told-by-locals\/eva-laks-and-riivo-kruuse\/\" \/>\n<meta property=\"og:site_name\" content=\"P\u00e4rnumaa infov\u00e4rav\" \/>\n<meta property=\"article:modified_time\" content=\"2021-06-01T08:38:20+00:00\" \/>\n<meta property=\"og:image\" content=\"https:\/\/parnumaa.ee\/wp-content\/uploads\/2018\/04\/Eva-1x1-e1622536691480.jpg\" \/>\n\t<meta property=\"og:image:width\" content=\"600\" \/>\n\t<meta property=\"og:image:height\" content=\"600\" \/>\n\t<meta property=\"og:image:type\" content=\"image\/jpeg\" \/>\n<meta name=\"twitter:card\" content=\"summary_large_image\" \/>\n<script type=\"application\/ld+json\" class=\"yoast-schema-graph\">{\"@context\":\"https:\/\/schema.org\",\"@graph\":[{\"@type\":\"WebPage\",\"@id\":\"https:\/\/parnumaa.ee\/en\/life\/inspiring-stories-told-by-locals\/eva-laks-and-riivo-kruuse\/\",\"url\":\"https:\/\/parnumaa.ee\/en\/life\/inspiring-stories-told-by-locals\/eva-laks-and-riivo-kruuse\/\",\"name\":\"Eva Laks and Riivo Kruuse - P\u00e4rnumaa infov\u00e4rav\",\"isPartOf\":{\"@id\":\"https:\/\/parnumaa.ee\/#website\"},\"primaryImageOfPage\":{\"@id\":\"https:\/\/parnumaa.ee\/en\/life\/inspiring-stories-told-by-locals\/eva-laks-and-riivo-kruuse\/#primaryimage\"},\"image\":{\"@id\":\"https:\/\/parnumaa.ee\/en\/life\/inspiring-stories-told-by-locals\/eva-laks-and-riivo-kruuse\/#primaryimage\"},\"thumbnailUrl\":\"https:\/\/parnumaa.ee\/wp-content\/uploads\/2018\/04\/Eva-1x1-e1622536691480.jpg\",\"datePublished\":\"2019-12-12T00:25:46+00:00\",\"dateModified\":\"2021-06-01T08:38:20+00:00\",\"breadcrumb\":{\"@id\":\"https:\/\/parnumaa.ee\/en\/life\/inspiring-stories-told-by-locals\/eva-laks-and-riivo-kruuse\/#breadcrumb\"},\"inLanguage\":\"en-US\",\"potentialAction\":[{\"@type\":\"ReadAction\",\"target\":[\"https:\/\/parnumaa.ee\/en\/life\/inspiring-stories-told-by-locals\/eva-laks-and-riivo-kruuse\/\"]}]},{\"@type\":\"ImageObject\",\"inLanguage\":\"en-US\",\"@id\":\"https:\/\/parnumaa.ee\/en\/life\/inspiring-stories-told-by-locals\/eva-laks-and-riivo-kruuse\/#primaryimage\",\"url\":\"https:\/\/parnumaa.ee\/wp-content\/uploads\/2018\/04\/Eva-1x1-e1622536691480.jpg\",\"contentUrl\":\"https:\/\/parnumaa.ee\/wp-content\/uploads\/2018\/04\/Eva-1x1-e1622536691480.jpg\",\"width\":600,\"height\":600},{\"@type\":\"BreadcrumbList\",\"@id\":\"https:\/\/parnumaa.ee\/en\/life\/inspiring-stories-told-by-locals\/eva-laks-and-riivo-kruuse\/#breadcrumb\",\"itemListElement\":[{\"@type\":\"ListItem\",\"position\":1,\"name\":\"Home\",\"item\":\"https:\/\/parnumaa.ee\/en\/\"},{\"@type\":\"ListItem\",\"position\":2,\"name\":\"Life\",\"item\":\"https:\/\/parnumaa.ee\/en\/life\/\"},{\"@type\":\"ListItem\",\"position\":3,\"name\":\"Inspiring stories told by locals\",\"item\":\"https:\/\/parnumaa.ee\/en\/life\/inspiring-stories-told-by-locals\/\"},{\"@type\":\"ListItem\",\"position\":4,\"name\":\"Eva Laks and Riivo Kruuse\"}]},{\"@type\":\"WebSite\",\"@id\":\"https:\/\/parnumaa.ee\/#website\",\"url\":\"https:\/\/parnumaa.ee\/\",\"name\":\"P\u00e4rnumaa infov\u00e4rav\",\"description\":\"Info P\u00e4rnumaal elamiseks, t\u00f6\u00f6tamiseks ja \u00f5ppimiseks\",\"potentialAction\":[{\"@type\":\"SearchAction\",\"target\":{\"@type\":\"EntryPoint\",\"urlTemplate\":\"https:\/\/parnumaa.ee\/?s={search_term_string}\"},\"query-input\":{\"@type\":\"PropertyValueSpecification\",\"valueRequired\":true,\"valueName\":\"search_term_string\"}}],\"inLanguage\":\"en-US\"}]}<\/script>\n<!-- \/ Yoast SEO plugin. -->","yoast_head_json":{"title":"Eva Laks and Riivo Kruuse - P\u00e4rnumaa infov\u00e4rav","robots":{"index":"index","follow":"follow","max-snippet":"max-snippet:-1","max-image-preview":"max-image-preview:large","max-video-preview":"max-video-preview:-1"},"canonical":"https:\/\/parnumaa.ee\/en\/life\/inspiring-stories-told-by-locals\/eva-laks-and-riivo-kruuse\/","og_locale":"en_US","og_type":"article","og_title":"Eva Laks and Riivo Kruuse - P\u00e4rnumaa infov\u00e4rav","og_description":"I can proudly say that I have been born and raised in P\u00e4rnu County near P\u00e4rnu-Jaagupi. After graduating from the local high school I was able to study abroad and explore the whole wide world, but seven years ago, when my children were born, my life took a sharp turn. We decided to enter into a business partnership with Riivo and established our family business, Woodbright O\u00dc, which produces wooden outdoor candles. We started manufacturing in Saku initially, but then moved to P\u00e4rnu County, where we still operate today and where we have also built our home.  Establishing a business and a residence in P\u00e4rnu County was the right choice for us. Here is my hometown where I can escape from the rush of the big city. P\u00e4rnu County is a safer environment for children and the whole family, and everything is well accessible and close by. Businesses also benefit from the excellent location along Via Baltica.  You don't have to go far to be successful. You just have to think big and put your plans into action. Living and working in P\u00e4rnu County is indeed less stressful and more satisfying than elsewhere, because you can do what you really like here.","og_url":"https:\/\/parnumaa.ee\/en\/life\/inspiring-stories-told-by-locals\/eva-laks-and-riivo-kruuse\/","og_site_name":"P\u00e4rnumaa infov\u00e4rav","article_modified_time":"2021-06-01T08:38:20+00:00","og_image":[{"width":600,"height":600,"url":"https:\/\/parnumaa.ee\/wp-content\/uploads\/2018\/04\/Eva-1x1-e1622536691480.jpg","type":"image\/jpeg"}],"twitter_card":"summary_large_image","schema":{"@context":"https:\/\/schema.org","@graph":[{"@type":"WebPage","@id":"https:\/\/parnumaa.ee\/en\/life\/inspiring-stories-told-by-locals\/eva-laks-and-riivo-kruuse\/","url":"https:\/\/parnumaa.ee\/en\/life\/inspiring-stories-told-by-locals\/eva-laks-and-riivo-kruuse\/","name":"Eva Laks and Riivo Kruuse - P\u00e4rnumaa infov\u00e4rav","isPartOf":{"@id":"https:\/\/parnumaa.ee\/#website"},"primaryImageOfPage":{"@id":"https:\/\/parnumaa.ee\/en\/life\/inspiring-stories-told-by-locals\/eva-laks-and-riivo-kruuse\/#primaryimage"},"image":{"@id":"https:\/\/parnumaa.ee\/en\/life\/inspiring-stories-told-by-locals\/eva-laks-and-riivo-kruuse\/#primaryimage"},"thumbnailUrl":"https:\/\/parnumaa.ee\/wp-content\/uploads\/2018\/04\/Eva-1x1-e1622536691480.jpg","datePublished":"2019-12-12T00:25:46+00:00","dateModified":"2021-06-01T08:38:20+00:00","breadcrumb":{"@id":"https:\/\/parnumaa.ee\/en\/life\/inspiring-stories-told-by-locals\/eva-laks-and-riivo-kruuse\/#breadcrumb"},"inLanguage":"en-US","potentialAction":[{"@type":"ReadAction","target":["https:\/\/parnumaa.ee\/en\/life\/inspiring-stories-told-by-locals\/eva-laks-and-riivo-kruuse\/"]}]},{"@type":"ImageObject","inLanguage":"en-US","@id":"https:\/\/parnumaa.ee\/en\/life\/inspiring-stories-told-by-locals\/eva-laks-and-riivo-kruuse\/#primaryimage","url":"https:\/\/parnumaa.ee\/wp-content\/uploads\/2018\/04\/Eva-1x1-e1622536691480.jpg","contentUrl":"https:\/\/parnumaa.ee\/wp-content\/uploads\/2018\/04\/Eva-1x1-e1622536691480.jpg","width":600,"height":600},{"@type":"BreadcrumbList","@id":"https:\/\/parnumaa.ee\/en\/life\/inspiring-stories-told-by-locals\/eva-laks-and-riivo-kruuse\/#breadcrumb","itemListElement":[{"@type":"ListItem","position":1,"name":"Home","item":"https:\/\/parnumaa.ee\/en\/"},{"@type":"ListItem","position":2,"name":"Life","item":"https:\/\/parnumaa.ee\/en\/life\/"},{"@type":"ListItem","position":3,"name":"Inspiring stories told by locals","item":"https:\/\/parnumaa.ee\/en\/life\/inspiring-stories-told-by-locals\/"},{"@type":"ListItem","position":4,"name":"Eva Laks and Riivo Kruuse"}]},{"@type":"WebSite","@id":"https:\/\/parnumaa.ee\/#website","url":"https:\/\/parnumaa.ee\/","name":"P\u00e4rnumaa infov\u00e4rav","description":"Info P\u00e4rnumaal elamiseks, t\u00f6\u00f6tamiseks ja \u00f5ppimiseks","potentialAction":[{"@type":"SearchAction","target":{"@type":"EntryPoint","urlTemplate":"https:\/\/parnumaa.ee\/?s={search_term_string}"},"query-input":{"@type":"PropertyValueSpecification","valueRequired":true,"valueName":"search_term_string"}}],"inLanguage":"en-US"}]}},"_links":{"self":[{"href":"https:\/\/parnumaa.ee\/en\/wp-json\/wp\/v2\/pages\/1864937","targetHints":{"allow":["GET"]}}],"collection":[{"href":"https:\/\/parnumaa.ee\/en\/wp-json\/wp\/v2\/pages"}],"about":[{"href":"https:\/\/parnumaa.ee\/en\/wp-json\/wp\/v2\/types\/page"}],"author":[{"embeddable":true,"href":"https:\/\/parnumaa.ee\/en\/wp-json\/wp\/v2\/users\/15"}],"replies":[{"embeddable":true,"href":"https:\/\/parnumaa.ee\/en\/wp-json\/wp\/v2\/comments?post=1864937"}],"version-history":[{"count":0,"href":"https:\/\/parnumaa.ee\/en\/wp-json\/wp\/v2\/pages\/1864937\/revisions"}],"up":[{"embeddable":true,"href":"https:\/\/parnumaa.ee\/en\/wp-json\/wp\/v2\/pages\/1864468"}],"wp:featuredmedia":[{"embeddable":true,"href":"https:\/\/parnumaa.ee\/en\/wp-json\/wp\/v2\/media\/1788309"}],"wp:attachment":[{"href":"https:\/\/parnumaa.ee\/en\/wp-json\/wp\/v2\/media?parent=1864937"}],"curies":[{"name":"wp","href":"https:\/\/api.w.org\/{rel}","templated":true}]}}