{"id":1864926,"date":"2019-12-12T02:08:38","date_gmt":"2019-12-12T00:08:38","guid":{"rendered":"http:\/\/test.brightspark.ee\/parnumaa\/?page_id=1864926"},"modified":"2021-06-01T11:21:20","modified_gmt":"2021-06-01T08:21:20","slug":"katriin-krimm","status":"publish","type":"page","link":"https:\/\/parnumaa.ee\/en\/life\/inspiring-stories-told-by-locals\/katriin-krimm\/","title":{"rendered":"Katriin Krimm"},"content":{"rendered":"","protected":false},"excerpt":{"rendered":"<p>First and foremost, P\u00e4rnu is the best place to live and luxuriate in, because there is no such rush and superficiality you often meet in a big city. The small and nice community here makes you feel like a rightful part of it, not merely another cog in a big wheel. People who value their time and relationships live here. I think the inhabitants of P\u00e4rnu are a very tight-knit bunch of people, and sometimes it can be difficult for a &#8220;newcomer&#8221; to click with the locals and succeed. Rather, the trustworthiness of local people is valued here, and friends are often preferred to cooperate with. On the one hand, it makes an initial entry into the community difficult, but after breaking this barrier you can be sure that the established relationship is permanent. If a person has a sincere, friendly and calm attitude to life, the locals will accept him or her with open arms and great things will be put into motion.<\/p>\n","protected":false},"author":15,"featured_media":1790001,"parent":1864468,"menu_order":0,"comment_status":"closed","ping_status":"closed","template":"","meta":{"_acf_changed":false,"footnotes":""},"class_list":["post-1864926","page","type-page","status-publish","has-post-thumbnail","hentry"],"acf":[],"yoast_head":"<!-- This site is optimized with the Yoast SEO plugin v26.6 - https:\/\/yoast.com\/wordpress\/plugins\/seo\/ -->\n<title>Katriin Krimm - P\u00e4rnumaa infov\u00e4rav<\/title>\n<meta name=\"robots\" content=\"index, follow, max-snippet:-1, max-image-preview:large, max-video-preview:-1\" \/>\n<link rel=\"canonical\" href=\"https:\/\/parnumaa.ee\/en\/life\/inspiring-stories-told-by-locals\/katriin-krimm\/\" \/>\n<meta property=\"og:locale\" content=\"en_US\" \/>\n<meta property=\"og:type\" content=\"article\" \/>\n<meta property=\"og:title\" content=\"Katriin Krimm - P\u00e4rnumaa infov\u00e4rav\" \/>\n<meta property=\"og:description\" content=\"First and foremost, P\u00e4rnu is the best place to live and luxuriate in, because there is no such rush and superficiality you often meet in a big city. The small and nice community here makes you feel like a rightful part of it, not merely another cog in a big wheel. People who value their time and relationships live here. I think the inhabitants of P\u00e4rnu are a very tight-knit bunch of people, and sometimes it can be difficult for a &quot;newcomer&quot; to click with the locals and succeed. Rather, the trustworthiness of local people is valued here, and friends are often preferred to cooperate with. On the one hand, it makes an initial entry into the community difficult, but after breaking this barrier you can be sure that the established relationship is permanent. If a person has a sincere, friendly and calm attitude to life, the locals will accept him or her with open arms and great things will be put into motion.\" \/>\n<meta property=\"og:url\" content=\"https:\/\/parnumaa.ee\/en\/life\/inspiring-stories-told-by-locals\/katriin-krimm\/\" \/>\n<meta property=\"og:site_name\" content=\"P\u00e4rnumaa infov\u00e4rav\" \/>\n<meta property=\"article:modified_time\" content=\"2021-06-01T08:21:20+00:00\" \/>\n<meta property=\"og:image\" content=\"https:\/\/parnumaa.ee\/wp-content\/uploads\/2019\/05\/Katriin-Krimm-3-e1622535619110.jpg\" \/>\n\t<meta property=\"og:image:width\" content=\"600\" \/>\n\t<meta property=\"og:image:height\" content=\"400\" \/>\n\t<meta property=\"og:image:type\" content=\"image\/jpeg\" \/>\n<meta name=\"twitter:card\" content=\"summary_large_image\" \/>\n<script type=\"application\/ld+json\" class=\"yoast-schema-graph\">{\"@context\":\"https:\/\/schema.org\",\"@graph\":[{\"@type\":\"WebPage\",\"@id\":\"https:\/\/parnumaa.ee\/en\/life\/inspiring-stories-told-by-locals\/katriin-krimm\/\",\"url\":\"https:\/\/parnumaa.ee\/en\/life\/inspiring-stories-told-by-locals\/katriin-krimm\/\",\"name\":\"Katriin Krimm - P\u00e4rnumaa infov\u00e4rav\",\"isPartOf\":{\"@id\":\"https:\/\/parnumaa.ee\/#website\"},\"primaryImageOfPage\":{\"@id\":\"https:\/\/parnumaa.ee\/en\/life\/inspiring-stories-told-by-locals\/katriin-krimm\/#primaryimage\"},\"image\":{\"@id\":\"https:\/\/parnumaa.ee\/en\/life\/inspiring-stories-told-by-locals\/katriin-krimm\/#primaryimage\"},\"thumbnailUrl\":\"https:\/\/parnumaa.ee\/wp-content\/uploads\/2019\/05\/Katriin-Krimm-3-e1622535619110.jpg\",\"datePublished\":\"2019-12-12T00:08:38+00:00\",\"dateModified\":\"2021-06-01T08:21:20+00:00\",\"breadcrumb\":{\"@id\":\"https:\/\/parnumaa.ee\/en\/life\/inspiring-stories-told-by-locals\/katriin-krimm\/#breadcrumb\"},\"inLanguage\":\"en-US\",\"potentialAction\":[{\"@type\":\"ReadAction\",\"target\":[\"https:\/\/parnumaa.ee\/en\/life\/inspiring-stories-told-by-locals\/katriin-krimm\/\"]}]},{\"@type\":\"ImageObject\",\"inLanguage\":\"en-US\",\"@id\":\"https:\/\/parnumaa.ee\/en\/life\/inspiring-stories-told-by-locals\/katriin-krimm\/#primaryimage\",\"url\":\"https:\/\/parnumaa.ee\/wp-content\/uploads\/2019\/05\/Katriin-Krimm-3-e1622535619110.jpg\",\"contentUrl\":\"https:\/\/parnumaa.ee\/wp-content\/uploads\/2019\/05\/Katriin-Krimm-3-e1622535619110.jpg\",\"width\":600,\"height\":400},{\"@type\":\"BreadcrumbList\",\"@id\":\"https:\/\/parnumaa.ee\/en\/life\/inspiring-stories-told-by-locals\/katriin-krimm\/#breadcrumb\",\"itemListElement\":[{\"@type\":\"ListItem\",\"position\":1,\"name\":\"Home\",\"item\":\"https:\/\/parnumaa.ee\/en\/\"},{\"@type\":\"ListItem\",\"position\":2,\"name\":\"Life\",\"item\":\"https:\/\/parnumaa.ee\/en\/life\/\"},{\"@type\":\"ListItem\",\"position\":3,\"name\":\"Inspiring stories told by locals\",\"item\":\"https:\/\/parnumaa.ee\/en\/life\/inspiring-stories-told-by-locals\/\"},{\"@type\":\"ListItem\",\"position\":4,\"name\":\"Katriin Krimm\"}]},{\"@type\":\"WebSite\",\"@id\":\"https:\/\/parnumaa.ee\/#website\",\"url\":\"https:\/\/parnumaa.ee\/\",\"name\":\"P\u00e4rnumaa infov\u00e4rav\",\"description\":\"Info P\u00e4rnumaal elamiseks, t\u00f6\u00f6tamiseks ja \u00f5ppimiseks\",\"potentialAction\":[{\"@type\":\"SearchAction\",\"target\":{\"@type\":\"EntryPoint\",\"urlTemplate\":\"https:\/\/parnumaa.ee\/?s={search_term_string}\"},\"query-input\":{\"@type\":\"PropertyValueSpecification\",\"valueRequired\":true,\"valueName\":\"search_term_string\"}}],\"inLanguage\":\"en-US\"}]}<\/script>\n<!-- \/ Yoast SEO plugin. -->","yoast_head_json":{"title":"Katriin Krimm - P\u00e4rnumaa infov\u00e4rav","robots":{"index":"index","follow":"follow","max-snippet":"max-snippet:-1","max-image-preview":"max-image-preview:large","max-video-preview":"max-video-preview:-1"},"canonical":"https:\/\/parnumaa.ee\/en\/life\/inspiring-stories-told-by-locals\/katriin-krimm\/","og_locale":"en_US","og_type":"article","og_title":"Katriin Krimm - P\u00e4rnumaa infov\u00e4rav","og_description":"First and foremost, P\u00e4rnu is the best place to live and luxuriate in, because there is no such rush and superficiality you often meet in a big city. The small and nice community here makes you feel like a rightful part of it, not merely another cog in a big wheel. People who value their time and relationships live here. I think the inhabitants of P\u00e4rnu are a very tight-knit bunch of people, and sometimes it can be difficult for a \"newcomer\" to click with the locals and succeed. Rather, the trustworthiness of local people is valued here, and friends are often preferred to cooperate with. On the one hand, it makes an initial entry into the community difficult, but after breaking this barrier you can be sure that the established relationship is permanent. If a person has a sincere, friendly and calm attitude to life, the locals will accept him or her with open arms and great things will be put into motion.","og_url":"https:\/\/parnumaa.ee\/en\/life\/inspiring-stories-told-by-locals\/katriin-krimm\/","og_site_name":"P\u00e4rnumaa infov\u00e4rav","article_modified_time":"2021-06-01T08:21:20+00:00","og_image":[{"width":600,"height":400,"url":"https:\/\/parnumaa.ee\/wp-content\/uploads\/2019\/05\/Katriin-Krimm-3-e1622535619110.jpg","type":"image\/jpeg"}],"twitter_card":"summary_large_image","schema":{"@context":"https:\/\/schema.org","@graph":[{"@type":"WebPage","@id":"https:\/\/parnumaa.ee\/en\/life\/inspiring-stories-told-by-locals\/katriin-krimm\/","url":"https:\/\/parnumaa.ee\/en\/life\/inspiring-stories-told-by-locals\/katriin-krimm\/","name":"Katriin Krimm - P\u00e4rnumaa infov\u00e4rav","isPartOf":{"@id":"https:\/\/parnumaa.ee\/#website"},"primaryImageOfPage":{"@id":"https:\/\/parnumaa.ee\/en\/life\/inspiring-stories-told-by-locals\/katriin-krimm\/#primaryimage"},"image":{"@id":"https:\/\/parnumaa.ee\/en\/life\/inspiring-stories-told-by-locals\/katriin-krimm\/#primaryimage"},"thumbnailUrl":"https:\/\/parnumaa.ee\/wp-content\/uploads\/2019\/05\/Katriin-Krimm-3-e1622535619110.jpg","datePublished":"2019-12-12T00:08:38+00:00","dateModified":"2021-06-01T08:21:20+00:00","breadcrumb":{"@id":"https:\/\/parnumaa.ee\/en\/life\/inspiring-stories-told-by-locals\/katriin-krimm\/#breadcrumb"},"inLanguage":"en-US","potentialAction":[{"@type":"ReadAction","target":["https:\/\/parnumaa.ee\/en\/life\/inspiring-stories-told-by-locals\/katriin-krimm\/"]}]},{"@type":"ImageObject","inLanguage":"en-US","@id":"https:\/\/parnumaa.ee\/en\/life\/inspiring-stories-told-by-locals\/katriin-krimm\/#primaryimage","url":"https:\/\/parnumaa.ee\/wp-content\/uploads\/2019\/05\/Katriin-Krimm-3-e1622535619110.jpg","contentUrl":"https:\/\/parnumaa.ee\/wp-content\/uploads\/2019\/05\/Katriin-Krimm-3-e1622535619110.jpg","width":600,"height":400},{"@type":"BreadcrumbList","@id":"https:\/\/parnumaa.ee\/en\/life\/inspiring-stories-told-by-locals\/katriin-krimm\/#breadcrumb","itemListElement":[{"@type":"ListItem","position":1,"name":"Home","item":"https:\/\/parnumaa.ee\/en\/"},{"@type":"ListItem","position":2,"name":"Life","item":"https:\/\/parnumaa.ee\/en\/life\/"},{"@type":"ListItem","position":3,"name":"Inspiring stories told by locals","item":"https:\/\/parnumaa.ee\/en\/life\/inspiring-stories-told-by-locals\/"},{"@type":"ListItem","position":4,"name":"Katriin Krimm"}]},{"@type":"WebSite","@id":"https:\/\/parnumaa.ee\/#website","url":"https:\/\/parnumaa.ee\/","name":"P\u00e4rnumaa infov\u00e4rav","description":"Info P\u00e4rnumaal elamiseks, t\u00f6\u00f6tamiseks ja \u00f5ppimiseks","potentialAction":[{"@type":"SearchAction","target":{"@type":"EntryPoint","urlTemplate":"https:\/\/parnumaa.ee\/?s={search_term_string}"},"query-input":{"@type":"PropertyValueSpecification","valueRequired":true,"valueName":"search_term_string"}}],"inLanguage":"en-US"}]}},"_links":{"self":[{"href":"https:\/\/parnumaa.ee\/en\/wp-json\/wp\/v2\/pages\/1864926","targetHints":{"allow":["GET"]}}],"collection":[{"href":"https:\/\/parnumaa.ee\/en\/wp-json\/wp\/v2\/pages"}],"about":[{"href":"https:\/\/parnumaa.ee\/en\/wp-json\/wp\/v2\/types\/page"}],"author":[{"embeddable":true,"href":"https:\/\/parnumaa.ee\/en\/wp-json\/wp\/v2\/users\/15"}],"replies":[{"embeddable":true,"href":"https:\/\/parnumaa.ee\/en\/wp-json\/wp\/v2\/comments?post=1864926"}],"version-history":[{"count":0,"href":"https:\/\/parnumaa.ee\/en\/wp-json\/wp\/v2\/pages\/1864926\/revisions"}],"up":[{"embeddable":true,"href":"https:\/\/parnumaa.ee\/en\/wp-json\/wp\/v2\/pages\/1864468"}],"wp:featuredmedia":[{"embeddable":true,"href":"https:\/\/parnumaa.ee\/en\/wp-json\/wp\/v2\/media\/1790001"}],"wp:attachment":[{"href":"https:\/\/parnumaa.ee\/en\/wp-json\/wp\/v2\/media?parent=1864926"}],"curies":[{"name":"wp","href":"https:\/\/api.w.org\/{rel}","templated":true}]}}