{"id":1864911,"date":"2019-12-12T01:46:36","date_gmt":"2019-12-11T23:46:36","guid":{"rendered":"http:\/\/test.brightspark.ee\/parnumaa\/?page_id=1864911"},"modified":"2021-06-01T11:29:39","modified_gmt":"2021-06-01T08:29:39","slug":"evelyn-eichhorst","status":"publish","type":"page","link":"https:\/\/parnumaa.ee\/en\/life\/inspiring-stories-told-by-locals\/evelyn-eichhorst\/","title":{"rendered":"Evelyn Eichhorst"},"content":{"rendered":"","protected":false},"excerpt":{"rendered":"<p>P\u00e4rnu County is a place where all the different aspects I consider important to a good living environment are combined: a peaceful living environment that encourages entrepreneurship, good and reasonably sized schools for children and kindergartens &#8211; everything is close at hand. Diversity of nature and a range of cool events and entertainment is also a big plus.<\/p>\n<p>P\u00e4rnu County is a place suitable for enterprising and brave people. There are many opportunities for those who want to grow, develop and try new things, and why not make good money. For me, P\u00e4rnu County has always been home. Other places did not even come to mind.<\/p>\n","protected":false},"author":15,"featured_media":1788321,"parent":1864468,"menu_order":0,"comment_status":"closed","ping_status":"closed","template":"","meta":{"_acf_changed":false,"footnotes":""},"class_list":["post-1864911","page","type-page","status-publish","has-post-thumbnail","hentry"],"acf":[],"yoast_head":"<!-- This site is optimized with the Yoast SEO plugin v26.6 - https:\/\/yoast.com\/wordpress\/plugins\/seo\/ -->\n<title>Evelyn Eichhorst - P\u00e4rnumaa infov\u00e4rav<\/title>\n<meta name=\"robots\" content=\"index, follow, max-snippet:-1, max-image-preview:large, max-video-preview:-1\" \/>\n<link rel=\"canonical\" href=\"https:\/\/parnumaa.ee\/en\/life\/inspiring-stories-told-by-locals\/evelyn-eichhorst\/\" \/>\n<meta property=\"og:locale\" content=\"en_US\" \/>\n<meta property=\"og:type\" content=\"article\" \/>\n<meta property=\"og:title\" content=\"Evelyn Eichhorst - P\u00e4rnumaa infov\u00e4rav\" \/>\n<meta property=\"og:description\" content=\"P\u00e4rnu County is a place where all the different aspects I consider important to a good living environment are combined: a peaceful living environment that encourages entrepreneurship, good and reasonably sized schools for children and kindergartens - everything is close at hand. Diversity of nature and a range of cool events and entertainment is also a big plus.  P\u00e4rnu County is a place suitable for enterprising and brave people. There are many opportunities for those who want to grow, develop and try new things, and why not make good money. For me, P\u00e4rnu County has always been home. Other places did not even come to mind.\" \/>\n<meta property=\"og:url\" content=\"https:\/\/parnumaa.ee\/en\/life\/inspiring-stories-told-by-locals\/evelyn-eichhorst\/\" \/>\n<meta property=\"og:site_name\" content=\"P\u00e4rnumaa infov\u00e4rav\" \/>\n<meta property=\"article:modified_time\" content=\"2021-06-01T08:29:39+00:00\" \/>\n<meta property=\"og:image\" content=\"https:\/\/parnumaa.ee\/wp-content\/uploads\/2018\/06\/Evelyn-Eicchorst-1x1-e1622536131560.jpg\" \/>\n\t<meta property=\"og:image:width\" content=\"600\" \/>\n\t<meta property=\"og:image:height\" content=\"600\" \/>\n\t<meta property=\"og:image:type\" content=\"image\/jpeg\" \/>\n<meta name=\"twitter:card\" content=\"summary_large_image\" \/>\n<script type=\"application\/ld+json\" class=\"yoast-schema-graph\">{\"@context\":\"https:\/\/schema.org\",\"@graph\":[{\"@type\":\"WebPage\",\"@id\":\"https:\/\/parnumaa.ee\/en\/life\/inspiring-stories-told-by-locals\/evelyn-eichhorst\/\",\"url\":\"https:\/\/parnumaa.ee\/en\/life\/inspiring-stories-told-by-locals\/evelyn-eichhorst\/\",\"name\":\"Evelyn Eichhorst - P\u00e4rnumaa infov\u00e4rav\",\"isPartOf\":{\"@id\":\"https:\/\/parnumaa.ee\/#website\"},\"primaryImageOfPage\":{\"@id\":\"https:\/\/parnumaa.ee\/en\/life\/inspiring-stories-told-by-locals\/evelyn-eichhorst\/#primaryimage\"},\"image\":{\"@id\":\"https:\/\/parnumaa.ee\/en\/life\/inspiring-stories-told-by-locals\/evelyn-eichhorst\/#primaryimage\"},\"thumbnailUrl\":\"https:\/\/parnumaa.ee\/wp-content\/uploads\/2018\/06\/Evelyn-Eicchorst-1x1-e1622536131560.jpg\",\"datePublished\":\"2019-12-11T23:46:36+00:00\",\"dateModified\":\"2021-06-01T08:29:39+00:00\",\"breadcrumb\":{\"@id\":\"https:\/\/parnumaa.ee\/en\/life\/inspiring-stories-told-by-locals\/evelyn-eichhorst\/#breadcrumb\"},\"inLanguage\":\"en-US\",\"potentialAction\":[{\"@type\":\"ReadAction\",\"target\":[\"https:\/\/parnumaa.ee\/en\/life\/inspiring-stories-told-by-locals\/evelyn-eichhorst\/\"]}]},{\"@type\":\"ImageObject\",\"inLanguage\":\"en-US\",\"@id\":\"https:\/\/parnumaa.ee\/en\/life\/inspiring-stories-told-by-locals\/evelyn-eichhorst\/#primaryimage\",\"url\":\"https:\/\/parnumaa.ee\/wp-content\/uploads\/2018\/06\/Evelyn-Eicchorst-1x1-e1622536131560.jpg\",\"contentUrl\":\"https:\/\/parnumaa.ee\/wp-content\/uploads\/2018\/06\/Evelyn-Eicchorst-1x1-e1622536131560.jpg\",\"width\":600,\"height\":600},{\"@type\":\"BreadcrumbList\",\"@id\":\"https:\/\/parnumaa.ee\/en\/life\/inspiring-stories-told-by-locals\/evelyn-eichhorst\/#breadcrumb\",\"itemListElement\":[{\"@type\":\"ListItem\",\"position\":1,\"name\":\"Home\",\"item\":\"https:\/\/parnumaa.ee\/en\/\"},{\"@type\":\"ListItem\",\"position\":2,\"name\":\"Life\",\"item\":\"https:\/\/parnumaa.ee\/en\/life\/\"},{\"@type\":\"ListItem\",\"position\":3,\"name\":\"Inspiring stories told by locals\",\"item\":\"https:\/\/parnumaa.ee\/en\/life\/inspiring-stories-told-by-locals\/\"},{\"@type\":\"ListItem\",\"position\":4,\"name\":\"Evelyn Eichhorst\"}]},{\"@type\":\"WebSite\",\"@id\":\"https:\/\/parnumaa.ee\/#website\",\"url\":\"https:\/\/parnumaa.ee\/\",\"name\":\"P\u00e4rnumaa infov\u00e4rav\",\"description\":\"Info P\u00e4rnumaal elamiseks, t\u00f6\u00f6tamiseks ja \u00f5ppimiseks\",\"potentialAction\":[{\"@type\":\"SearchAction\",\"target\":{\"@type\":\"EntryPoint\",\"urlTemplate\":\"https:\/\/parnumaa.ee\/?s={search_term_string}\"},\"query-input\":{\"@type\":\"PropertyValueSpecification\",\"valueRequired\":true,\"valueName\":\"search_term_string\"}}],\"inLanguage\":\"en-US\"}]}<\/script>\n<!-- \/ Yoast SEO plugin. -->","yoast_head_json":{"title":"Evelyn Eichhorst - P\u00e4rnumaa infov\u00e4rav","robots":{"index":"index","follow":"follow","max-snippet":"max-snippet:-1","max-image-preview":"max-image-preview:large","max-video-preview":"max-video-preview:-1"},"canonical":"https:\/\/parnumaa.ee\/en\/life\/inspiring-stories-told-by-locals\/evelyn-eichhorst\/","og_locale":"en_US","og_type":"article","og_title":"Evelyn Eichhorst - P\u00e4rnumaa infov\u00e4rav","og_description":"P\u00e4rnu County is a place where all the different aspects I consider important to a good living environment are combined: a peaceful living environment that encourages entrepreneurship, good and reasonably sized schools for children and kindergartens - everything is close at hand. Diversity of nature and a range of cool events and entertainment is also a big plus.  P\u00e4rnu County is a place suitable for enterprising and brave people. There are many opportunities for those who want to grow, develop and try new things, and why not make good money. For me, P\u00e4rnu County has always been home. Other places did not even come to mind.","og_url":"https:\/\/parnumaa.ee\/en\/life\/inspiring-stories-told-by-locals\/evelyn-eichhorst\/","og_site_name":"P\u00e4rnumaa infov\u00e4rav","article_modified_time":"2021-06-01T08:29:39+00:00","og_image":[{"width":600,"height":600,"url":"https:\/\/parnumaa.ee\/wp-content\/uploads\/2018\/06\/Evelyn-Eicchorst-1x1-e1622536131560.jpg","type":"image\/jpeg"}],"twitter_card":"summary_large_image","schema":{"@context":"https:\/\/schema.org","@graph":[{"@type":"WebPage","@id":"https:\/\/parnumaa.ee\/en\/life\/inspiring-stories-told-by-locals\/evelyn-eichhorst\/","url":"https:\/\/parnumaa.ee\/en\/life\/inspiring-stories-told-by-locals\/evelyn-eichhorst\/","name":"Evelyn Eichhorst - P\u00e4rnumaa infov\u00e4rav","isPartOf":{"@id":"https:\/\/parnumaa.ee\/#website"},"primaryImageOfPage":{"@id":"https:\/\/parnumaa.ee\/en\/life\/inspiring-stories-told-by-locals\/evelyn-eichhorst\/#primaryimage"},"image":{"@id":"https:\/\/parnumaa.ee\/en\/life\/inspiring-stories-told-by-locals\/evelyn-eichhorst\/#primaryimage"},"thumbnailUrl":"https:\/\/parnumaa.ee\/wp-content\/uploads\/2018\/06\/Evelyn-Eicchorst-1x1-e1622536131560.jpg","datePublished":"2019-12-11T23:46:36+00:00","dateModified":"2021-06-01T08:29:39+00:00","breadcrumb":{"@id":"https:\/\/parnumaa.ee\/en\/life\/inspiring-stories-told-by-locals\/evelyn-eichhorst\/#breadcrumb"},"inLanguage":"en-US","potentialAction":[{"@type":"ReadAction","target":["https:\/\/parnumaa.ee\/en\/life\/inspiring-stories-told-by-locals\/evelyn-eichhorst\/"]}]},{"@type":"ImageObject","inLanguage":"en-US","@id":"https:\/\/parnumaa.ee\/en\/life\/inspiring-stories-told-by-locals\/evelyn-eichhorst\/#primaryimage","url":"https:\/\/parnumaa.ee\/wp-content\/uploads\/2018\/06\/Evelyn-Eicchorst-1x1-e1622536131560.jpg","contentUrl":"https:\/\/parnumaa.ee\/wp-content\/uploads\/2018\/06\/Evelyn-Eicchorst-1x1-e1622536131560.jpg","width":600,"height":600},{"@type":"BreadcrumbList","@id":"https:\/\/parnumaa.ee\/en\/life\/inspiring-stories-told-by-locals\/evelyn-eichhorst\/#breadcrumb","itemListElement":[{"@type":"ListItem","position":1,"name":"Home","item":"https:\/\/parnumaa.ee\/en\/"},{"@type":"ListItem","position":2,"name":"Life","item":"https:\/\/parnumaa.ee\/en\/life\/"},{"@type":"ListItem","position":3,"name":"Inspiring stories told by locals","item":"https:\/\/parnumaa.ee\/en\/life\/inspiring-stories-told-by-locals\/"},{"@type":"ListItem","position":4,"name":"Evelyn Eichhorst"}]},{"@type":"WebSite","@id":"https:\/\/parnumaa.ee\/#website","url":"https:\/\/parnumaa.ee\/","name":"P\u00e4rnumaa infov\u00e4rav","description":"Info P\u00e4rnumaal elamiseks, t\u00f6\u00f6tamiseks ja \u00f5ppimiseks","potentialAction":[{"@type":"SearchAction","target":{"@type":"EntryPoint","urlTemplate":"https:\/\/parnumaa.ee\/?s={search_term_string}"},"query-input":{"@type":"PropertyValueSpecification","valueRequired":true,"valueName":"search_term_string"}}],"inLanguage":"en-US"}]}},"_links":{"self":[{"href":"https:\/\/parnumaa.ee\/en\/wp-json\/wp\/v2\/pages\/1864911","targetHints":{"allow":["GET"]}}],"collection":[{"href":"https:\/\/parnumaa.ee\/en\/wp-json\/wp\/v2\/pages"}],"about":[{"href":"https:\/\/parnumaa.ee\/en\/wp-json\/wp\/v2\/types\/page"}],"author":[{"embeddable":true,"href":"https:\/\/parnumaa.ee\/en\/wp-json\/wp\/v2\/users\/15"}],"replies":[{"embeddable":true,"href":"https:\/\/parnumaa.ee\/en\/wp-json\/wp\/v2\/comments?post=1864911"}],"version-history":[{"count":0,"href":"https:\/\/parnumaa.ee\/en\/wp-json\/wp\/v2\/pages\/1864911\/revisions"}],"up":[{"embeddable":true,"href":"https:\/\/parnumaa.ee\/en\/wp-json\/wp\/v2\/pages\/1864468"}],"wp:featuredmedia":[{"embeddable":true,"href":"https:\/\/parnumaa.ee\/en\/wp-json\/wp\/v2\/media\/1788321"}],"wp:attachment":[{"href":"https:\/\/parnumaa.ee\/en\/wp-json\/wp\/v2\/media?parent=1864911"}],"curies":[{"name":"wp","href":"https:\/\/api.w.org\/{rel}","templated":true}]}}