{"id":1864907,"date":"2019-12-12T01:41:55","date_gmt":"2019-12-11T23:41:55","guid":{"rendered":"http:\/\/test.brightspark.ee\/parnumaa\/?page_id=1864907"},"modified":"2021-06-01T11:25:12","modified_gmt":"2021-06-01T08:25:12","slug":"kaydi-tomson","status":"publish","type":"page","link":"https:\/\/parnumaa.ee\/en\/life\/inspiring-stories-told-by-locals\/kaydi-tomson\/","title":{"rendered":"Kaydi Tomson"},"content":{"rendered":"","protected":false},"excerpt":{"rendered":"<p>Big cities create a deceptive impression that because they are bigger in size, also bigger things can be done there. Of course, the possibilities of a smaller city are more limited, but in a small town, all actions have more weight, as there are fewer events and things going on, which also makes people more grateful for them from the very start. When you look at cities and distances in the whole wide world, P\u00e4rnu is by far the best place to have your home at. Other cities in Estonia are just as far away from P\u00e4rnu as driving from London suburbs to downtown, for example.<\/p>\n<p>It is just great here in P\u00e4rnu!<\/p>\n","protected":false},"author":15,"featured_media":1789809,"parent":1864468,"menu_order":0,"comment_status":"closed","ping_status":"closed","template":"","meta":{"_acf_changed":false,"footnotes":""},"class_list":["post-1864907","page","type-page","status-publish","has-post-thumbnail","hentry"],"acf":[],"yoast_head":"<!-- This site is optimized with the Yoast SEO plugin v26.6 - https:\/\/yoast.com\/wordpress\/plugins\/seo\/ -->\n<title>Kaydi Tomson - P\u00e4rnumaa infov\u00e4rav<\/title>\n<meta name=\"robots\" content=\"index, follow, max-snippet:-1, max-image-preview:large, max-video-preview:-1\" \/>\n<link rel=\"canonical\" href=\"https:\/\/parnumaa.ee\/en\/life\/inspiring-stories-told-by-locals\/kaydi-tomson\/\" \/>\n<meta property=\"og:locale\" content=\"en_US\" \/>\n<meta property=\"og:type\" content=\"article\" \/>\n<meta property=\"og:title\" content=\"Kaydi Tomson - P\u00e4rnumaa infov\u00e4rav\" \/>\n<meta property=\"og:description\" content=\"Big cities create a deceptive impression that because they are bigger in size, also bigger things can be done there. Of course, the possibilities of a smaller city are more limited, but in a small town, all actions have more weight, as there are fewer events and things going on, which also makes people more grateful for them from the very start. When you look at cities and distances in the whole wide world, P\u00e4rnu is by far the best place to have your home at. Other cities in Estonia are just as far away from P\u00e4rnu as driving from London suburbs to downtown, for example.  It is just great here in P\u00e4rnu!\" \/>\n<meta property=\"og:url\" content=\"https:\/\/parnumaa.ee\/en\/life\/inspiring-stories-told-by-locals\/kaydi-tomson\/\" \/>\n<meta property=\"og:site_name\" content=\"P\u00e4rnumaa infov\u00e4rav\" \/>\n<meta property=\"article:modified_time\" content=\"2021-06-01T08:25:12+00:00\" \/>\n<meta property=\"og:image\" content=\"https:\/\/parnumaa.ee\/wp-content\/uploads\/2019\/04\/Kaydi-Tomson-5-e1622535858160.jpg\" \/>\n\t<meta property=\"og:image:width\" content=\"600\" \/>\n\t<meta property=\"og:image:height\" content=\"400\" \/>\n\t<meta property=\"og:image:type\" content=\"image\/jpeg\" \/>\n<meta name=\"twitter:card\" content=\"summary_large_image\" \/>\n<script type=\"application\/ld+json\" class=\"yoast-schema-graph\">{\"@context\":\"https:\/\/schema.org\",\"@graph\":[{\"@type\":\"WebPage\",\"@id\":\"https:\/\/parnumaa.ee\/en\/life\/inspiring-stories-told-by-locals\/kaydi-tomson\/\",\"url\":\"https:\/\/parnumaa.ee\/en\/life\/inspiring-stories-told-by-locals\/kaydi-tomson\/\",\"name\":\"Kaydi Tomson - P\u00e4rnumaa infov\u00e4rav\",\"isPartOf\":{\"@id\":\"https:\/\/parnumaa.ee\/#website\"},\"primaryImageOfPage\":{\"@id\":\"https:\/\/parnumaa.ee\/en\/life\/inspiring-stories-told-by-locals\/kaydi-tomson\/#primaryimage\"},\"image\":{\"@id\":\"https:\/\/parnumaa.ee\/en\/life\/inspiring-stories-told-by-locals\/kaydi-tomson\/#primaryimage\"},\"thumbnailUrl\":\"https:\/\/parnumaa.ee\/wp-content\/uploads\/2019\/04\/Kaydi-Tomson-5-e1622535858160.jpg\",\"datePublished\":\"2019-12-11T23:41:55+00:00\",\"dateModified\":\"2021-06-01T08:25:12+00:00\",\"breadcrumb\":{\"@id\":\"https:\/\/parnumaa.ee\/en\/life\/inspiring-stories-told-by-locals\/kaydi-tomson\/#breadcrumb\"},\"inLanguage\":\"en-US\",\"potentialAction\":[{\"@type\":\"ReadAction\",\"target\":[\"https:\/\/parnumaa.ee\/en\/life\/inspiring-stories-told-by-locals\/kaydi-tomson\/\"]}]},{\"@type\":\"ImageObject\",\"inLanguage\":\"en-US\",\"@id\":\"https:\/\/parnumaa.ee\/en\/life\/inspiring-stories-told-by-locals\/kaydi-tomson\/#primaryimage\",\"url\":\"https:\/\/parnumaa.ee\/wp-content\/uploads\/2019\/04\/Kaydi-Tomson-5-e1622535858160.jpg\",\"contentUrl\":\"https:\/\/parnumaa.ee\/wp-content\/uploads\/2019\/04\/Kaydi-Tomson-5-e1622535858160.jpg\",\"width\":600,\"height\":400},{\"@type\":\"BreadcrumbList\",\"@id\":\"https:\/\/parnumaa.ee\/en\/life\/inspiring-stories-told-by-locals\/kaydi-tomson\/#breadcrumb\",\"itemListElement\":[{\"@type\":\"ListItem\",\"position\":1,\"name\":\"Home\",\"item\":\"https:\/\/parnumaa.ee\/en\/\"},{\"@type\":\"ListItem\",\"position\":2,\"name\":\"Life\",\"item\":\"https:\/\/parnumaa.ee\/en\/life\/\"},{\"@type\":\"ListItem\",\"position\":3,\"name\":\"Inspiring stories told by locals\",\"item\":\"https:\/\/parnumaa.ee\/en\/life\/inspiring-stories-told-by-locals\/\"},{\"@type\":\"ListItem\",\"position\":4,\"name\":\"Kaydi Tomson\"}]},{\"@type\":\"WebSite\",\"@id\":\"https:\/\/parnumaa.ee\/#website\",\"url\":\"https:\/\/parnumaa.ee\/\",\"name\":\"P\u00e4rnumaa infov\u00e4rav\",\"description\":\"Info P\u00e4rnumaal elamiseks, t\u00f6\u00f6tamiseks ja \u00f5ppimiseks\",\"potentialAction\":[{\"@type\":\"SearchAction\",\"target\":{\"@type\":\"EntryPoint\",\"urlTemplate\":\"https:\/\/parnumaa.ee\/?s={search_term_string}\"},\"query-input\":{\"@type\":\"PropertyValueSpecification\",\"valueRequired\":true,\"valueName\":\"search_term_string\"}}],\"inLanguage\":\"en-US\"}]}<\/script>\n<!-- \/ Yoast SEO plugin. -->","yoast_head_json":{"title":"Kaydi Tomson - P\u00e4rnumaa infov\u00e4rav","robots":{"index":"index","follow":"follow","max-snippet":"max-snippet:-1","max-image-preview":"max-image-preview:large","max-video-preview":"max-video-preview:-1"},"canonical":"https:\/\/parnumaa.ee\/en\/life\/inspiring-stories-told-by-locals\/kaydi-tomson\/","og_locale":"en_US","og_type":"article","og_title":"Kaydi Tomson - P\u00e4rnumaa infov\u00e4rav","og_description":"Big cities create a deceptive impression that because they are bigger in size, also bigger things can be done there. Of course, the possibilities of a smaller city are more limited, but in a small town, all actions have more weight, as there are fewer events and things going on, which also makes people more grateful for them from the very start. When you look at cities and distances in the whole wide world, P\u00e4rnu is by far the best place to have your home at. Other cities in Estonia are just as far away from P\u00e4rnu as driving from London suburbs to downtown, for example.  It is just great here in P\u00e4rnu!","og_url":"https:\/\/parnumaa.ee\/en\/life\/inspiring-stories-told-by-locals\/kaydi-tomson\/","og_site_name":"P\u00e4rnumaa infov\u00e4rav","article_modified_time":"2021-06-01T08:25:12+00:00","og_image":[{"width":600,"height":400,"url":"https:\/\/parnumaa.ee\/wp-content\/uploads\/2019\/04\/Kaydi-Tomson-5-e1622535858160.jpg","type":"image\/jpeg"}],"twitter_card":"summary_large_image","schema":{"@context":"https:\/\/schema.org","@graph":[{"@type":"WebPage","@id":"https:\/\/parnumaa.ee\/en\/life\/inspiring-stories-told-by-locals\/kaydi-tomson\/","url":"https:\/\/parnumaa.ee\/en\/life\/inspiring-stories-told-by-locals\/kaydi-tomson\/","name":"Kaydi Tomson - P\u00e4rnumaa infov\u00e4rav","isPartOf":{"@id":"https:\/\/parnumaa.ee\/#website"},"primaryImageOfPage":{"@id":"https:\/\/parnumaa.ee\/en\/life\/inspiring-stories-told-by-locals\/kaydi-tomson\/#primaryimage"},"image":{"@id":"https:\/\/parnumaa.ee\/en\/life\/inspiring-stories-told-by-locals\/kaydi-tomson\/#primaryimage"},"thumbnailUrl":"https:\/\/parnumaa.ee\/wp-content\/uploads\/2019\/04\/Kaydi-Tomson-5-e1622535858160.jpg","datePublished":"2019-12-11T23:41:55+00:00","dateModified":"2021-06-01T08:25:12+00:00","breadcrumb":{"@id":"https:\/\/parnumaa.ee\/en\/life\/inspiring-stories-told-by-locals\/kaydi-tomson\/#breadcrumb"},"inLanguage":"en-US","potentialAction":[{"@type":"ReadAction","target":["https:\/\/parnumaa.ee\/en\/life\/inspiring-stories-told-by-locals\/kaydi-tomson\/"]}]},{"@type":"ImageObject","inLanguage":"en-US","@id":"https:\/\/parnumaa.ee\/en\/life\/inspiring-stories-told-by-locals\/kaydi-tomson\/#primaryimage","url":"https:\/\/parnumaa.ee\/wp-content\/uploads\/2019\/04\/Kaydi-Tomson-5-e1622535858160.jpg","contentUrl":"https:\/\/parnumaa.ee\/wp-content\/uploads\/2019\/04\/Kaydi-Tomson-5-e1622535858160.jpg","width":600,"height":400},{"@type":"BreadcrumbList","@id":"https:\/\/parnumaa.ee\/en\/life\/inspiring-stories-told-by-locals\/kaydi-tomson\/#breadcrumb","itemListElement":[{"@type":"ListItem","position":1,"name":"Home","item":"https:\/\/parnumaa.ee\/en\/"},{"@type":"ListItem","position":2,"name":"Life","item":"https:\/\/parnumaa.ee\/en\/life\/"},{"@type":"ListItem","position":3,"name":"Inspiring stories told by locals","item":"https:\/\/parnumaa.ee\/en\/life\/inspiring-stories-told-by-locals\/"},{"@type":"ListItem","position":4,"name":"Kaydi Tomson"}]},{"@type":"WebSite","@id":"https:\/\/parnumaa.ee\/#website","url":"https:\/\/parnumaa.ee\/","name":"P\u00e4rnumaa infov\u00e4rav","description":"Info P\u00e4rnumaal elamiseks, t\u00f6\u00f6tamiseks ja \u00f5ppimiseks","potentialAction":[{"@type":"SearchAction","target":{"@type":"EntryPoint","urlTemplate":"https:\/\/parnumaa.ee\/?s={search_term_string}"},"query-input":{"@type":"PropertyValueSpecification","valueRequired":true,"valueName":"search_term_string"}}],"inLanguage":"en-US"}]}},"_links":{"self":[{"href":"https:\/\/parnumaa.ee\/en\/wp-json\/wp\/v2\/pages\/1864907","targetHints":{"allow":["GET"]}}],"collection":[{"href":"https:\/\/parnumaa.ee\/en\/wp-json\/wp\/v2\/pages"}],"about":[{"href":"https:\/\/parnumaa.ee\/en\/wp-json\/wp\/v2\/types\/page"}],"author":[{"embeddable":true,"href":"https:\/\/parnumaa.ee\/en\/wp-json\/wp\/v2\/users\/15"}],"replies":[{"embeddable":true,"href":"https:\/\/parnumaa.ee\/en\/wp-json\/wp\/v2\/comments?post=1864907"}],"version-history":[{"count":0,"href":"https:\/\/parnumaa.ee\/en\/wp-json\/wp\/v2\/pages\/1864907\/revisions"}],"up":[{"embeddable":true,"href":"https:\/\/parnumaa.ee\/en\/wp-json\/wp\/v2\/pages\/1864468"}],"wp:featuredmedia":[{"embeddable":true,"href":"https:\/\/parnumaa.ee\/en\/wp-json\/wp\/v2\/media\/1789809"}],"wp:attachment":[{"href":"https:\/\/parnumaa.ee\/en\/wp-json\/wp\/v2\/media?parent=1864907"}],"curies":[{"name":"wp","href":"https:\/\/api.w.org\/{rel}","templated":true}]}}