{"id":1864557,"date":"2018-12-10T11:07:57","date_gmt":"2018-12-10T09:07:57","guid":{"rendered":"http:\/\/parnumaa.local\/parnumaa-arengustrateegia-2035\/"},"modified":"2021-03-12T11:05:34","modified_gmt":"2021-03-12T09:05:34","slug":"parnu-county-development-strategy","status":"publish","type":"page","link":"https:\/\/parnumaa.ee\/en\/parnu-county-development-strategy\/","title":{"rendered":"P\u00e4rnu County Development Strategy"},"content":{"rendered":"<p><strong>Upon the initiative of the Association of Local Authorities of P\u00e4rnu County, P\u00e4rnu County Development Centre devised the P\u00e4rnu County Development Strategy 2035+ and its appended action plan for the period of 2019-2023.<\/strong><\/p>\n<p>The county&#8217;s development strategy reflects the will of municipalities and their councils and thus of the whole society to ensure better competitiveness of the region through smart specialisation and innovation based entrepreneurship and rapid, balanced and sustainable development.<\/p>\n<p>Along with the renewed development strategy, an action plan was prepared for the implementation of the strategy in the coming years. The action plan reflects the essential and crucial steps needed to be taken to reach the more distant goals, as well as the initiators, partners and provisional implementation time.<\/p>\n<p>The action plan for the coming years has been drafted until 2023, to be annually reviewed and supplemented by the stakeholders. Regarding the technical infrastructure, the action plan was extended until 2025 due to the extensive volumes of preparation and investment required in developing the infrastructure objects.<\/p>\n<p><strong>Publication and Implementation of P\u00e4rnu County\u2019s Development Strategy<\/strong><\/p>\n<p>All seven municipal councils of local authorities in P\u00e4rnu County have approved the development strategy &#8220;P\u00e4rnu County 2035 +&#8221; by passing the following regulations:<\/p>\n<ul>\n<li>L\u00e4\u00e4neranna Municipal Council\u2019s Regulation No 36, on 15.11.18<\/li>\n<li>Saarde Municipal Council\u2019s Regulation No 31, on 28.11.18<\/li>\n<li>P\u00e4rnu City Council\u2019s Regulation No 52, on 29.11.18<\/li>\n<li>H\u00e4\u00e4demeeste Municipal Council\u2019s Regulation No 31, on 29.11.18<\/li>\n<li>P\u00f5hja-P\u00e4rnumaa Municipal Council\u2019s Regulation No 62, on 19.12.18<\/li>\n<li>Kihnu Municipal Council\u2019s Regulation No 17, on 19.12.18<\/li>\n<li>Tori Municipal Council\u2019s Regulation No 44, 20.12.18<\/li>\n<li>Multilateral agreement for implementing the Development Strategy of P\u00e4rnu County 2035 +<\/li>\n<\/ul>\n<p>More detailed information about the Development Strategy of P\u00e4rnu County 2035 + is available at request from the County Development Manager.<\/p>\n<p>&nbsp;<\/p>\n<p><img fetchpriority=\"high\" decoding=\"async\" class=\"alignnone size-medium wp-image-836206\" src=\"https:\/\/test.brightspark.ee\/parnu_infovarav\/wp-content\/uploads\/2018\/12\/Heiki-200x300.jpg\" alt=\"Heiki\" width=\"200\" height=\"300\" \/><\/p>\n<p><strong>Heiki M\u00e4gi<\/strong><\/p>\n<p>County Development Manager<\/p>\n<p>Phone: 504 0491<\/p>\n<p>E-mail: <a href=\"mailto:heiki@parnumaa.ee\">heiki@parnumaa.ee<\/a><\/p>\n<p><strong>\u00a0<\/strong><\/p>\n","protected":false},"excerpt":{"rendered":"<p>Upon the initiative of the Association of Local Authorities of P\u00e4rnu County, P\u00e4rnu County Development Centre devised the P\u00e4rnu County Development Strategy 2035+ and its appended action plan for the period of 2019-2023. The county&#8217;s development strategy reflects the will of municipalities and their councils and thus of the whole society to ensure better competitiveness [&hellip;]<\/p>\n","protected":false},"author":12,"featured_media":0,"parent":0,"menu_order":17,"comment_status":"closed","ping_status":"closed","template":"pages\/page-subpage.php","meta":{"_acf_changed":false,"footnotes":""},"class_list":["post-1864557","page","type-page","status-publish","hentry"],"acf":[],"yoast_head":"<!-- This site is optimized with the Yoast SEO plugin v26.6 - https:\/\/yoast.com\/wordpress\/plugins\/seo\/ -->\n<title>P\u00e4rnu County Development Strategy - P\u00e4rnumaa infov\u00e4rav<\/title>\n<meta name=\"robots\" content=\"index, follow, max-snippet:-1, max-image-preview:large, max-video-preview:-1\" \/>\n<link rel=\"canonical\" href=\"https:\/\/parnumaa.ee\/en\/parnu-county-development-strategy\/\" \/>\n<meta property=\"og:locale\" content=\"en_US\" \/>\n<meta property=\"og:type\" content=\"article\" \/>\n<meta property=\"og:title\" content=\"P\u00e4rnu County Development Strategy - P\u00e4rnumaa infov\u00e4rav\" \/>\n<meta property=\"og:description\" content=\"Upon the initiative of the Association of Local Authorities of P\u00e4rnu County, P\u00e4rnu County Development Centre devised the P\u00e4rnu County Development Strategy 2035+ and its appended action plan for the period of 2019-2023. The county&#8217;s development strategy reflects the will of municipalities and their councils and thus of the whole society to ensure better competitiveness [&hellip;]\" \/>\n<meta property=\"og:url\" content=\"https:\/\/parnumaa.ee\/en\/parnu-county-development-strategy\/\" \/>\n<meta property=\"og:site_name\" content=\"P\u00e4rnumaa infov\u00e4rav\" \/>\n<meta property=\"article:modified_time\" content=\"2021-03-12T09:05:34+00:00\" \/>\n<meta property=\"og:image\" content=\"https:\/\/test.brightspark.ee\/parnu_infovarav\/wp-content\/uploads\/2018\/12\/Heiki-200x300.jpg\" \/>\n<meta name=\"twitter:card\" content=\"summary_large_image\" \/>\n<meta name=\"twitter:label1\" content=\"Est. reading time\" \/>\n\t<meta name=\"twitter:data1\" content=\"1 minute\" \/>\n<script type=\"application\/ld+json\" class=\"yoast-schema-graph\">{\"@context\":\"https:\/\/schema.org\",\"@graph\":[{\"@type\":\"WebPage\",\"@id\":\"https:\/\/parnumaa.ee\/en\/parnu-county-development-strategy\/\",\"url\":\"https:\/\/parnumaa.ee\/en\/parnu-county-development-strategy\/\",\"name\":\"P\u00e4rnu County Development Strategy - P\u00e4rnumaa infov\u00e4rav\",\"isPartOf\":{\"@id\":\"https:\/\/parnumaa.ee\/#website\"},\"primaryImageOfPage\":{\"@id\":\"https:\/\/parnumaa.ee\/en\/parnu-county-development-strategy\/#primaryimage\"},\"image\":{\"@id\":\"https:\/\/parnumaa.ee\/en\/parnu-county-development-strategy\/#primaryimage\"},\"thumbnailUrl\":\"https:\/\/test.brightspark.ee\/parnu_infovarav\/wp-content\/uploads\/2018\/12\/Heiki-200x300.jpg\",\"datePublished\":\"2018-12-10T09:07:57+00:00\",\"dateModified\":\"2021-03-12T09:05:34+00:00\",\"breadcrumb\":{\"@id\":\"https:\/\/parnumaa.ee\/en\/parnu-county-development-strategy\/#breadcrumb\"},\"inLanguage\":\"en-US\",\"potentialAction\":[{\"@type\":\"ReadAction\",\"target\":[\"https:\/\/parnumaa.ee\/en\/parnu-county-development-strategy\/\"]}]},{\"@type\":\"ImageObject\",\"inLanguage\":\"en-US\",\"@id\":\"https:\/\/parnumaa.ee\/en\/parnu-county-development-strategy\/#primaryimage\",\"url\":\"https:\/\/test.brightspark.ee\/parnu_infovarav\/wp-content\/uploads\/2018\/12\/Heiki-200x300.jpg\",\"contentUrl\":\"https:\/\/test.brightspark.ee\/parnu_infovarav\/wp-content\/uploads\/2018\/12\/Heiki-200x300.jpg\"},{\"@type\":\"BreadcrumbList\",\"@id\":\"https:\/\/parnumaa.ee\/en\/parnu-county-development-strategy\/#breadcrumb\",\"itemListElement\":[{\"@type\":\"ListItem\",\"position\":1,\"name\":\"Home\",\"item\":\"https:\/\/parnumaa.ee\/en\/\"},{\"@type\":\"ListItem\",\"position\":2,\"name\":\"P\u00e4rnu County Development Strategy\"}]},{\"@type\":\"WebSite\",\"@id\":\"https:\/\/parnumaa.ee\/#website\",\"url\":\"https:\/\/parnumaa.ee\/\",\"name\":\"P\u00e4rnumaa infov\u00e4rav\",\"description\":\"Info P\u00e4rnumaal elamiseks, t\u00f6\u00f6tamiseks ja \u00f5ppimiseks\",\"potentialAction\":[{\"@type\":\"SearchAction\",\"target\":{\"@type\":\"EntryPoint\",\"urlTemplate\":\"https:\/\/parnumaa.ee\/?s={search_term_string}\"},\"query-input\":{\"@type\":\"PropertyValueSpecification\",\"valueRequired\":true,\"valueName\":\"search_term_string\"}}],\"inLanguage\":\"en-US\"}]}<\/script>\n<!-- \/ Yoast SEO plugin. -->","yoast_head_json":{"title":"P\u00e4rnu County Development Strategy - P\u00e4rnumaa infov\u00e4rav","robots":{"index":"index","follow":"follow","max-snippet":"max-snippet:-1","max-image-preview":"max-image-preview:large","max-video-preview":"max-video-preview:-1"},"canonical":"https:\/\/parnumaa.ee\/en\/parnu-county-development-strategy\/","og_locale":"en_US","og_type":"article","og_title":"P\u00e4rnu County Development Strategy - P\u00e4rnumaa infov\u00e4rav","og_description":"Upon the initiative of the Association of Local Authorities of P\u00e4rnu County, P\u00e4rnu County Development Centre devised the P\u00e4rnu County Development Strategy 2035+ and its appended action plan for the period of 2019-2023. The county&#8217;s development strategy reflects the will of municipalities and their councils and thus of the whole society to ensure better competitiveness [&hellip;]","og_url":"https:\/\/parnumaa.ee\/en\/parnu-county-development-strategy\/","og_site_name":"P\u00e4rnumaa infov\u00e4rav","article_modified_time":"2021-03-12T09:05:34+00:00","og_image":[{"url":"https:\/\/test.brightspark.ee\/parnu_infovarav\/wp-content\/uploads\/2018\/12\/Heiki-200x300.jpg","type":"","width":"","height":""}],"twitter_card":"summary_large_image","twitter_misc":{"Est. reading time":"1 minute"},"schema":{"@context":"https:\/\/schema.org","@graph":[{"@type":"WebPage","@id":"https:\/\/parnumaa.ee\/en\/parnu-county-development-strategy\/","url":"https:\/\/parnumaa.ee\/en\/parnu-county-development-strategy\/","name":"P\u00e4rnu County Development Strategy - P\u00e4rnumaa infov\u00e4rav","isPartOf":{"@id":"https:\/\/parnumaa.ee\/#website"},"primaryImageOfPage":{"@id":"https:\/\/parnumaa.ee\/en\/parnu-county-development-strategy\/#primaryimage"},"image":{"@id":"https:\/\/parnumaa.ee\/en\/parnu-county-development-strategy\/#primaryimage"},"thumbnailUrl":"https:\/\/test.brightspark.ee\/parnu_infovarav\/wp-content\/uploads\/2018\/12\/Heiki-200x300.jpg","datePublished":"2018-12-10T09:07:57+00:00","dateModified":"2021-03-12T09:05:34+00:00","breadcrumb":{"@id":"https:\/\/parnumaa.ee\/en\/parnu-county-development-strategy\/#breadcrumb"},"inLanguage":"en-US","potentialAction":[{"@type":"ReadAction","target":["https:\/\/parnumaa.ee\/en\/parnu-county-development-strategy\/"]}]},{"@type":"ImageObject","inLanguage":"en-US","@id":"https:\/\/parnumaa.ee\/en\/parnu-county-development-strategy\/#primaryimage","url":"https:\/\/test.brightspark.ee\/parnu_infovarav\/wp-content\/uploads\/2018\/12\/Heiki-200x300.jpg","contentUrl":"https:\/\/test.brightspark.ee\/parnu_infovarav\/wp-content\/uploads\/2018\/12\/Heiki-200x300.jpg"},{"@type":"BreadcrumbList","@id":"https:\/\/parnumaa.ee\/en\/parnu-county-development-strategy\/#breadcrumb","itemListElement":[{"@type":"ListItem","position":1,"name":"Home","item":"https:\/\/parnumaa.ee\/en\/"},{"@type":"ListItem","position":2,"name":"P\u00e4rnu County Development Strategy"}]},{"@type":"WebSite","@id":"https:\/\/parnumaa.ee\/#website","url":"https:\/\/parnumaa.ee\/","name":"P\u00e4rnumaa infov\u00e4rav","description":"Info P\u00e4rnumaal elamiseks, t\u00f6\u00f6tamiseks ja \u00f5ppimiseks","potentialAction":[{"@type":"SearchAction","target":{"@type":"EntryPoint","urlTemplate":"https:\/\/parnumaa.ee\/?s={search_term_string}"},"query-input":{"@type":"PropertyValueSpecification","valueRequired":true,"valueName":"search_term_string"}}],"inLanguage":"en-US"}]}},"_links":{"self":[{"href":"https:\/\/parnumaa.ee\/en\/wp-json\/wp\/v2\/pages\/1864557","targetHints":{"allow":["GET"]}}],"collection":[{"href":"https:\/\/parnumaa.ee\/en\/wp-json\/wp\/v2\/pages"}],"about":[{"href":"https:\/\/parnumaa.ee\/en\/wp-json\/wp\/v2\/types\/page"}],"author":[{"embeddable":true,"href":"https:\/\/parnumaa.ee\/en\/wp-json\/wp\/v2\/users\/12"}],"replies":[{"embeddable":true,"href":"https:\/\/parnumaa.ee\/en\/wp-json\/wp\/v2\/comments?post=1864557"}],"version-history":[{"count":0,"href":"https:\/\/parnumaa.ee\/en\/wp-json\/wp\/v2\/pages\/1864557\/revisions"}],"wp:attachment":[{"href":"https:\/\/parnumaa.ee\/en\/wp-json\/wp\/v2\/media?parent=1864557"}],"curies":[{"name":"wp","href":"https:\/\/api.w.org\/{rel}","templated":true}]}}