{"id":1864529,"date":"2018-12-10T10:49:59","date_gmt":"2018-12-10T08:49:59","guid":{"rendered":"http:\/\/parnumaa.local\/parnu-county-development-centre\/inkubaator\/"},"modified":"2021-06-30T17:21:24","modified_gmt":"2021-06-30T14:21:24","slug":"business-incubator","status":"publish","type":"page","link":"https:\/\/parnumaa.ee\/en\/about-us\/business-incubator\/","title":{"rendered":"Business Incubator"},"content":{"rendered":"<p><strong>What is a business incubator?<\/strong><\/p>\n<p>An incubator is a creative and entrepreneurial environment for all businesses &#8211; a place where we help the incubating companies to develop until they are ready to enter the market with their products or services or raise investments for further growth.<\/p>\n<p><strong>Who are welcome to join us?<\/strong><\/p>\n<p>We welcome companies that have a clearly defined business idea and an ambitious business model (registration into the incubator can be done up to 3 years after setting up the company), who wish to develop and find new markets. Preferably, the company to be incubated already has a team in place.<\/p>\n<p><strong>What do we offer?<\/strong><\/p>\n<p>The company that enters the incubator will be offered support at the start-up and growth phases of its business. We will help the company to achieve commercial goals through an individual development and mentoring program that lasts for 24 months. The programme is divided into take-off, growth and export modules, concluding with a review of achievements and setting of further targets.<\/p>\n<p>At the end of the programme, the company has either developed a specific product or service, has a solid client base, a stable revenue stream and a functioning team that is able to support its future operations or the company has raised additional investment to finance its further development still as a start-up.<\/p>\n<p><strong>Where is the incubator located?<\/strong><\/p>\n<p>The incubation programme is currently carried out virtually, by utilising all modern technical means of communication, thus offering the start-up companies and mentors very flexible cooperation opportunities.<\/p>\n<p>More detailed information about the incubation services in P\u00e4rnu County will be provided by our Incubator Project Manager.<\/p>\n<p><img fetchpriority=\"high\" decoding=\"async\" class=\"size-medium wp-image-3317375 alignleft\" src=\"https:\/\/parnumaa.ee\/wp-content\/uploads\/2020\/12\/Kaydi-Tomson-200x300.jpg\" alt=\"\" width=\"200\" height=\"300\" srcset=\"https:\/\/parnumaa.ee\/wp-content\/uploads\/2020\/12\/Kaydi-Tomson-200x300.jpg 200w, https:\/\/parnumaa.ee\/wp-content\/uploads\/2020\/12\/Kaydi-Tomson-683x1024.jpg 683w, https:\/\/parnumaa.ee\/wp-content\/uploads\/2020\/12\/Kaydi-Tomson-768x1151.jpg 768w, https:\/\/parnumaa.ee\/wp-content\/uploads\/2020\/12\/Kaydi-Tomson-1025x1536.jpg 1025w, https:\/\/parnumaa.ee\/wp-content\/uploads\/2020\/12\/Kaydi-Tomson.jpg 1334w\" sizes=\"(max-width: 200px) 100vw, 200px\" \/><strong>Kaydi Tomson<br \/>\n<\/strong>Incubator Project Manager<br \/>\n+372 5650 4164<br \/>\ne-post: kaydi@parnumaa.ee<\/p>\n<p>&nbsp;<\/p>\n<div class=\"entry clearfix\"><\/div>\n","protected":false},"excerpt":{"rendered":"<p>What is a business incubator? An incubator is a creative and entrepreneurial environment for all businesses &#8211; a place where we help the incubating companies to develop until they are ready to enter the market with their products or services or raise investments for further growth. Who are welcome to join us? We welcome companies [&hellip;]<\/p>\n","protected":false},"author":12,"featured_media":0,"parent":1794736,"menu_order":4,"comment_status":"closed","ping_status":"closed","template":"elementor_canvas","meta":{"_acf_changed":false,"footnotes":""},"class_list":["post-1864529","page","type-page","status-publish","hentry"],"acf":[],"yoast_head":"<!-- This site is optimized with the Yoast SEO plugin v26.6 - https:\/\/yoast.com\/wordpress\/plugins\/seo\/ -->\n<title>Business Incubator - P\u00e4rnumaa infov\u00e4rav<\/title>\n<meta name=\"robots\" content=\"index, follow, max-snippet:-1, max-image-preview:large, max-video-preview:-1\" \/>\n<link rel=\"canonical\" href=\"https:\/\/parnumaa.ee\/en\/about-us\/business-incubator\/\" \/>\n<meta property=\"og:locale\" content=\"en_US\" \/>\n<meta property=\"og:type\" content=\"article\" \/>\n<meta property=\"og:title\" content=\"Business Incubator - P\u00e4rnumaa infov\u00e4rav\" \/>\n<meta property=\"og:description\" content=\"What is a business incubator? An incubator is a creative and entrepreneurial environment for all businesses &#8211; a place where we help the incubating companies to develop until they are ready to enter the market with their products or services or raise investments for further growth. Who are welcome to join us? We welcome companies [&hellip;]\" \/>\n<meta property=\"og:url\" content=\"https:\/\/parnumaa.ee\/en\/about-us\/business-incubator\/\" \/>\n<meta property=\"og:site_name\" content=\"P\u00e4rnumaa infov\u00e4rav\" \/>\n<meta property=\"article:modified_time\" content=\"2021-06-30T14:21:24+00:00\" \/>\n<meta property=\"og:image\" content=\"https:\/\/parnumaa.ee\/wp-content\/uploads\/2020\/12\/Kaydi-Tomson-200x300.jpg\" \/>\n<meta name=\"twitter:card\" content=\"summary_large_image\" \/>\n<meta name=\"twitter:label1\" content=\"Est. reading time\" \/>\n\t<meta name=\"twitter:data1\" content=\"1 minute\" \/>\n<script type=\"application\/ld+json\" class=\"yoast-schema-graph\">{\"@context\":\"https:\/\/schema.org\",\"@graph\":[{\"@type\":\"WebPage\",\"@id\":\"https:\/\/parnumaa.ee\/en\/about-us\/business-incubator\/\",\"url\":\"https:\/\/parnumaa.ee\/en\/about-us\/business-incubator\/\",\"name\":\"Business Incubator - P\u00e4rnumaa infov\u00e4rav\",\"isPartOf\":{\"@id\":\"https:\/\/parnumaa.ee\/#website\"},\"primaryImageOfPage\":{\"@id\":\"https:\/\/parnumaa.ee\/en\/about-us\/business-incubator\/#primaryimage\"},\"image\":{\"@id\":\"https:\/\/parnumaa.ee\/en\/about-us\/business-incubator\/#primaryimage\"},\"thumbnailUrl\":\"https:\/\/parnumaa.ee\/wp-content\/uploads\/2020\/12\/Kaydi-Tomson-200x300.jpg\",\"datePublished\":\"2018-12-10T08:49:59+00:00\",\"dateModified\":\"2021-06-30T14:21:24+00:00\",\"breadcrumb\":{\"@id\":\"https:\/\/parnumaa.ee\/en\/about-us\/business-incubator\/#breadcrumb\"},\"inLanguage\":\"en-US\",\"potentialAction\":[{\"@type\":\"ReadAction\",\"target\":[\"https:\/\/parnumaa.ee\/en\/about-us\/business-incubator\/\"]}]},{\"@type\":\"ImageObject\",\"inLanguage\":\"en-US\",\"@id\":\"https:\/\/parnumaa.ee\/en\/about-us\/business-incubator\/#primaryimage\",\"url\":\"https:\/\/parnumaa.ee\/wp-content\/uploads\/2020\/12\/Kaydi-Tomson-200x300.jpg\",\"contentUrl\":\"https:\/\/parnumaa.ee\/wp-content\/uploads\/2020\/12\/Kaydi-Tomson-200x300.jpg\"},{\"@type\":\"BreadcrumbList\",\"@id\":\"https:\/\/parnumaa.ee\/en\/about-us\/business-incubator\/#breadcrumb\",\"itemListElement\":[{\"@type\":\"ListItem\",\"position\":1,\"name\":\"Home\",\"item\":\"https:\/\/parnumaa.ee\/en\/\"},{\"@type\":\"ListItem\",\"position\":2,\"name\":\"About us\",\"item\":\"https:\/\/parnumaa.ee\/en\/about-us\/\"},{\"@type\":\"ListItem\",\"position\":3,\"name\":\"Business Incubator\"}]},{\"@type\":\"WebSite\",\"@id\":\"https:\/\/parnumaa.ee\/#website\",\"url\":\"https:\/\/parnumaa.ee\/\",\"name\":\"P\u00e4rnumaa infov\u00e4rav\",\"description\":\"Info P\u00e4rnumaal elamiseks, t\u00f6\u00f6tamiseks ja \u00f5ppimiseks\",\"potentialAction\":[{\"@type\":\"SearchAction\",\"target\":{\"@type\":\"EntryPoint\",\"urlTemplate\":\"https:\/\/parnumaa.ee\/?s={search_term_string}\"},\"query-input\":{\"@type\":\"PropertyValueSpecification\",\"valueRequired\":true,\"valueName\":\"search_term_string\"}}],\"inLanguage\":\"en-US\"}]}<\/script>\n<!-- \/ Yoast SEO plugin. -->","yoast_head_json":{"title":"Business Incubator - P\u00e4rnumaa infov\u00e4rav","robots":{"index":"index","follow":"follow","max-snippet":"max-snippet:-1","max-image-preview":"max-image-preview:large","max-video-preview":"max-video-preview:-1"},"canonical":"https:\/\/parnumaa.ee\/en\/about-us\/business-incubator\/","og_locale":"en_US","og_type":"article","og_title":"Business Incubator - P\u00e4rnumaa infov\u00e4rav","og_description":"What is a business incubator? An incubator is a creative and entrepreneurial environment for all businesses &#8211; a place where we help the incubating companies to develop until they are ready to enter the market with their products or services or raise investments for further growth. Who are welcome to join us? We welcome companies [&hellip;]","og_url":"https:\/\/parnumaa.ee\/en\/about-us\/business-incubator\/","og_site_name":"P\u00e4rnumaa infov\u00e4rav","article_modified_time":"2021-06-30T14:21:24+00:00","og_image":[{"url":"https:\/\/parnumaa.ee\/wp-content\/uploads\/2020\/12\/Kaydi-Tomson-200x300.jpg","type":"","width":"","height":""}],"twitter_card":"summary_large_image","twitter_misc":{"Est. reading time":"1 minute"},"schema":{"@context":"https:\/\/schema.org","@graph":[{"@type":"WebPage","@id":"https:\/\/parnumaa.ee\/en\/about-us\/business-incubator\/","url":"https:\/\/parnumaa.ee\/en\/about-us\/business-incubator\/","name":"Business Incubator - P\u00e4rnumaa infov\u00e4rav","isPartOf":{"@id":"https:\/\/parnumaa.ee\/#website"},"primaryImageOfPage":{"@id":"https:\/\/parnumaa.ee\/en\/about-us\/business-incubator\/#primaryimage"},"image":{"@id":"https:\/\/parnumaa.ee\/en\/about-us\/business-incubator\/#primaryimage"},"thumbnailUrl":"https:\/\/parnumaa.ee\/wp-content\/uploads\/2020\/12\/Kaydi-Tomson-200x300.jpg","datePublished":"2018-12-10T08:49:59+00:00","dateModified":"2021-06-30T14:21:24+00:00","breadcrumb":{"@id":"https:\/\/parnumaa.ee\/en\/about-us\/business-incubator\/#breadcrumb"},"inLanguage":"en-US","potentialAction":[{"@type":"ReadAction","target":["https:\/\/parnumaa.ee\/en\/about-us\/business-incubator\/"]}]},{"@type":"ImageObject","inLanguage":"en-US","@id":"https:\/\/parnumaa.ee\/en\/about-us\/business-incubator\/#primaryimage","url":"https:\/\/parnumaa.ee\/wp-content\/uploads\/2020\/12\/Kaydi-Tomson-200x300.jpg","contentUrl":"https:\/\/parnumaa.ee\/wp-content\/uploads\/2020\/12\/Kaydi-Tomson-200x300.jpg"},{"@type":"BreadcrumbList","@id":"https:\/\/parnumaa.ee\/en\/about-us\/business-incubator\/#breadcrumb","itemListElement":[{"@type":"ListItem","position":1,"name":"Home","item":"https:\/\/parnumaa.ee\/en\/"},{"@type":"ListItem","position":2,"name":"About us","item":"https:\/\/parnumaa.ee\/en\/about-us\/"},{"@type":"ListItem","position":3,"name":"Business Incubator"}]},{"@type":"WebSite","@id":"https:\/\/parnumaa.ee\/#website","url":"https:\/\/parnumaa.ee\/","name":"P\u00e4rnumaa infov\u00e4rav","description":"Info P\u00e4rnumaal elamiseks, t\u00f6\u00f6tamiseks ja \u00f5ppimiseks","potentialAction":[{"@type":"SearchAction","target":{"@type":"EntryPoint","urlTemplate":"https:\/\/parnumaa.ee\/?s={search_term_string}"},"query-input":{"@type":"PropertyValueSpecification","valueRequired":true,"valueName":"search_term_string"}}],"inLanguage":"en-US"}]}},"_links":{"self":[{"href":"https:\/\/parnumaa.ee\/en\/wp-json\/wp\/v2\/pages\/1864529","targetHints":{"allow":["GET"]}}],"collection":[{"href":"https:\/\/parnumaa.ee\/en\/wp-json\/wp\/v2\/pages"}],"about":[{"href":"https:\/\/parnumaa.ee\/en\/wp-json\/wp\/v2\/types\/page"}],"author":[{"embeddable":true,"href":"https:\/\/parnumaa.ee\/en\/wp-json\/wp\/v2\/users\/12"}],"replies":[{"embeddable":true,"href":"https:\/\/parnumaa.ee\/en\/wp-json\/wp\/v2\/comments?post=1864529"}],"version-history":[{"count":0,"href":"https:\/\/parnumaa.ee\/en\/wp-json\/wp\/v2\/pages\/1864529\/revisions"}],"up":[{"embeddable":true,"href":"https:\/\/parnumaa.ee\/en\/wp-json\/wp\/v2\/pages\/1794736"}],"wp:attachment":[{"href":"https:\/\/parnumaa.ee\/en\/wp-json\/wp\/v2\/media?parent=1864529"}],"curies":[{"name":"wp","href":"https:\/\/api.w.org\/{rel}","templated":true}]}}