{"id":1864512,"date":"2017-07-01T11:40:52","date_gmt":"2017-07-01T08:40:52","guid":{"rendered":"http:\/\/parnumaa.local\/education\/koolid\/"},"modified":"2019-12-13T09:56:50","modified_gmt":"2019-12-13T07:56:50","slug":"schools","status":"publish","type":"page","link":"https:\/\/parnumaa.ee\/en\/education\/schools\/","title":{"rendered":"Schools"},"content":{"rendered":"<h2 id=\"vocational-and-higher-education-institutions\">Vocational and Higher Education Institutions<\/h2>\n<p>After completing primary and secondary education, it is possible to continue studies locally, at Tartu University&#8217;s P\u00e4rnu College or at vocational education centres, where on top of getting a good grounding in theory, a strong emphasis is also put on applying it in practice. <strong>\u00a0<\/strong><\/p>\n","protected":false},"excerpt":{"rendered":"<p>Vocational and Higher Education Institutions After completing primary and secondary education, it is possible to continue studies locally, at Tartu University&#8217;s P\u00e4rnu College or at vocational education centres, where on top of getting a good grounding in theory, a strong emphasis is also put on applying it in practice. \u00a0<\/p>\n","protected":false},"author":12,"featured_media":0,"parent":1864506,"menu_order":14,"comment_status":"closed","ping_status":"closed","template":"pages\/page-subpage.php","meta":{"_acf_changed":false,"footnotes":""},"class_list":["post-1864512","page","type-page","status-publish","hentry"],"acf":[],"yoast_head":"<!-- This site is optimized with the Yoast SEO plugin v26.6 - https:\/\/yoast.com\/wordpress\/plugins\/seo\/ -->\n<title>Schools - P\u00e4rnumaa infov\u00e4rav<\/title>\n<meta name=\"robots\" content=\"index, follow, max-snippet:-1, max-image-preview:large, max-video-preview:-1\" \/>\n<link rel=\"canonical\" href=\"https:\/\/parnumaa.ee\/en\/education\/schools\/\" \/>\n<meta property=\"og:locale\" content=\"en_US\" \/>\n<meta property=\"og:type\" content=\"article\" \/>\n<meta property=\"og:title\" content=\"Schools - P\u00e4rnumaa infov\u00e4rav\" \/>\n<meta property=\"og:description\" content=\"Vocational and Higher Education Institutions After completing primary and secondary education, it is possible to continue studies locally, at Tartu University&#8217;s P\u00e4rnu College or at vocational education centres, where on top of getting a good grounding in theory, a strong emphasis is also put on applying it in practice. \u00a0\" \/>\n<meta property=\"og:url\" content=\"https:\/\/parnumaa.ee\/en\/education\/schools\/\" \/>\n<meta property=\"og:site_name\" content=\"P\u00e4rnumaa infov\u00e4rav\" \/>\n<meta property=\"article:modified_time\" content=\"2019-12-13T07:56:50+00:00\" \/>\n<meta property=\"og:image\" content=\"https:\/\/parnumaa.ee\/wp-content\/uploads\/2021\/10\/Virtsu-9-1-scaled.jpg\" \/>\n\t<meta property=\"og:image:width\" content=\"2560\" \/>\n\t<meta property=\"og:image:height\" content=\"1438\" \/>\n\t<meta property=\"og:image:type\" content=\"image\/jpeg\" \/>\n<meta name=\"twitter:card\" content=\"summary_large_image\" \/>\n<script type=\"application\/ld+json\" class=\"yoast-schema-graph\">{\"@context\":\"https:\/\/schema.org\",\"@graph\":[{\"@type\":\"WebPage\",\"@id\":\"https:\/\/parnumaa.ee\/en\/education\/schools\/\",\"url\":\"https:\/\/parnumaa.ee\/en\/education\/schools\/\",\"name\":\"Schools - P\u00e4rnumaa infov\u00e4rav\",\"isPartOf\":{\"@id\":\"https:\/\/parnumaa.ee\/#website\"},\"datePublished\":\"2017-07-01T08:40:52+00:00\",\"dateModified\":\"2019-12-13T07:56:50+00:00\",\"breadcrumb\":{\"@id\":\"https:\/\/parnumaa.ee\/en\/education\/schools\/#breadcrumb\"},\"inLanguage\":\"en-US\",\"potentialAction\":[{\"@type\":\"ReadAction\",\"target\":[\"https:\/\/parnumaa.ee\/en\/education\/schools\/\"]}]},{\"@type\":\"BreadcrumbList\",\"@id\":\"https:\/\/parnumaa.ee\/en\/education\/schools\/#breadcrumb\",\"itemListElement\":[{\"@type\":\"ListItem\",\"position\":1,\"name\":\"Home\",\"item\":\"https:\/\/parnumaa.ee\/en\/\"},{\"@type\":\"ListItem\",\"position\":2,\"name\":\"Education\",\"item\":\"https:\/\/parnumaa.ee\/en\/education\/\"},{\"@type\":\"ListItem\",\"position\":3,\"name\":\"Schools\"}]},{\"@type\":\"WebSite\",\"@id\":\"https:\/\/parnumaa.ee\/#website\",\"url\":\"https:\/\/parnumaa.ee\/\",\"name\":\"P\u00e4rnumaa infov\u00e4rav\",\"description\":\"Info P\u00e4rnumaal elamiseks, t\u00f6\u00f6tamiseks ja \u00f5ppimiseks\",\"potentialAction\":[{\"@type\":\"SearchAction\",\"target\":{\"@type\":\"EntryPoint\",\"urlTemplate\":\"https:\/\/parnumaa.ee\/?s={search_term_string}\"},\"query-input\":{\"@type\":\"PropertyValueSpecification\",\"valueRequired\":true,\"valueName\":\"search_term_string\"}}],\"inLanguage\":\"en-US\"}]}<\/script>\n<!-- \/ Yoast SEO plugin. -->","yoast_head_json":{"title":"Schools - P\u00e4rnumaa infov\u00e4rav","robots":{"index":"index","follow":"follow","max-snippet":"max-snippet:-1","max-image-preview":"max-image-preview:large","max-video-preview":"max-video-preview:-1"},"canonical":"https:\/\/parnumaa.ee\/en\/education\/schools\/","og_locale":"en_US","og_type":"article","og_title":"Schools - P\u00e4rnumaa infov\u00e4rav","og_description":"Vocational and Higher Education Institutions After completing primary and secondary education, it is possible to continue studies locally, at Tartu University&#8217;s P\u00e4rnu College or at vocational education centres, where on top of getting a good grounding in theory, a strong emphasis is also put on applying it in practice. \u00a0","og_url":"https:\/\/parnumaa.ee\/en\/education\/schools\/","og_site_name":"P\u00e4rnumaa infov\u00e4rav","article_modified_time":"2019-12-13T07:56:50+00:00","og_image":[{"width":2560,"height":1438,"url":"https:\/\/parnumaa.ee\/wp-content\/uploads\/2021\/10\/Virtsu-9-1-scaled.jpg","type":"image\/jpeg"}],"twitter_card":"summary_large_image","schema":{"@context":"https:\/\/schema.org","@graph":[{"@type":"WebPage","@id":"https:\/\/parnumaa.ee\/en\/education\/schools\/","url":"https:\/\/parnumaa.ee\/en\/education\/schools\/","name":"Schools - P\u00e4rnumaa infov\u00e4rav","isPartOf":{"@id":"https:\/\/parnumaa.ee\/#website"},"datePublished":"2017-07-01T08:40:52+00:00","dateModified":"2019-12-13T07:56:50+00:00","breadcrumb":{"@id":"https:\/\/parnumaa.ee\/en\/education\/schools\/#breadcrumb"},"inLanguage":"en-US","potentialAction":[{"@type":"ReadAction","target":["https:\/\/parnumaa.ee\/en\/education\/schools\/"]}]},{"@type":"BreadcrumbList","@id":"https:\/\/parnumaa.ee\/en\/education\/schools\/#breadcrumb","itemListElement":[{"@type":"ListItem","position":1,"name":"Home","item":"https:\/\/parnumaa.ee\/en\/"},{"@type":"ListItem","position":2,"name":"Education","item":"https:\/\/parnumaa.ee\/en\/education\/"},{"@type":"ListItem","position":3,"name":"Schools"}]},{"@type":"WebSite","@id":"https:\/\/parnumaa.ee\/#website","url":"https:\/\/parnumaa.ee\/","name":"P\u00e4rnumaa infov\u00e4rav","description":"Info P\u00e4rnumaal elamiseks, t\u00f6\u00f6tamiseks ja \u00f5ppimiseks","potentialAction":[{"@type":"SearchAction","target":{"@type":"EntryPoint","urlTemplate":"https:\/\/parnumaa.ee\/?s={search_term_string}"},"query-input":{"@type":"PropertyValueSpecification","valueRequired":true,"valueName":"search_term_string"}}],"inLanguage":"en-US"}]}},"_links":{"self":[{"href":"https:\/\/parnumaa.ee\/en\/wp-json\/wp\/v2\/pages\/1864512","targetHints":{"allow":["GET"]}}],"collection":[{"href":"https:\/\/parnumaa.ee\/en\/wp-json\/wp\/v2\/pages"}],"about":[{"href":"https:\/\/parnumaa.ee\/en\/wp-json\/wp\/v2\/types\/page"}],"author":[{"embeddable":true,"href":"https:\/\/parnumaa.ee\/en\/wp-json\/wp\/v2\/users\/12"}],"replies":[{"embeddable":true,"href":"https:\/\/parnumaa.ee\/en\/wp-json\/wp\/v2\/comments?post=1864512"}],"version-history":[{"count":0,"href":"https:\/\/parnumaa.ee\/en\/wp-json\/wp\/v2\/pages\/1864512\/revisions"}],"up":[{"embeddable":true,"href":"https:\/\/parnumaa.ee\/en\/wp-json\/wp\/v2\/pages\/1864506"}],"wp:attachment":[{"href":"https:\/\/parnumaa.ee\/en\/wp-json\/wp\/v2\/media?parent=1864512"}],"curies":[{"name":"wp","href":"https:\/\/api.w.org\/{rel}","templated":true}]}}