{"id":1864498,"date":"2017-07-01T11:38:01","date_gmt":"2017-07-01T08:38:01","guid":{"rendered":"http:\/\/parnumaa.local\/ettevotlusega-alustamine\/"},"modified":"2019-12-18T12:44:16","modified_gmt":"2019-12-18T10:44:16","slug":"starting-a-business","status":"publish","type":"page","link":"https:\/\/parnumaa.ee\/en\/entrepreneurship\/starting-a-business\/","title":{"rendered":"Starting a Business"},"content":{"rendered":"<h2 id=\"how-to-become-an-entrepreneur\">How to become an entrepreneur?<\/h2>\n<p>Becoming an entrepreneur requires a strong desire and willingness to take risks. Starting a personal business involves risks, obligations and responsibilities that you shouldn&#8217;t be afraid of, but instead be aware of. There is a long way to go from initially having an idea to setting up and running a business to achieving the expected turnover and profit.<\/p>\n<p>In order to find out how to become an entrepreneur and how to achieve the desired results, come to comprehensive counselling at P\u00e4rnu County Development Centre. You can also find more detailed information about the topic on the website of <a href=\"https:\/\/www.eas.ee\/?lang=en\" target=\"_blank\" rel=\"noopener noreferrer\">Enterprise Estonia<\/a>.<\/p>\n<ul class=\"one-column\">\n<li><a href=\"https:\/\/parnumaa.ee\/en\/parnu-county-development-centre\/for-companies\/start-up-entrepreneurs\/\" target=\"_blank\" rel=\"noopener noreferrer\">For start-ups<\/a><\/li>\n<li><a href=\"https:\/\/parnumaa.ee\/en\/parnu-county-development-centre\/business-incubator\/\" target=\"_blank\" rel=\"noopener noreferrer\">Business Incubator<\/a><\/li>\n<li><a href=\"https:\/\/www.forwardspace.ee\/\" target=\"_blank\" rel=\"noopener noreferrer\">Forwardspace Co-Working Space<\/a><\/li>\n<\/ul>\n","protected":false},"excerpt":{"rendered":"<p>How to become an entrepreneur? Becoming an entrepreneur requires a strong desire and willingness to take risks. Starting a personal business involves risks, obligations and responsibilities that you shouldn&#8217;t be afraid of, but instead be aware of. There is a long way to go from initially having an idea to setting up and running a [&hellip;]<\/p>\n","protected":false},"author":12,"featured_media":0,"parent":1864509,"menu_order":11,"comment_status":"closed","ping_status":"closed","template":"pages\/page-subpage.php","meta":{"_acf_changed":false,"footnotes":""},"class_list":["post-1864498","page","type-page","status-publish","hentry"],"acf":[],"yoast_head":"<!-- This site is optimized with the Yoast SEO plugin v26.6 - https:\/\/yoast.com\/wordpress\/plugins\/seo\/ -->\n<title>Starting a Business - P\u00e4rnumaa infov\u00e4rav<\/title>\n<meta name=\"robots\" content=\"index, follow, max-snippet:-1, max-image-preview:large, max-video-preview:-1\" \/>\n<link rel=\"canonical\" href=\"https:\/\/parnumaa.ee\/en\/entrepreneurship\/starting-a-business\/\" \/>\n<meta property=\"og:locale\" content=\"en_US\" \/>\n<meta property=\"og:type\" content=\"article\" \/>\n<meta property=\"og:title\" content=\"Starting a Business - P\u00e4rnumaa infov\u00e4rav\" \/>\n<meta property=\"og:description\" content=\"How to become an entrepreneur? Becoming an entrepreneur requires a strong desire and willingness to take risks. Starting a personal business involves risks, obligations and responsibilities that you shouldn&#8217;t be afraid of, but instead be aware of. There is a long way to go from initially having an idea to setting up and running a [&hellip;]\" \/>\n<meta property=\"og:url\" content=\"https:\/\/parnumaa.ee\/en\/entrepreneurship\/starting-a-business\/\" \/>\n<meta property=\"og:site_name\" content=\"P\u00e4rnumaa infov\u00e4rav\" \/>\n<meta property=\"article:modified_time\" content=\"2019-12-18T10:44:16+00:00\" \/>\n<meta property=\"og:image\" content=\"https:\/\/parnumaa.ee\/wp-content\/uploads\/2021\/10\/Virtsu-9-1-scaled.jpg\" \/>\n\t<meta property=\"og:image:width\" content=\"2560\" \/>\n\t<meta property=\"og:image:height\" content=\"1438\" \/>\n\t<meta property=\"og:image:type\" content=\"image\/jpeg\" \/>\n<meta name=\"twitter:card\" content=\"summary_large_image\" \/>\n<meta name=\"twitter:label1\" content=\"Est. reading time\" \/>\n\t<meta name=\"twitter:data1\" content=\"1 minute\" \/>\n<script type=\"application\/ld+json\" class=\"yoast-schema-graph\">{\"@context\":\"https:\/\/schema.org\",\"@graph\":[{\"@type\":\"WebPage\",\"@id\":\"https:\/\/parnumaa.ee\/en\/entrepreneurship\/starting-a-business\/\",\"url\":\"https:\/\/parnumaa.ee\/en\/entrepreneurship\/starting-a-business\/\",\"name\":\"Starting a Business - P\u00e4rnumaa infov\u00e4rav\",\"isPartOf\":{\"@id\":\"https:\/\/parnumaa.ee\/#website\"},\"datePublished\":\"2017-07-01T08:38:01+00:00\",\"dateModified\":\"2019-12-18T10:44:16+00:00\",\"breadcrumb\":{\"@id\":\"https:\/\/parnumaa.ee\/en\/entrepreneurship\/starting-a-business\/#breadcrumb\"},\"inLanguage\":\"en-US\",\"potentialAction\":[{\"@type\":\"ReadAction\",\"target\":[\"https:\/\/parnumaa.ee\/en\/entrepreneurship\/starting-a-business\/\"]}]},{\"@type\":\"BreadcrumbList\",\"@id\":\"https:\/\/parnumaa.ee\/en\/entrepreneurship\/starting-a-business\/#breadcrumb\",\"itemListElement\":[{\"@type\":\"ListItem\",\"position\":1,\"name\":\"Home\",\"item\":\"https:\/\/parnumaa.ee\/en\/\"},{\"@type\":\"ListItem\",\"position\":2,\"name\":\"Entrepreneurship\",\"item\":\"https:\/\/parnumaa.ee\/en\/entrepreneurship\/\"},{\"@type\":\"ListItem\",\"position\":3,\"name\":\"Starting a Business\"}]},{\"@type\":\"WebSite\",\"@id\":\"https:\/\/parnumaa.ee\/#website\",\"url\":\"https:\/\/parnumaa.ee\/\",\"name\":\"P\u00e4rnumaa infov\u00e4rav\",\"description\":\"Info P\u00e4rnumaal elamiseks, t\u00f6\u00f6tamiseks ja \u00f5ppimiseks\",\"potentialAction\":[{\"@type\":\"SearchAction\",\"target\":{\"@type\":\"EntryPoint\",\"urlTemplate\":\"https:\/\/parnumaa.ee\/?s={search_term_string}\"},\"query-input\":{\"@type\":\"PropertyValueSpecification\",\"valueRequired\":true,\"valueName\":\"search_term_string\"}}],\"inLanguage\":\"en-US\"}]}<\/script>\n<!-- \/ Yoast SEO plugin. -->","yoast_head_json":{"title":"Starting a Business - P\u00e4rnumaa infov\u00e4rav","robots":{"index":"index","follow":"follow","max-snippet":"max-snippet:-1","max-image-preview":"max-image-preview:large","max-video-preview":"max-video-preview:-1"},"canonical":"https:\/\/parnumaa.ee\/en\/entrepreneurship\/starting-a-business\/","og_locale":"en_US","og_type":"article","og_title":"Starting a Business - P\u00e4rnumaa infov\u00e4rav","og_description":"How to become an entrepreneur? Becoming an entrepreneur requires a strong desire and willingness to take risks. Starting a personal business involves risks, obligations and responsibilities that you shouldn&#8217;t be afraid of, but instead be aware of. There is a long way to go from initially having an idea to setting up and running a [&hellip;]","og_url":"https:\/\/parnumaa.ee\/en\/entrepreneurship\/starting-a-business\/","og_site_name":"P\u00e4rnumaa infov\u00e4rav","article_modified_time":"2019-12-18T10:44:16+00:00","og_image":[{"width":2560,"height":1438,"url":"https:\/\/parnumaa.ee\/wp-content\/uploads\/2021\/10\/Virtsu-9-1-scaled.jpg","type":"image\/jpeg"}],"twitter_card":"summary_large_image","twitter_misc":{"Est. reading time":"1 minute"},"schema":{"@context":"https:\/\/schema.org","@graph":[{"@type":"WebPage","@id":"https:\/\/parnumaa.ee\/en\/entrepreneurship\/starting-a-business\/","url":"https:\/\/parnumaa.ee\/en\/entrepreneurship\/starting-a-business\/","name":"Starting a Business - P\u00e4rnumaa infov\u00e4rav","isPartOf":{"@id":"https:\/\/parnumaa.ee\/#website"},"datePublished":"2017-07-01T08:38:01+00:00","dateModified":"2019-12-18T10:44:16+00:00","breadcrumb":{"@id":"https:\/\/parnumaa.ee\/en\/entrepreneurship\/starting-a-business\/#breadcrumb"},"inLanguage":"en-US","potentialAction":[{"@type":"ReadAction","target":["https:\/\/parnumaa.ee\/en\/entrepreneurship\/starting-a-business\/"]}]},{"@type":"BreadcrumbList","@id":"https:\/\/parnumaa.ee\/en\/entrepreneurship\/starting-a-business\/#breadcrumb","itemListElement":[{"@type":"ListItem","position":1,"name":"Home","item":"https:\/\/parnumaa.ee\/en\/"},{"@type":"ListItem","position":2,"name":"Entrepreneurship","item":"https:\/\/parnumaa.ee\/en\/entrepreneurship\/"},{"@type":"ListItem","position":3,"name":"Starting a Business"}]},{"@type":"WebSite","@id":"https:\/\/parnumaa.ee\/#website","url":"https:\/\/parnumaa.ee\/","name":"P\u00e4rnumaa infov\u00e4rav","description":"Info P\u00e4rnumaal elamiseks, t\u00f6\u00f6tamiseks ja \u00f5ppimiseks","potentialAction":[{"@type":"SearchAction","target":{"@type":"EntryPoint","urlTemplate":"https:\/\/parnumaa.ee\/?s={search_term_string}"},"query-input":{"@type":"PropertyValueSpecification","valueRequired":true,"valueName":"search_term_string"}}],"inLanguage":"en-US"}]}},"_links":{"self":[{"href":"https:\/\/parnumaa.ee\/en\/wp-json\/wp\/v2\/pages\/1864498","targetHints":{"allow":["GET"]}}],"collection":[{"href":"https:\/\/parnumaa.ee\/en\/wp-json\/wp\/v2\/pages"}],"about":[{"href":"https:\/\/parnumaa.ee\/en\/wp-json\/wp\/v2\/types\/page"}],"author":[{"embeddable":true,"href":"https:\/\/parnumaa.ee\/en\/wp-json\/wp\/v2\/users\/12"}],"replies":[{"embeddable":true,"href":"https:\/\/parnumaa.ee\/en\/wp-json\/wp\/v2\/comments?post=1864498"}],"version-history":[{"count":0,"href":"https:\/\/parnumaa.ee\/en\/wp-json\/wp\/v2\/pages\/1864498\/revisions"}],"up":[{"embeddable":true,"href":"https:\/\/parnumaa.ee\/en\/wp-json\/wp\/v2\/pages\/1864509"}],"wp:attachment":[{"href":"https:\/\/parnumaa.ee\/en\/wp-json\/wp\/v2\/media?parent=1864498"}],"curies":[{"name":"wp","href":"https:\/\/api.w.org\/{rel}","templated":true}]}}