{"id":1864493,"date":"2017-07-01T11:36:28","date_gmt":"2017-07-01T08:36:28","guid":{"rendered":"http:\/\/parnumaa.local\/ettevotluskeskkond\/"},"modified":"2019-12-23T01:49:37","modified_gmt":"2019-12-22T23:49:37","slug":"business-environment","status":"publish","type":"page","link":"https:\/\/parnumaa.ee\/en\/entrepreneurship\/business-environment\/","title":{"rendered":"Business Environment"},"content":{"rendered":"<h2 id=\"why-parnu-county\">Why P\u00e4rnu County?<\/h2>\n<p><strong>Nine good reasons to invest in P\u00e4rnu County:<\/strong><\/p>\n<ul>\n<li>Internationally easily accessible and well-functioning road network<\/li>\n<li>Unique multi-modal logistical hub to connect four different transport modes<\/li>\n<li>Fast developing region<\/li>\n<li>New industrial parks<\/li>\n<li>Educated and experienced workforce<\/li>\n<li>Competitive environment that supports the development of both industrial and creative economies<\/li>\n<li>Popular region for recreation and holidays<\/li>\n<li>Sustainable lifestyle that values natural environment<\/li>\n<li>Quality education from vocational and higher education establishments that supports the regional economic development<\/li>\n<\/ul>\n<p><a class=\"icon-arrow extra-margin\" href=\"http:\/\/arenduskeskus.parnumaa.ee\/\" target=\"_blank\" rel=\"noopener noreferrer\"><strong>P\u00e4rnu County Development Centre<\/strong><\/a><\/p>\n<p>&nbsp;<\/p>\n<p>Planning and development in local municipalities:<\/p>\n<ul>\n<li><a href=\"http:\/\/www.parnu.ee\/\" target=\"_blank\" rel=\"noopener noreferrer\">P\u00e4rnu City<\/a><\/li>\n<li><a href=\"http:\/\/haademeeste.kovtp.ee\/\" target=\"_blank\" rel=\"noopener noreferrer\">H\u00e4\u00e4demeeste Municipality<\/a><\/li>\n<li><a href=\"https:\/\/kihnu.kovtp.ee\/web\/eng\/about\" target=\"_blank\" rel=\"noopener noreferrer\">Kihnu Municipality<\/a><\/li>\n<li><a href=\"https:\/\/www.laanerannavald.ee\/\" target=\"_blank\" rel=\"noopener noreferrer\">L\u00e4\u00e4neranna Municipality<\/a><\/li>\n<li><a href=\"http:\/\/www.pparnumaa.ee\/uldinfo\" target=\"_blank\" rel=\"noopener noreferrer\">P\u00f5hja-P\u00e4rnumaa Municipality<\/a><\/li>\n<li><a href=\"https:\/\/saarde.kovtp.ee\/\" target=\"_blank\" rel=\"noopener noreferrer\">Saarde Municipality<\/a><\/li>\n<li><a href=\"https:\/\/www.torivald.ee\/sisukaart\" target=\"_blank\" rel=\"noopener noreferrer\">Tori Municipality<\/a><\/li>\n<\/ul>\n","protected":false},"excerpt":{"rendered":"<p>Why P\u00e4rnu County? Nine good reasons to invest in P\u00e4rnu County: Internationally easily accessible and well-functioning road network Unique multi-modal logistical hub to connect four different transport modes Fast developing region New industrial parks Educated and experienced workforce Competitive environment that supports the development of both industrial and creative economies Popular region for recreation and [&hellip;]<\/p>\n","protected":false},"author":12,"featured_media":0,"parent":1864509,"menu_order":10,"comment_status":"closed","ping_status":"closed","template":"pages\/page-subpage.php","meta":{"_acf_changed":false,"footnotes":""},"class_list":["post-1864493","page","type-page","status-publish","hentry"],"acf":[],"yoast_head":"<!-- This site is optimized with the Yoast SEO plugin v26.6 - https:\/\/yoast.com\/wordpress\/plugins\/seo\/ -->\n<title>Business Environment - P\u00e4rnumaa infov\u00e4rav<\/title>\n<meta name=\"robots\" content=\"index, follow, max-snippet:-1, max-image-preview:large, max-video-preview:-1\" \/>\n<link rel=\"canonical\" href=\"https:\/\/parnumaa.ee\/en\/entrepreneurship\/business-environment\/\" \/>\n<meta property=\"og:locale\" content=\"en_US\" \/>\n<meta property=\"og:type\" content=\"article\" \/>\n<meta property=\"og:title\" content=\"Business Environment - P\u00e4rnumaa infov\u00e4rav\" \/>\n<meta property=\"og:description\" content=\"Why P\u00e4rnu County? Nine good reasons to invest in P\u00e4rnu County: Internationally easily accessible and well-functioning road network Unique multi-modal logistical hub to connect four different transport modes Fast developing region New industrial parks Educated and experienced workforce Competitive environment that supports the development of both industrial and creative economies Popular region for recreation and [&hellip;]\" \/>\n<meta property=\"og:url\" content=\"https:\/\/parnumaa.ee\/en\/entrepreneurship\/business-environment\/\" \/>\n<meta property=\"og:site_name\" content=\"P\u00e4rnumaa infov\u00e4rav\" \/>\n<meta property=\"article:modified_time\" content=\"2019-12-22T23:49:37+00:00\" \/>\n<meta property=\"og:image\" content=\"https:\/\/parnumaa.ee\/wp-content\/uploads\/2021\/10\/Virtsu-9-1-scaled.jpg\" \/>\n\t<meta property=\"og:image:width\" content=\"2560\" \/>\n\t<meta property=\"og:image:height\" content=\"1438\" \/>\n\t<meta property=\"og:image:type\" content=\"image\/jpeg\" \/>\n<meta name=\"twitter:card\" content=\"summary_large_image\" \/>\n<meta name=\"twitter:label1\" content=\"Est. reading time\" \/>\n\t<meta name=\"twitter:data1\" content=\"1 minute\" \/>\n<script type=\"application\/ld+json\" class=\"yoast-schema-graph\">{\"@context\":\"https:\/\/schema.org\",\"@graph\":[{\"@type\":\"WebPage\",\"@id\":\"https:\/\/parnumaa.ee\/en\/entrepreneurship\/business-environment\/\",\"url\":\"https:\/\/parnumaa.ee\/en\/entrepreneurship\/business-environment\/\",\"name\":\"Business Environment - P\u00e4rnumaa infov\u00e4rav\",\"isPartOf\":{\"@id\":\"https:\/\/parnumaa.ee\/#website\"},\"datePublished\":\"2017-07-01T08:36:28+00:00\",\"dateModified\":\"2019-12-22T23:49:37+00:00\",\"breadcrumb\":{\"@id\":\"https:\/\/parnumaa.ee\/en\/entrepreneurship\/business-environment\/#breadcrumb\"},\"inLanguage\":\"en-US\",\"potentialAction\":[{\"@type\":\"ReadAction\",\"target\":[\"https:\/\/parnumaa.ee\/en\/entrepreneurship\/business-environment\/\"]}]},{\"@type\":\"BreadcrumbList\",\"@id\":\"https:\/\/parnumaa.ee\/en\/entrepreneurship\/business-environment\/#breadcrumb\",\"itemListElement\":[{\"@type\":\"ListItem\",\"position\":1,\"name\":\"Home\",\"item\":\"https:\/\/parnumaa.ee\/en\/\"},{\"@type\":\"ListItem\",\"position\":2,\"name\":\"Entrepreneurship\",\"item\":\"https:\/\/parnumaa.ee\/en\/entrepreneurship\/\"},{\"@type\":\"ListItem\",\"position\":3,\"name\":\"Business Environment\"}]},{\"@type\":\"WebSite\",\"@id\":\"https:\/\/parnumaa.ee\/#website\",\"url\":\"https:\/\/parnumaa.ee\/\",\"name\":\"P\u00e4rnumaa infov\u00e4rav\",\"description\":\"Info P\u00e4rnumaal elamiseks, t\u00f6\u00f6tamiseks ja \u00f5ppimiseks\",\"potentialAction\":[{\"@type\":\"SearchAction\",\"target\":{\"@type\":\"EntryPoint\",\"urlTemplate\":\"https:\/\/parnumaa.ee\/?s={search_term_string}\"},\"query-input\":{\"@type\":\"PropertyValueSpecification\",\"valueRequired\":true,\"valueName\":\"search_term_string\"}}],\"inLanguage\":\"en-US\"}]}<\/script>\n<!-- \/ Yoast SEO plugin. -->","yoast_head_json":{"title":"Business Environment - P\u00e4rnumaa infov\u00e4rav","robots":{"index":"index","follow":"follow","max-snippet":"max-snippet:-1","max-image-preview":"max-image-preview:large","max-video-preview":"max-video-preview:-1"},"canonical":"https:\/\/parnumaa.ee\/en\/entrepreneurship\/business-environment\/","og_locale":"en_US","og_type":"article","og_title":"Business Environment - P\u00e4rnumaa infov\u00e4rav","og_description":"Why P\u00e4rnu County? Nine good reasons to invest in P\u00e4rnu County: Internationally easily accessible and well-functioning road network Unique multi-modal logistical hub to connect four different transport modes Fast developing region New industrial parks Educated and experienced workforce Competitive environment that supports the development of both industrial and creative economies Popular region for recreation and [&hellip;]","og_url":"https:\/\/parnumaa.ee\/en\/entrepreneurship\/business-environment\/","og_site_name":"P\u00e4rnumaa infov\u00e4rav","article_modified_time":"2019-12-22T23:49:37+00:00","og_image":[{"width":2560,"height":1438,"url":"https:\/\/parnumaa.ee\/wp-content\/uploads\/2021\/10\/Virtsu-9-1-scaled.jpg","type":"image\/jpeg"}],"twitter_card":"summary_large_image","twitter_misc":{"Est. reading time":"1 minute"},"schema":{"@context":"https:\/\/schema.org","@graph":[{"@type":"WebPage","@id":"https:\/\/parnumaa.ee\/en\/entrepreneurship\/business-environment\/","url":"https:\/\/parnumaa.ee\/en\/entrepreneurship\/business-environment\/","name":"Business Environment - P\u00e4rnumaa infov\u00e4rav","isPartOf":{"@id":"https:\/\/parnumaa.ee\/#website"},"datePublished":"2017-07-01T08:36:28+00:00","dateModified":"2019-12-22T23:49:37+00:00","breadcrumb":{"@id":"https:\/\/parnumaa.ee\/en\/entrepreneurship\/business-environment\/#breadcrumb"},"inLanguage":"en-US","potentialAction":[{"@type":"ReadAction","target":["https:\/\/parnumaa.ee\/en\/entrepreneurship\/business-environment\/"]}]},{"@type":"BreadcrumbList","@id":"https:\/\/parnumaa.ee\/en\/entrepreneurship\/business-environment\/#breadcrumb","itemListElement":[{"@type":"ListItem","position":1,"name":"Home","item":"https:\/\/parnumaa.ee\/en\/"},{"@type":"ListItem","position":2,"name":"Entrepreneurship","item":"https:\/\/parnumaa.ee\/en\/entrepreneurship\/"},{"@type":"ListItem","position":3,"name":"Business Environment"}]},{"@type":"WebSite","@id":"https:\/\/parnumaa.ee\/#website","url":"https:\/\/parnumaa.ee\/","name":"P\u00e4rnumaa infov\u00e4rav","description":"Info P\u00e4rnumaal elamiseks, t\u00f6\u00f6tamiseks ja \u00f5ppimiseks","potentialAction":[{"@type":"SearchAction","target":{"@type":"EntryPoint","urlTemplate":"https:\/\/parnumaa.ee\/?s={search_term_string}"},"query-input":{"@type":"PropertyValueSpecification","valueRequired":true,"valueName":"search_term_string"}}],"inLanguage":"en-US"}]}},"_links":{"self":[{"href":"https:\/\/parnumaa.ee\/en\/wp-json\/wp\/v2\/pages\/1864493","targetHints":{"allow":["GET"]}}],"collection":[{"href":"https:\/\/parnumaa.ee\/en\/wp-json\/wp\/v2\/pages"}],"about":[{"href":"https:\/\/parnumaa.ee\/en\/wp-json\/wp\/v2\/types\/page"}],"author":[{"embeddable":true,"href":"https:\/\/parnumaa.ee\/en\/wp-json\/wp\/v2\/users\/12"}],"replies":[{"embeddable":true,"href":"https:\/\/parnumaa.ee\/en\/wp-json\/wp\/v2\/comments?post=1864493"}],"version-history":[{"count":0,"href":"https:\/\/parnumaa.ee\/en\/wp-json\/wp\/v2\/pages\/1864493\/revisions"}],"up":[{"embeddable":true,"href":"https:\/\/parnumaa.ee\/en\/wp-json\/wp\/v2\/pages\/1864509"}],"wp:attachment":[{"href":"https:\/\/parnumaa.ee\/en\/wp-json\/wp\/v2\/media?parent=1864493"}],"curies":[{"name":"wp","href":"https:\/\/api.w.org\/{rel}","templated":true}]}}