{"id":1864479,"date":"2017-07-01T11:24:32","date_gmt":"2017-07-01T08:24:32","guid":{"rendered":"http:\/\/parnumaa.local\/life\/elukorraldus\/"},"modified":"2019-12-13T01:54:04","modified_gmt":"2019-12-12T23:54:04","slug":"living-environment","status":"publish","type":"page","link":"https:\/\/parnumaa.ee\/en\/life\/living-environment\/","title":{"rendered":"Living environment"},"content":{"rendered":"<h2 id=\"kindergartens-and-childcare\"><strong>Kindergartens and Childcare <\/strong><\/h2>\n<p>P\u00e4rnu County is a great place for families with children, illustrated also by the fact that the number of children attending kindergartens is constantly increasing. There are 48 kindergartens in the county, two of which are privately owned and there are also 14 private childcare facilities in the county.<\/p>\n<p>As a result of the merger of municipalities, it has been agreed that a number of new kindergartens will be established to provide a nursery place for each child. The majority of kindergartens are located in scenic locations, close to the sea or the river, providing an ideal learning and growth environment for P\u00e4rnu County\u2019s youngest residents.<\/p>\n","protected":false},"excerpt":{"rendered":"<p>Kindergartens and Childcare P\u00e4rnu County is a great place for families with children, illustrated also by the fact that the number of children attending kindergartens is constantly increasing. There are 48 kindergartens in the county, two of which are privately owned and there are also 14 private childcare facilities in the county. As a result [&hellip;]<\/p>\n","protected":false},"author":12,"featured_media":0,"parent":1864476,"menu_order":5,"comment_status":"closed","ping_status":"closed","template":"pages\/page-subpage.php","meta":{"_acf_changed":false,"footnotes":""},"class_list":["post-1864479","page","type-page","status-publish","hentry"],"acf":[],"yoast_head":"<!-- This site is optimized with the Yoast SEO plugin v26.6 - https:\/\/yoast.com\/wordpress\/plugins\/seo\/ -->\n<title>Living environment - P\u00e4rnumaa infov\u00e4rav<\/title>\n<meta name=\"robots\" content=\"index, follow, max-snippet:-1, max-image-preview:large, max-video-preview:-1\" \/>\n<link rel=\"canonical\" href=\"https:\/\/parnumaa.ee\/en\/life\/living-environment\/\" \/>\n<meta property=\"og:locale\" content=\"en_US\" \/>\n<meta property=\"og:type\" content=\"article\" \/>\n<meta property=\"og:title\" content=\"Living environment - P\u00e4rnumaa infov\u00e4rav\" \/>\n<meta property=\"og:description\" content=\"Kindergartens and Childcare P\u00e4rnu County is a great place for families with children, illustrated also by the fact that the number of children attending kindergartens is constantly increasing. There are 48 kindergartens in the county, two of which are privately owned and there are also 14 private childcare facilities in the county. As a result [&hellip;]\" \/>\n<meta property=\"og:url\" content=\"https:\/\/parnumaa.ee\/en\/life\/living-environment\/\" \/>\n<meta property=\"og:site_name\" content=\"P\u00e4rnumaa infov\u00e4rav\" \/>\n<meta property=\"article:modified_time\" content=\"2019-12-12T23:54:04+00:00\" \/>\n<meta property=\"og:image\" content=\"https:\/\/parnumaa.ee\/wp-content\/uploads\/2021\/10\/Virtsu-9-1-scaled.jpg\" \/>\n\t<meta property=\"og:image:width\" content=\"2560\" \/>\n\t<meta property=\"og:image:height\" content=\"1438\" \/>\n\t<meta property=\"og:image:type\" content=\"image\/jpeg\" \/>\n<meta name=\"twitter:card\" content=\"summary_large_image\" \/>\n<meta name=\"twitter:label1\" content=\"Est. reading time\" \/>\n\t<meta name=\"twitter:data1\" content=\"1 minute\" \/>\n<script type=\"application\/ld+json\" class=\"yoast-schema-graph\">{\"@context\":\"https:\/\/schema.org\",\"@graph\":[{\"@type\":\"WebPage\",\"@id\":\"https:\/\/parnumaa.ee\/en\/life\/living-environment\/\",\"url\":\"https:\/\/parnumaa.ee\/en\/life\/living-environment\/\",\"name\":\"Living environment - P\u00e4rnumaa infov\u00e4rav\",\"isPartOf\":{\"@id\":\"https:\/\/parnumaa.ee\/#website\"},\"datePublished\":\"2017-07-01T08:24:32+00:00\",\"dateModified\":\"2019-12-12T23:54:04+00:00\",\"breadcrumb\":{\"@id\":\"https:\/\/parnumaa.ee\/en\/life\/living-environment\/#breadcrumb\"},\"inLanguage\":\"en-US\",\"potentialAction\":[{\"@type\":\"ReadAction\",\"target\":[\"https:\/\/parnumaa.ee\/en\/life\/living-environment\/\"]}]},{\"@type\":\"BreadcrumbList\",\"@id\":\"https:\/\/parnumaa.ee\/en\/life\/living-environment\/#breadcrumb\",\"itemListElement\":[{\"@type\":\"ListItem\",\"position\":1,\"name\":\"Home\",\"item\":\"https:\/\/parnumaa.ee\/en\/\"},{\"@type\":\"ListItem\",\"position\":2,\"name\":\"Life\",\"item\":\"https:\/\/parnumaa.ee\/en\/life\/\"},{\"@type\":\"ListItem\",\"position\":3,\"name\":\"Living environment\"}]},{\"@type\":\"WebSite\",\"@id\":\"https:\/\/parnumaa.ee\/#website\",\"url\":\"https:\/\/parnumaa.ee\/\",\"name\":\"P\u00e4rnumaa infov\u00e4rav\",\"description\":\"Info P\u00e4rnumaal elamiseks, t\u00f6\u00f6tamiseks ja \u00f5ppimiseks\",\"potentialAction\":[{\"@type\":\"SearchAction\",\"target\":{\"@type\":\"EntryPoint\",\"urlTemplate\":\"https:\/\/parnumaa.ee\/?s={search_term_string}\"},\"query-input\":{\"@type\":\"PropertyValueSpecification\",\"valueRequired\":true,\"valueName\":\"search_term_string\"}}],\"inLanguage\":\"en-US\"}]}<\/script>\n<!-- \/ Yoast SEO plugin. -->","yoast_head_json":{"title":"Living environment - P\u00e4rnumaa infov\u00e4rav","robots":{"index":"index","follow":"follow","max-snippet":"max-snippet:-1","max-image-preview":"max-image-preview:large","max-video-preview":"max-video-preview:-1"},"canonical":"https:\/\/parnumaa.ee\/en\/life\/living-environment\/","og_locale":"en_US","og_type":"article","og_title":"Living environment - P\u00e4rnumaa infov\u00e4rav","og_description":"Kindergartens and Childcare P\u00e4rnu County is a great place for families with children, illustrated also by the fact that the number of children attending kindergartens is constantly increasing. There are 48 kindergartens in the county, two of which are privately owned and there are also 14 private childcare facilities in the county. As a result [&hellip;]","og_url":"https:\/\/parnumaa.ee\/en\/life\/living-environment\/","og_site_name":"P\u00e4rnumaa infov\u00e4rav","article_modified_time":"2019-12-12T23:54:04+00:00","og_image":[{"width":2560,"height":1438,"url":"https:\/\/parnumaa.ee\/wp-content\/uploads\/2021\/10\/Virtsu-9-1-scaled.jpg","type":"image\/jpeg"}],"twitter_card":"summary_large_image","twitter_misc":{"Est. reading time":"1 minute"},"schema":{"@context":"https:\/\/schema.org","@graph":[{"@type":"WebPage","@id":"https:\/\/parnumaa.ee\/en\/life\/living-environment\/","url":"https:\/\/parnumaa.ee\/en\/life\/living-environment\/","name":"Living environment - P\u00e4rnumaa infov\u00e4rav","isPartOf":{"@id":"https:\/\/parnumaa.ee\/#website"},"datePublished":"2017-07-01T08:24:32+00:00","dateModified":"2019-12-12T23:54:04+00:00","breadcrumb":{"@id":"https:\/\/parnumaa.ee\/en\/life\/living-environment\/#breadcrumb"},"inLanguage":"en-US","potentialAction":[{"@type":"ReadAction","target":["https:\/\/parnumaa.ee\/en\/life\/living-environment\/"]}]},{"@type":"BreadcrumbList","@id":"https:\/\/parnumaa.ee\/en\/life\/living-environment\/#breadcrumb","itemListElement":[{"@type":"ListItem","position":1,"name":"Home","item":"https:\/\/parnumaa.ee\/en\/"},{"@type":"ListItem","position":2,"name":"Life","item":"https:\/\/parnumaa.ee\/en\/life\/"},{"@type":"ListItem","position":3,"name":"Living environment"}]},{"@type":"WebSite","@id":"https:\/\/parnumaa.ee\/#website","url":"https:\/\/parnumaa.ee\/","name":"P\u00e4rnumaa infov\u00e4rav","description":"Info P\u00e4rnumaal elamiseks, t\u00f6\u00f6tamiseks ja \u00f5ppimiseks","potentialAction":[{"@type":"SearchAction","target":{"@type":"EntryPoint","urlTemplate":"https:\/\/parnumaa.ee\/?s={search_term_string}"},"query-input":{"@type":"PropertyValueSpecification","valueRequired":true,"valueName":"search_term_string"}}],"inLanguage":"en-US"}]}},"_links":{"self":[{"href":"https:\/\/parnumaa.ee\/en\/wp-json\/wp\/v2\/pages\/1864479","targetHints":{"allow":["GET"]}}],"collection":[{"href":"https:\/\/parnumaa.ee\/en\/wp-json\/wp\/v2\/pages"}],"about":[{"href":"https:\/\/parnumaa.ee\/en\/wp-json\/wp\/v2\/types\/page"}],"author":[{"embeddable":true,"href":"https:\/\/parnumaa.ee\/en\/wp-json\/wp\/v2\/users\/12"}],"replies":[{"embeddable":true,"href":"https:\/\/parnumaa.ee\/en\/wp-json\/wp\/v2\/comments?post=1864479"}],"version-history":[{"count":0,"href":"https:\/\/parnumaa.ee\/en\/wp-json\/wp\/v2\/pages\/1864479\/revisions"}],"up":[{"embeddable":true,"href":"https:\/\/parnumaa.ee\/en\/wp-json\/wp\/v2\/pages\/1864476"}],"wp:attachment":[{"href":"https:\/\/parnumaa.ee\/en\/wp-json\/wp\/v2\/media?parent=1864479"}],"curies":[{"name":"wp","href":"https:\/\/api.w.org\/{rel}","templated":true}]}}