{"id":1807009,"date":"2019-11-12T09:58:23","date_gmt":"2019-11-12T07:58:23","guid":{"rendered":"https:\/\/parnumaa.ee\/?page_id=1807009"},"modified":"2021-06-11T12:54:56","modified_gmt":"2021-06-11T09:54:56","slug":"international-cooperation","status":"publish","type":"page","link":"https:\/\/parnumaa.ee\/en\/international-cooperation\/","title":{"rendered":"International Cooperation"},"content":{"rendered":"<p>P\u00e4rnu County Development Centre promotes international cooperation and supports it via the following projects:<\/p>\n<h2><strong>Europe Direct Information Centre<\/strong><\/h2>\n<p>EUROPE DIRECT is a pan-European information network with local centers in many European cities.<br \/>\nIn Estonia, Europe Direct information centers are located in eight cities &#8211; Haapsalu, J\u00f5hvi, Narva, P\u00f5lva, V\u00f5ru, P\u00e4rnu, K\u00e4rdla and Kuressaare.<br \/>\nThe Europe Direct P\u00e4rnu County Information Center now operates in a new location in P\u00e4rnu: at Ringi 35, in the same building as P\u00e4rnu College of the University of Tartu.<\/p>\n<p><span style=\"text-decoration: underline;\"><strong><a href=\"https:\/\/www.facebook.com\/edparnumaa\/\">Facebook page of Europe Direct P\u00e4rnu County Information Centre<\/a>\u00a0<\/strong><\/span><\/p>\n<p><img fetchpriority=\"high\" decoding=\"async\" class=\"alignnone size-medium wp-image-3564037\" src=\"https:\/\/parnumaa.ee\/wp-content\/uploads\/2021\/06\/Parnumaa-ED-suur-275x300.jpg\" alt=\"\" width=\"275\" height=\"300\" srcset=\"https:\/\/parnumaa.ee\/wp-content\/uploads\/2021\/06\/Parnumaa-ED-suur-275x300.jpg 275w, https:\/\/parnumaa.ee\/wp-content\/uploads\/2021\/06\/Parnumaa-ED-suur.jpg 517w\" sizes=\"(max-width: 275px) 100vw, 275px\" \/><\/p>\n<h2><strong>Cooperation with the Nordic Council of Ministers\u2019 Office in Estonia <\/strong><\/h2>\n<p>Information about the activities of the NCM Office in Estonia can be found at <span style=\"text-decoration: underline;\"><strong><a href=\"http:\/\/www.norden.ee\">www.norden.ee<\/a><\/strong><\/span><\/p>\n<h2><\/h2>\n<h2><strong>P\u00e4rnu County is twinned with:\u00a0<\/strong><\/h2>\n<p>Buskerud in Norway<\/p>\n<p>Ostrobothnia in Finland<\/p>\n<p>&nbsp;<\/p>\n<p>More information about events and opportunities for international cooperation will be provided by our International Cooperation Specialist Kersti Liiva.<\/p>\n<p><img decoding=\"async\" class=\"size-medium wp-image-1788593 alignleft\" src=\"https:\/\/parnumaa.ee\/wp-content\/uploads\/2019\/01\/Kersti-200x300.jpg\" alt=\"\" width=\"200\" height=\"300\" srcset=\"https:\/\/parnumaa.ee\/wp-content\/uploads\/2019\/01\/Kersti-200x300.jpg 200w, https:\/\/parnumaa.ee\/wp-content\/uploads\/2019\/01\/Kersti-768x1152.jpg 768w, https:\/\/parnumaa.ee\/wp-content\/uploads\/2019\/01\/Kersti-682x1024.jpg 682w, https:\/\/parnumaa.ee\/wp-content\/uploads\/2019\/01\/Kersti.jpg 1333w\" sizes=\"(max-width: 200px) 100vw, 200px\" \/><\/p>\n<p><strong>Kersti Liiva<\/strong><br \/>\nInternational Cooperation Specialist<br \/>\nPhone: +372 532 92022<br \/>\ne-mail: kersti@parnumaa.ee<\/p>\n","protected":false},"excerpt":{"rendered":"<p>P\u00e4rnu County Development Centre promotes international cooperation and supports it via the following projects: Europe Direct Information Centre EUROPE DIRECT is a pan-European information network with local centers in many European cities. In Estonia, Europe Direct information centers are located in eight cities &#8211; Haapsalu, J\u00f5hvi, Narva, P\u00f5lva, V\u00f5ru, P\u00e4rnu, K\u00e4rdla and Kuressaare. The Europe [&hellip;]<\/p>\n","protected":false},"author":15,"featured_media":0,"parent":0,"menu_order":6,"comment_status":"closed","ping_status":"closed","template":"pages\/page-subpage.php","meta":{"_acf_changed":false,"footnotes":""},"class_list":["post-1807009","page","type-page","status-publish","hentry"],"acf":[],"yoast_head":"<!-- This site is optimized with the Yoast SEO plugin v26.6 - https:\/\/yoast.com\/wordpress\/plugins\/seo\/ -->\n<title>International Cooperation - P\u00e4rnumaa infov\u00e4rav<\/title>\n<meta name=\"robots\" content=\"index, follow, max-snippet:-1, max-image-preview:large, max-video-preview:-1\" \/>\n<link rel=\"canonical\" href=\"https:\/\/parnumaa.ee\/en\/about-us\/international-cooperation\/\" \/>\n<meta property=\"og:locale\" content=\"en_US\" \/>\n<meta property=\"og:type\" content=\"article\" \/>\n<meta property=\"og:title\" content=\"International Cooperation - P\u00e4rnumaa infov\u00e4rav\" \/>\n<meta property=\"og:description\" content=\"P\u00e4rnu County Development Centre promotes international cooperation and supports it via the following projects: Europe Direct Information Centre EUROPE DIRECT is a pan-European information network with local centers in many European cities. In Estonia, Europe Direct information centers are located in eight cities &#8211; Haapsalu, J\u00f5hvi, Narva, P\u00f5lva, V\u00f5ru, P\u00e4rnu, K\u00e4rdla and Kuressaare. The Europe [&hellip;]\" \/>\n<meta property=\"og:url\" content=\"https:\/\/parnumaa.ee\/en\/about-us\/international-cooperation\/\" \/>\n<meta property=\"og:site_name\" content=\"P\u00e4rnumaa infov\u00e4rav\" \/>\n<meta property=\"article:modified_time\" content=\"2021-06-11T09:54:56+00:00\" \/>\n<meta property=\"og:image\" content=\"https:\/\/parnumaa.ee\/wp-content\/uploads\/2021\/06\/Parnumaa-ED-suur-275x300.jpg\" \/>\n<meta name=\"twitter:card\" content=\"summary_large_image\" \/>\n<meta name=\"twitter:label1\" content=\"Est. reading time\" \/>\n\t<meta name=\"twitter:data1\" content=\"2 minutes\" \/>\n<script type=\"application\/ld+json\" class=\"yoast-schema-graph\">{\"@context\":\"https:\/\/schema.org\",\"@graph\":[{\"@type\":\"WebPage\",\"@id\":\"https:\/\/parnumaa.ee\/en\/about-us\/international-cooperation\/\",\"url\":\"https:\/\/parnumaa.ee\/en\/about-us\/international-cooperation\/\",\"name\":\"International Cooperation - P\u00e4rnumaa infov\u00e4rav\",\"isPartOf\":{\"@id\":\"https:\/\/parnumaa.ee\/#website\"},\"primaryImageOfPage\":{\"@id\":\"https:\/\/parnumaa.ee\/en\/about-us\/international-cooperation\/#primaryimage\"},\"image\":{\"@id\":\"https:\/\/parnumaa.ee\/en\/about-us\/international-cooperation\/#primaryimage\"},\"thumbnailUrl\":\"https:\/\/parnumaa.ee\/wp-content\/uploads\/2021\/06\/Parnumaa-ED-suur-275x300.jpg\",\"datePublished\":\"2019-11-12T07:58:23+00:00\",\"dateModified\":\"2021-06-11T09:54:56+00:00\",\"breadcrumb\":{\"@id\":\"https:\/\/parnumaa.ee\/en\/about-us\/international-cooperation\/#breadcrumb\"},\"inLanguage\":\"en-US\",\"potentialAction\":[{\"@type\":\"ReadAction\",\"target\":[\"https:\/\/parnumaa.ee\/en\/about-us\/international-cooperation\/\"]}]},{\"@type\":\"ImageObject\",\"inLanguage\":\"en-US\",\"@id\":\"https:\/\/parnumaa.ee\/en\/about-us\/international-cooperation\/#primaryimage\",\"url\":\"https:\/\/parnumaa.ee\/wp-content\/uploads\/2021\/06\/Parnumaa-ED-suur-275x300.jpg\",\"contentUrl\":\"https:\/\/parnumaa.ee\/wp-content\/uploads\/2021\/06\/Parnumaa-ED-suur-275x300.jpg\"},{\"@type\":\"BreadcrumbList\",\"@id\":\"https:\/\/parnumaa.ee\/en\/about-us\/international-cooperation\/#breadcrumb\",\"itemListElement\":[{\"@type\":\"ListItem\",\"position\":1,\"name\":\"Home\",\"item\":\"https:\/\/parnumaa.ee\/en\/\"},{\"@type\":\"ListItem\",\"position\":2,\"name\":\"About us\",\"item\":\"https:\/\/parnumaa.ee\/en\/about-us\/\"},{\"@type\":\"ListItem\",\"position\":3,\"name\":\"International Cooperation\"}]},{\"@type\":\"WebSite\",\"@id\":\"https:\/\/parnumaa.ee\/#website\",\"url\":\"https:\/\/parnumaa.ee\/\",\"name\":\"P\u00e4rnumaa infov\u00e4rav\",\"description\":\"Info P\u00e4rnumaal elamiseks, t\u00f6\u00f6tamiseks ja \u00f5ppimiseks\",\"potentialAction\":[{\"@type\":\"SearchAction\",\"target\":{\"@type\":\"EntryPoint\",\"urlTemplate\":\"https:\/\/parnumaa.ee\/?s={search_term_string}\"},\"query-input\":{\"@type\":\"PropertyValueSpecification\",\"valueRequired\":true,\"valueName\":\"search_term_string\"}}],\"inLanguage\":\"en-US\"}]}<\/script>\n<!-- \/ Yoast SEO plugin. -->","yoast_head_json":{"title":"International Cooperation - P\u00e4rnumaa infov\u00e4rav","robots":{"index":"index","follow":"follow","max-snippet":"max-snippet:-1","max-image-preview":"max-image-preview:large","max-video-preview":"max-video-preview:-1"},"canonical":"https:\/\/parnumaa.ee\/en\/about-us\/international-cooperation\/","og_locale":"en_US","og_type":"article","og_title":"International Cooperation - P\u00e4rnumaa infov\u00e4rav","og_description":"P\u00e4rnu County Development Centre promotes international cooperation and supports it via the following projects: Europe Direct Information Centre EUROPE DIRECT is a pan-European information network with local centers in many European cities. In Estonia, Europe Direct information centers are located in eight cities &#8211; Haapsalu, J\u00f5hvi, Narva, P\u00f5lva, V\u00f5ru, P\u00e4rnu, K\u00e4rdla and Kuressaare. The Europe [&hellip;]","og_url":"https:\/\/parnumaa.ee\/en\/about-us\/international-cooperation\/","og_site_name":"P\u00e4rnumaa infov\u00e4rav","article_modified_time":"2021-06-11T09:54:56+00:00","og_image":[{"url":"https:\/\/parnumaa.ee\/wp-content\/uploads\/2021\/06\/Parnumaa-ED-suur-275x300.jpg","type":"","width":"","height":""}],"twitter_card":"summary_large_image","twitter_misc":{"Est. reading time":"2 minutes"},"schema":{"@context":"https:\/\/schema.org","@graph":[{"@type":"WebPage","@id":"https:\/\/parnumaa.ee\/en\/about-us\/international-cooperation\/","url":"https:\/\/parnumaa.ee\/en\/about-us\/international-cooperation\/","name":"International Cooperation - P\u00e4rnumaa infov\u00e4rav","isPartOf":{"@id":"https:\/\/parnumaa.ee\/#website"},"primaryImageOfPage":{"@id":"https:\/\/parnumaa.ee\/en\/about-us\/international-cooperation\/#primaryimage"},"image":{"@id":"https:\/\/parnumaa.ee\/en\/about-us\/international-cooperation\/#primaryimage"},"thumbnailUrl":"https:\/\/parnumaa.ee\/wp-content\/uploads\/2021\/06\/Parnumaa-ED-suur-275x300.jpg","datePublished":"2019-11-12T07:58:23+00:00","dateModified":"2021-06-11T09:54:56+00:00","breadcrumb":{"@id":"https:\/\/parnumaa.ee\/en\/about-us\/international-cooperation\/#breadcrumb"},"inLanguage":"en-US","potentialAction":[{"@type":"ReadAction","target":["https:\/\/parnumaa.ee\/en\/about-us\/international-cooperation\/"]}]},{"@type":"ImageObject","inLanguage":"en-US","@id":"https:\/\/parnumaa.ee\/en\/about-us\/international-cooperation\/#primaryimage","url":"https:\/\/parnumaa.ee\/wp-content\/uploads\/2021\/06\/Parnumaa-ED-suur-275x300.jpg","contentUrl":"https:\/\/parnumaa.ee\/wp-content\/uploads\/2021\/06\/Parnumaa-ED-suur-275x300.jpg"},{"@type":"BreadcrumbList","@id":"https:\/\/parnumaa.ee\/en\/about-us\/international-cooperation\/#breadcrumb","itemListElement":[{"@type":"ListItem","position":1,"name":"Home","item":"https:\/\/parnumaa.ee\/en\/"},{"@type":"ListItem","position":2,"name":"About us","item":"https:\/\/parnumaa.ee\/en\/about-us\/"},{"@type":"ListItem","position":3,"name":"International Cooperation"}]},{"@type":"WebSite","@id":"https:\/\/parnumaa.ee\/#website","url":"https:\/\/parnumaa.ee\/","name":"P\u00e4rnumaa infov\u00e4rav","description":"Info P\u00e4rnumaal elamiseks, t\u00f6\u00f6tamiseks ja \u00f5ppimiseks","potentialAction":[{"@type":"SearchAction","target":{"@type":"EntryPoint","urlTemplate":"https:\/\/parnumaa.ee\/?s={search_term_string}"},"query-input":{"@type":"PropertyValueSpecification","valueRequired":true,"valueName":"search_term_string"}}],"inLanguage":"en-US"}]}},"_links":{"self":[{"href":"https:\/\/parnumaa.ee\/en\/wp-json\/wp\/v2\/pages\/1807009","targetHints":{"allow":["GET"]}}],"collection":[{"href":"https:\/\/parnumaa.ee\/en\/wp-json\/wp\/v2\/pages"}],"about":[{"href":"https:\/\/parnumaa.ee\/en\/wp-json\/wp\/v2\/types\/page"}],"author":[{"embeddable":true,"href":"https:\/\/parnumaa.ee\/en\/wp-json\/wp\/v2\/users\/15"}],"replies":[{"embeddable":true,"href":"https:\/\/parnumaa.ee\/en\/wp-json\/wp\/v2\/comments?post=1807009"}],"version-history":[{"count":0,"href":"https:\/\/parnumaa.ee\/en\/wp-json\/wp\/v2\/pages\/1807009\/revisions"}],"wp:attachment":[{"href":"https:\/\/parnumaa.ee\/en\/wp-json\/wp\/v2\/media?parent=1807009"}],"curies":[{"name":"wp","href":"https:\/\/api.w.org\/{rel}","templated":true}]}}