{"id":1794736,"date":"2019-11-28T11:57:29","date_gmt":"2019-11-28T09:57:29","guid":{"rendered":"https:\/\/parnumaa.ee\/?page_id=1794736"},"modified":"2021-02-22T09:12:07","modified_gmt":"2021-02-22T07:12:07","slug":"about-us","status":"publish","type":"page","link":"https:\/\/parnumaa.ee\/en\/about-us\/","title":{"rendered":"About us"},"content":{"rendered":"<p><strong>P\u00e4rnu County Development Centre is a foundation established by P\u00e4rnu County municipalities for the balanced development of the county. <\/strong><\/p>\n<p>P\u00e4rnu County Development Centre steers the development of P\u00e4rnu County, develops entrepreneurship, youth entrepreneurship and entrepreneurial education, and civic engagement. It also promotes public health and internal security, international relations and implements countywide projects.<\/p>\n<p>P\u00e4rnu County Development centre is part of the nationwide network of county development centres that includes 15 development centres in each county all over Estonia.<\/p>\n<p>In cooperation with all P\u00e4rnu County stakeholders, the state and international networks and partners, we apply our knowledge and experience in order to foster balanced development in the county. We are the initiator and main implementer of the P\u00e4rnu County\u2019s Development Strategy 2035+.<\/p>\n<p><strong>Vision<\/strong><\/p>\n<p>The vision of P\u00e4rnu County Development Centre is to be a first-rate, knowledgeable and trusted partner in all areas related to the development of P\u00e4rnu County. We are the driving force behind P\u00e4rnu County\u2019s transformation into the brightest pearl of the Baltic Sea region.<\/p>\n<p><strong>Mission<\/strong><\/p>\n<p>P\u00e4rnu County Development Centre\u2019s mission is to stimulate and spearhead the overall balanced development of the county by being a competent trailblazer and a dignified custodian of P\u00e4rnu County identity.<\/p>\n<p>Consultations at P\u00e4rnu County Development Centre are free of charge, but require advance registration by phone or email.<\/p>\n<p>&nbsp;<\/p>\n<p><strong>Contact information:<br \/>\n<\/strong>P\u00e4rnu County Development Centre<br \/>\nUus 4, 80010 City of P\u00e4rnu, City of P\u00e4rnu<br \/>\n+372 5551 7755<br \/>\ninfo@parnumaa.ee<\/p>\n<p>Our office is situated on the third floor of the former County Government House and is open from 9 am to 4:30 pm on weekdays, with lunch break at 12 am to 12:30 pm. Customers are welcome from Monday 1 pm until Friday 12 pm. There is a paid parking area in front of the building where you can park your car for free for the first 60 minutes.<\/p>\n<p>&nbsp;<\/p>\n","protected":false},"excerpt":{"rendered":"<p>P\u00e4rnu County Development Centre is a foundation established by P\u00e4rnu County municipalities for the balanced development of the county. P\u00e4rnu County Development Centre steers the development of P\u00e4rnu County, develops entrepreneurship, youth entrepreneurship and entrepreneurial education, and civic engagement. It also promotes public health and internal security, international relations and implements countywide projects. P\u00e4rnu County [&hellip;]<\/p>\n","protected":false},"author":15,"featured_media":0,"parent":0,"menu_order":9,"comment_status":"closed","ping_status":"closed","template":"pages\/page-subpage.php","meta":{"_acf_changed":false,"footnotes":""},"class_list":["post-1794736","page","type-page","status-publish","hentry"],"acf":[],"yoast_head":"<!-- This site is optimized with the Yoast SEO plugin v26.6 - https:\/\/yoast.com\/wordpress\/plugins\/seo\/ -->\n<title>About us - P\u00e4rnumaa infov\u00e4rav<\/title>\n<meta name=\"robots\" content=\"index, follow, max-snippet:-1, max-image-preview:large, max-video-preview:-1\" \/>\n<link rel=\"canonical\" href=\"https:\/\/parnumaa.ee\/en\/about-us\/\" \/>\n<meta property=\"og:locale\" content=\"en_US\" \/>\n<meta property=\"og:type\" content=\"article\" \/>\n<meta property=\"og:title\" content=\"About us - P\u00e4rnumaa infov\u00e4rav\" \/>\n<meta property=\"og:description\" content=\"P\u00e4rnu County Development Centre is a foundation established by P\u00e4rnu County municipalities for the balanced development of the county. P\u00e4rnu County Development Centre steers the development of P\u00e4rnu County, develops entrepreneurship, youth entrepreneurship and entrepreneurial education, and civic engagement. It also promotes public health and internal security, international relations and implements countywide projects. P\u00e4rnu County [&hellip;]\" \/>\n<meta property=\"og:url\" content=\"https:\/\/parnumaa.ee\/en\/about-us\/\" \/>\n<meta property=\"og:site_name\" content=\"P\u00e4rnumaa infov\u00e4rav\" \/>\n<meta property=\"article:modified_time\" content=\"2021-02-22T07:12:07+00:00\" \/>\n<meta property=\"og:image\" content=\"https:\/\/parnumaa.ee\/wp-content\/uploads\/2021\/10\/Virtsu-9-1-scaled.jpg\" \/>\n\t<meta property=\"og:image:width\" content=\"2560\" \/>\n\t<meta property=\"og:image:height\" content=\"1438\" \/>\n\t<meta property=\"og:image:type\" content=\"image\/jpeg\" \/>\n<meta name=\"twitter:card\" content=\"summary_large_image\" \/>\n<meta name=\"twitter:label1\" content=\"Est. reading time\" \/>\n\t<meta name=\"twitter:data1\" content=\"2 minutes\" \/>\n<script type=\"application\/ld+json\" class=\"yoast-schema-graph\">{\"@context\":\"https:\/\/schema.org\",\"@graph\":[{\"@type\":\"WebPage\",\"@id\":\"https:\/\/parnumaa.ee\/en\/about-us\/\",\"url\":\"https:\/\/parnumaa.ee\/en\/about-us\/\",\"name\":\"About us - P\u00e4rnumaa infov\u00e4rav\",\"isPartOf\":{\"@id\":\"https:\/\/parnumaa.ee\/#website\"},\"datePublished\":\"2019-11-28T09:57:29+00:00\",\"dateModified\":\"2021-02-22T07:12:07+00:00\",\"breadcrumb\":{\"@id\":\"https:\/\/parnumaa.ee\/en\/about-us\/#breadcrumb\"},\"inLanguage\":\"en-US\",\"potentialAction\":[{\"@type\":\"ReadAction\",\"target\":[\"https:\/\/parnumaa.ee\/en\/about-us\/\"]}]},{\"@type\":\"BreadcrumbList\",\"@id\":\"https:\/\/parnumaa.ee\/en\/about-us\/#breadcrumb\",\"itemListElement\":[{\"@type\":\"ListItem\",\"position\":1,\"name\":\"Home\",\"item\":\"https:\/\/parnumaa.ee\/en\/\"},{\"@type\":\"ListItem\",\"position\":2,\"name\":\"About us\"}]},{\"@type\":\"WebSite\",\"@id\":\"https:\/\/parnumaa.ee\/#website\",\"url\":\"https:\/\/parnumaa.ee\/\",\"name\":\"P\u00e4rnumaa infov\u00e4rav\",\"description\":\"Info P\u00e4rnumaal elamiseks, t\u00f6\u00f6tamiseks ja \u00f5ppimiseks\",\"potentialAction\":[{\"@type\":\"SearchAction\",\"target\":{\"@type\":\"EntryPoint\",\"urlTemplate\":\"https:\/\/parnumaa.ee\/?s={search_term_string}\"},\"query-input\":{\"@type\":\"PropertyValueSpecification\",\"valueRequired\":true,\"valueName\":\"search_term_string\"}}],\"inLanguage\":\"en-US\"}]}<\/script>\n<!-- \/ Yoast SEO plugin. -->","yoast_head_json":{"title":"About us - P\u00e4rnumaa infov\u00e4rav","robots":{"index":"index","follow":"follow","max-snippet":"max-snippet:-1","max-image-preview":"max-image-preview:large","max-video-preview":"max-video-preview:-1"},"canonical":"https:\/\/parnumaa.ee\/en\/about-us\/","og_locale":"en_US","og_type":"article","og_title":"About us - P\u00e4rnumaa infov\u00e4rav","og_description":"P\u00e4rnu County Development Centre is a foundation established by P\u00e4rnu County municipalities for the balanced development of the county. P\u00e4rnu County Development Centre steers the development of P\u00e4rnu County, develops entrepreneurship, youth entrepreneurship and entrepreneurial education, and civic engagement. It also promotes public health and internal security, international relations and implements countywide projects. P\u00e4rnu County [&hellip;]","og_url":"https:\/\/parnumaa.ee\/en\/about-us\/","og_site_name":"P\u00e4rnumaa infov\u00e4rav","article_modified_time":"2021-02-22T07:12:07+00:00","og_image":[{"width":2560,"height":1438,"url":"https:\/\/parnumaa.ee\/wp-content\/uploads\/2021\/10\/Virtsu-9-1-scaled.jpg","type":"image\/jpeg"}],"twitter_card":"summary_large_image","twitter_misc":{"Est. reading time":"2 minutes"},"schema":{"@context":"https:\/\/schema.org","@graph":[{"@type":"WebPage","@id":"https:\/\/parnumaa.ee\/en\/about-us\/","url":"https:\/\/parnumaa.ee\/en\/about-us\/","name":"About us - P\u00e4rnumaa infov\u00e4rav","isPartOf":{"@id":"https:\/\/parnumaa.ee\/#website"},"datePublished":"2019-11-28T09:57:29+00:00","dateModified":"2021-02-22T07:12:07+00:00","breadcrumb":{"@id":"https:\/\/parnumaa.ee\/en\/about-us\/#breadcrumb"},"inLanguage":"en-US","potentialAction":[{"@type":"ReadAction","target":["https:\/\/parnumaa.ee\/en\/about-us\/"]}]},{"@type":"BreadcrumbList","@id":"https:\/\/parnumaa.ee\/en\/about-us\/#breadcrumb","itemListElement":[{"@type":"ListItem","position":1,"name":"Home","item":"https:\/\/parnumaa.ee\/en\/"},{"@type":"ListItem","position":2,"name":"About us"}]},{"@type":"WebSite","@id":"https:\/\/parnumaa.ee\/#website","url":"https:\/\/parnumaa.ee\/","name":"P\u00e4rnumaa infov\u00e4rav","description":"Info P\u00e4rnumaal elamiseks, t\u00f6\u00f6tamiseks ja \u00f5ppimiseks","potentialAction":[{"@type":"SearchAction","target":{"@type":"EntryPoint","urlTemplate":"https:\/\/parnumaa.ee\/?s={search_term_string}"},"query-input":{"@type":"PropertyValueSpecification","valueRequired":true,"valueName":"search_term_string"}}],"inLanguage":"en-US"}]}},"_links":{"self":[{"href":"https:\/\/parnumaa.ee\/en\/wp-json\/wp\/v2\/pages\/1794736","targetHints":{"allow":["GET"]}}],"collection":[{"href":"https:\/\/parnumaa.ee\/en\/wp-json\/wp\/v2\/pages"}],"about":[{"href":"https:\/\/parnumaa.ee\/en\/wp-json\/wp\/v2\/types\/page"}],"author":[{"embeddable":true,"href":"https:\/\/parnumaa.ee\/en\/wp-json\/wp\/v2\/users\/15"}],"replies":[{"embeddable":true,"href":"https:\/\/parnumaa.ee\/en\/wp-json\/wp\/v2\/comments?post=1794736"}],"version-history":[{"count":0,"href":"https:\/\/parnumaa.ee\/en\/wp-json\/wp\/v2\/pages\/1794736\/revisions"}],"wp:attachment":[{"href":"https:\/\/parnumaa.ee\/en\/wp-json\/wp\/v2\/media?parent=1794736"}],"curies":[{"name":"wp","href":"https:\/\/api.w.org\/{rel}","templated":true}]}}