{"id":1794733,"date":"2019-11-09T17:01:27","date_gmt":"2019-11-09T15:01:27","guid":{"rendered":"https:\/\/parnumaa.ee\/?page_id=1794733"},"modified":"2024-12-06T12:05:51","modified_gmt":"2024-12-06T10:05:51","slug":"civil-society-services","status":"publish","type":"page","link":"https:\/\/parnumaa.ee\/en\/civil-society-services\/","title":{"rendered":"Civil Society and Civic Engagement"},"content":{"rendered":"<p><strong>P\u00e4rnu County Development Centre contributes to the development of civil society in the county and provides prerequisite support for the development of civic engagement and propagation of civil initiatives.<\/strong><\/p>\n<p>We offer expertise and consultations on a variety of topics, ranging from how to start a NGO to advice on how to become a sustainable organization (including how to apply for funding).<\/p>\n<p><strong>We provide support and counselling for institutions and members of civil society (NGOs, foundations, partnerships) and initiatives throughout the entire development cycle of the organisation:<\/strong><\/p>\n<ul>\n<li>Establishment of the organisation<\/li>\n<li>Growing organisation&#8217;s operational capacities<\/li>\n<li>Advice on how to manage the organisation<\/li>\n<li>Advice on how to finance the organisation\u2019s activities<\/li>\n<li>Consulting the association&#8217;s projects<\/li>\n<li>Development of the organisation, including advising companies on development and inspirational leadership<\/li>\n<\/ul>\n<p><strong>Other services provided by us:<\/strong><\/p>\n<ul>\n<li>Organising training and information days<\/li>\n<li>Distributing relevant information in newsletters and social media channels<\/li>\n<\/ul>\n<p>Counselling at P\u00e4rnu County Development Centre is free of charge.<\/p>\n<p>&nbsp;<\/p>\n<p>&nbsp;<\/p>\n<p>&nbsp;<\/p>\n","protected":false},"excerpt":{"rendered":"<p>P\u00e4rnu County Development Centre contributes to the development of civil society in the county and provides prerequisite support for the development of civic engagement and propagation of civil initiatives. We offer expertise and consultations on a variety of topics, ranging from how to start a NGO to advice on how to become a sustainable organization [&hellip;]<\/p>\n","protected":false},"author":15,"featured_media":0,"parent":0,"menu_order":4,"comment_status":"closed","ping_status":"closed","template":"pages\/page-subpage.php","meta":{"_acf_changed":false,"footnotes":""},"class_list":["post-1794733","page","type-page","status-publish","hentry"],"acf":[],"yoast_head":"<!-- This site is optimized with the Yoast SEO plugin v26.6 - https:\/\/yoast.com\/wordpress\/plugins\/seo\/ -->\n<title>Civil Society and Civic Engagement - P\u00e4rnumaa infov\u00e4rav<\/title>\n<meta name=\"robots\" content=\"index, follow, max-snippet:-1, max-image-preview:large, max-video-preview:-1\" \/>\n<link rel=\"canonical\" href=\"https:\/\/parnumaa.ee\/en\/civil-society-services\/\" \/>\n<meta property=\"og:locale\" content=\"en_US\" \/>\n<meta property=\"og:type\" content=\"article\" \/>\n<meta property=\"og:title\" content=\"Civil Society and Civic Engagement - P\u00e4rnumaa infov\u00e4rav\" \/>\n<meta property=\"og:description\" content=\"P\u00e4rnu County Development Centre contributes to the development of civil society in the county and provides prerequisite support for the development of civic engagement and propagation of civil initiatives. We offer expertise and consultations on a variety of topics, ranging from how to start a NGO to advice on how to become a sustainable organization [&hellip;]\" \/>\n<meta property=\"og:url\" content=\"https:\/\/parnumaa.ee\/en\/civil-society-services\/\" \/>\n<meta property=\"og:site_name\" content=\"P\u00e4rnumaa infov\u00e4rav\" \/>\n<meta property=\"article:modified_time\" content=\"2024-12-06T10:05:51+00:00\" \/>\n<meta property=\"og:image\" content=\"https:\/\/parnumaa.ee\/wp-content\/uploads\/2021\/10\/Virtsu-9-1-scaled.jpg\" \/>\n\t<meta property=\"og:image:width\" content=\"2560\" \/>\n\t<meta property=\"og:image:height\" content=\"1438\" \/>\n\t<meta property=\"og:image:type\" content=\"image\/jpeg\" \/>\n<meta name=\"twitter:card\" content=\"summary_large_image\" \/>\n<meta name=\"twitter:label1\" content=\"Est. reading time\" \/>\n\t<meta name=\"twitter:data1\" content=\"1 minute\" \/>\n<script type=\"application\/ld+json\" class=\"yoast-schema-graph\">{\"@context\":\"https:\/\/schema.org\",\"@graph\":[{\"@type\":\"WebPage\",\"@id\":\"https:\/\/parnumaa.ee\/en\/civil-society-services\/\",\"url\":\"https:\/\/parnumaa.ee\/en\/civil-society-services\/\",\"name\":\"Civil Society and Civic Engagement - P\u00e4rnumaa infov\u00e4rav\",\"isPartOf\":{\"@id\":\"https:\/\/parnumaa.ee\/#website\"},\"datePublished\":\"2019-11-09T15:01:27+00:00\",\"dateModified\":\"2024-12-06T10:05:51+00:00\",\"breadcrumb\":{\"@id\":\"https:\/\/parnumaa.ee\/en\/civil-society-services\/#breadcrumb\"},\"inLanguage\":\"en-US\",\"potentialAction\":[{\"@type\":\"ReadAction\",\"target\":[\"https:\/\/parnumaa.ee\/en\/civil-society-services\/\"]}]},{\"@type\":\"BreadcrumbList\",\"@id\":\"https:\/\/parnumaa.ee\/en\/civil-society-services\/#breadcrumb\",\"itemListElement\":[{\"@type\":\"ListItem\",\"position\":1,\"name\":\"Home\",\"item\":\"https:\/\/parnumaa.ee\/en\/\"},{\"@type\":\"ListItem\",\"position\":2,\"name\":\"Civil Society and Civic Engagement\"}]},{\"@type\":\"WebSite\",\"@id\":\"https:\/\/parnumaa.ee\/#website\",\"url\":\"https:\/\/parnumaa.ee\/\",\"name\":\"P\u00e4rnumaa infov\u00e4rav\",\"description\":\"Info P\u00e4rnumaal elamiseks, t\u00f6\u00f6tamiseks ja \u00f5ppimiseks\",\"potentialAction\":[{\"@type\":\"SearchAction\",\"target\":{\"@type\":\"EntryPoint\",\"urlTemplate\":\"https:\/\/parnumaa.ee\/?s={search_term_string}\"},\"query-input\":{\"@type\":\"PropertyValueSpecification\",\"valueRequired\":true,\"valueName\":\"search_term_string\"}}],\"inLanguage\":\"en-US\"}]}<\/script>\n<!-- \/ Yoast SEO plugin. -->","yoast_head_json":{"title":"Civil Society and Civic Engagement - P\u00e4rnumaa infov\u00e4rav","robots":{"index":"index","follow":"follow","max-snippet":"max-snippet:-1","max-image-preview":"max-image-preview:large","max-video-preview":"max-video-preview:-1"},"canonical":"https:\/\/parnumaa.ee\/en\/civil-society-services\/","og_locale":"en_US","og_type":"article","og_title":"Civil Society and Civic Engagement - P\u00e4rnumaa infov\u00e4rav","og_description":"P\u00e4rnu County Development Centre contributes to the development of civil society in the county and provides prerequisite support for the development of civic engagement and propagation of civil initiatives. We offer expertise and consultations on a variety of topics, ranging from how to start a NGO to advice on how to become a sustainable organization [&hellip;]","og_url":"https:\/\/parnumaa.ee\/en\/civil-society-services\/","og_site_name":"P\u00e4rnumaa infov\u00e4rav","article_modified_time":"2024-12-06T10:05:51+00:00","og_image":[{"width":2560,"height":1438,"url":"https:\/\/parnumaa.ee\/wp-content\/uploads\/2021\/10\/Virtsu-9-1-scaled.jpg","type":"image\/jpeg"}],"twitter_card":"summary_large_image","twitter_misc":{"Est. reading time":"1 minute"},"schema":{"@context":"https:\/\/schema.org","@graph":[{"@type":"WebPage","@id":"https:\/\/parnumaa.ee\/en\/civil-society-services\/","url":"https:\/\/parnumaa.ee\/en\/civil-society-services\/","name":"Civil Society and Civic Engagement - P\u00e4rnumaa infov\u00e4rav","isPartOf":{"@id":"https:\/\/parnumaa.ee\/#website"},"datePublished":"2019-11-09T15:01:27+00:00","dateModified":"2024-12-06T10:05:51+00:00","breadcrumb":{"@id":"https:\/\/parnumaa.ee\/en\/civil-society-services\/#breadcrumb"},"inLanguage":"en-US","potentialAction":[{"@type":"ReadAction","target":["https:\/\/parnumaa.ee\/en\/civil-society-services\/"]}]},{"@type":"BreadcrumbList","@id":"https:\/\/parnumaa.ee\/en\/civil-society-services\/#breadcrumb","itemListElement":[{"@type":"ListItem","position":1,"name":"Home","item":"https:\/\/parnumaa.ee\/en\/"},{"@type":"ListItem","position":2,"name":"Civil Society and Civic Engagement"}]},{"@type":"WebSite","@id":"https:\/\/parnumaa.ee\/#website","url":"https:\/\/parnumaa.ee\/","name":"P\u00e4rnumaa infov\u00e4rav","description":"Info P\u00e4rnumaal elamiseks, t\u00f6\u00f6tamiseks ja \u00f5ppimiseks","potentialAction":[{"@type":"SearchAction","target":{"@type":"EntryPoint","urlTemplate":"https:\/\/parnumaa.ee\/?s={search_term_string}"},"query-input":{"@type":"PropertyValueSpecification","valueRequired":true,"valueName":"search_term_string"}}],"inLanguage":"en-US"}]}},"_links":{"self":[{"href":"https:\/\/parnumaa.ee\/en\/wp-json\/wp\/v2\/pages\/1794733","targetHints":{"allow":["GET"]}}],"collection":[{"href":"https:\/\/parnumaa.ee\/en\/wp-json\/wp\/v2\/pages"}],"about":[{"href":"https:\/\/parnumaa.ee\/en\/wp-json\/wp\/v2\/types\/page"}],"author":[{"embeddable":true,"href":"https:\/\/parnumaa.ee\/en\/wp-json\/wp\/v2\/users\/15"}],"replies":[{"embeddable":true,"href":"https:\/\/parnumaa.ee\/en\/wp-json\/wp\/v2\/comments?post=1794733"}],"version-history":[{"count":0,"href":"https:\/\/parnumaa.ee\/en\/wp-json\/wp\/v2\/pages\/1794733\/revisions"}],"wp:attachment":[{"href":"https:\/\/parnumaa.ee\/en\/wp-json\/wp\/v2\/media?parent=1794733"}],"curies":[{"name":"wp","href":"https:\/\/api.w.org\/{rel}","templated":true}]}}