{"id":1794724,"date":"2019-11-09T16:13:58","date_gmt":"2019-11-09T14:13:58","guid":{"rendered":"https:\/\/parnumaa.ee\/?page_id=1794724"},"modified":"2021-01-15T10:09:30","modified_gmt":"2021-01-15T08:09:30","slug":"health-and-safety","status":"publish","type":"page","link":"https:\/\/parnumaa.ee\/en\/health-and-safety\/","title":{"rendered":"Health and Safety"},"content":{"rendered":"<p><strong>P\u00e4rnu County\u2019s Development Centre promotes healthy lifestyle choices and proactively contributes to the overall safety and security in the county.<\/strong><\/p>\n<p>The important indicators of quality of life are spiritually and physically healthy people, clean natural environment, secure work environment, universally accessible health sports opportunities and the readiness of the police and rescue services to provide a safe living environment for all of us and in all walks of society.<\/p>\n<p>Our goal is to keep people happy and make healthy lifestyle choices easily available to all target groups during their lifetime. As a result of our joint efforts, P\u00e4rnu County becomes the best place to live, study, work and rest, offering high quality of life.<\/p>\n<p><strong>The main activities undertaken to promote health and safety in P\u00e4rnu County are the following:<\/strong><\/p>\n<ul>\n<li>Coordinating the Health and Safety Cooperation Network across the public, private and third sectors<\/li>\n<li>Supporting the implementation of national public health and internal security activities in the county<\/li>\n<li>Preparation of a countywide health and welfare profile action plan<\/li>\n<li>Health and security related counselling and training for local authorities<\/li>\n<li>Development of a healthy working and living environment<\/li>\n<li>Promoting the importance of mental health and preventative measures<\/li>\n<li>Raising the awareness about the necessity of physical activeness and shaping of attitudes<\/li>\n<li>Endorsing healthy food choices<\/li>\n<li>Launching the cooperation network to increase the availability of local food in catering establishments, workplaces, public institutions and educational institutions<\/li>\n<li>Supporting health-promoting kindergartens and health-promoting schools<\/li>\n<li>Extending the network of health-promoting employers and overall health promotion in enterprises<\/li>\n<li>Cooperation days in municipalities to promote healthy and secure communities<\/li>\n<li>Implementing health and safety initiatives and projects<\/li>\n<\/ul>\n<p>More detailed information on health and safety initiatives and various events can be provided by our Public Health and Safety Specialist.<\/p>\n<p>&nbsp;<\/p>\n<p><img fetchpriority=\"high\" decoding=\"async\" class=\"alignnone size-medium wp-image-1788525\" src=\"https:\/\/parnumaa.ee\/wp-content\/uploads\/2019\/01\/Merle-200x300.jpg\" alt=\"\" width=\"200\" height=\"300\" srcset=\"https:\/\/parnumaa.ee\/wp-content\/uploads\/2019\/01\/Merle-200x300.jpg 200w, https:\/\/parnumaa.ee\/wp-content\/uploads\/2019\/01\/Merle-768x1152.jpg 768w, https:\/\/parnumaa.ee\/wp-content\/uploads\/2019\/01\/Merle-682x1024.jpg 682w, https:\/\/parnumaa.ee\/wp-content\/uploads\/2019\/01\/Merle.jpg 1333w\" sizes=\"(max-width: 200px) 100vw, 200px\" \/><\/p>\n<div class=\"entry clearfix\">\n<p><strong>Merle Einola<br \/>\n<\/strong>Public Health and Safety Specialist<br \/>\nPhone: 5566 7906<br \/>\nE-mail: <a href=\"mailto:merle@parnumaa.ee\">merle@parnumaa.ee<\/a><\/p>\n<\/div>\n<p>&nbsp;<\/p>\n<p>&nbsp;<\/p>\n","protected":false},"excerpt":{"rendered":"<p>P\u00e4rnu County\u2019s Development Centre promotes healthy lifestyle choices and proactively contributes to the overall safety and security in the county. The important indicators of quality of life are spiritually and physically healthy people, clean natural environment, secure work environment, universally accessible health sports opportunities and the readiness of the police and rescue services to provide [&hellip;]<\/p>\n","protected":false},"author":15,"featured_media":0,"parent":0,"menu_order":7,"comment_status":"closed","ping_status":"closed","template":"pages\/page-subpage.php","meta":{"_acf_changed":false,"footnotes":""},"class_list":["post-1794724","page","type-page","status-publish","hentry"],"acf":[],"yoast_head":"<!-- This site is optimized with the Yoast SEO plugin v26.6 - https:\/\/yoast.com\/wordpress\/plugins\/seo\/ -->\n<title>Health and Safety - P\u00e4rnumaa infov\u00e4rav<\/title>\n<meta name=\"robots\" content=\"index, follow, max-snippet:-1, max-image-preview:large, max-video-preview:-1\" \/>\n<link rel=\"canonical\" href=\"https:\/\/parnumaa.ee\/en\/about-us\/health-and-safety\/\" \/>\n<meta property=\"og:locale\" content=\"en_US\" \/>\n<meta property=\"og:type\" content=\"article\" \/>\n<meta property=\"og:title\" content=\"Health and Safety - P\u00e4rnumaa infov\u00e4rav\" \/>\n<meta property=\"og:description\" content=\"P\u00e4rnu County\u2019s Development Centre promotes healthy lifestyle choices and proactively contributes to the overall safety and security in the county. The important indicators of quality of life are spiritually and physically healthy people, clean natural environment, secure work environment, universally accessible health sports opportunities and the readiness of the police and rescue services to provide [&hellip;]\" \/>\n<meta property=\"og:url\" content=\"https:\/\/parnumaa.ee\/en\/about-us\/health-and-safety\/\" \/>\n<meta property=\"og:site_name\" content=\"P\u00e4rnumaa infov\u00e4rav\" \/>\n<meta property=\"article:modified_time\" content=\"2021-01-15T08:09:30+00:00\" \/>\n<meta property=\"og:image\" content=\"https:\/\/parnumaa.ee\/wp-content\/uploads\/2019\/01\/Merle-200x300.jpg\" \/>\n<meta name=\"twitter:card\" content=\"summary_large_image\" \/>\n<meta name=\"twitter:label1\" content=\"Est. reading time\" \/>\n\t<meta name=\"twitter:data1\" content=\"2 minutes\" \/>\n<script type=\"application\/ld+json\" class=\"yoast-schema-graph\">{\"@context\":\"https:\/\/schema.org\",\"@graph\":[{\"@type\":\"WebPage\",\"@id\":\"https:\/\/parnumaa.ee\/en\/about-us\/health-and-safety\/\",\"url\":\"https:\/\/parnumaa.ee\/en\/about-us\/health-and-safety\/\",\"name\":\"Health and Safety - P\u00e4rnumaa infov\u00e4rav\",\"isPartOf\":{\"@id\":\"https:\/\/parnumaa.ee\/#website\"},\"primaryImageOfPage\":{\"@id\":\"https:\/\/parnumaa.ee\/en\/about-us\/health-and-safety\/#primaryimage\"},\"image\":{\"@id\":\"https:\/\/parnumaa.ee\/en\/about-us\/health-and-safety\/#primaryimage\"},\"thumbnailUrl\":\"https:\/\/parnumaa.ee\/wp-content\/uploads\/2019\/01\/Merle-200x300.jpg\",\"datePublished\":\"2019-11-09T14:13:58+00:00\",\"dateModified\":\"2021-01-15T08:09:30+00:00\",\"breadcrumb\":{\"@id\":\"https:\/\/parnumaa.ee\/en\/about-us\/health-and-safety\/#breadcrumb\"},\"inLanguage\":\"en-US\",\"potentialAction\":[{\"@type\":\"ReadAction\",\"target\":[\"https:\/\/parnumaa.ee\/en\/about-us\/health-and-safety\/\"]}]},{\"@type\":\"ImageObject\",\"inLanguage\":\"en-US\",\"@id\":\"https:\/\/parnumaa.ee\/en\/about-us\/health-and-safety\/#primaryimage\",\"url\":\"https:\/\/parnumaa.ee\/wp-content\/uploads\/2019\/01\/Merle-200x300.jpg\",\"contentUrl\":\"https:\/\/parnumaa.ee\/wp-content\/uploads\/2019\/01\/Merle-200x300.jpg\"},{\"@type\":\"BreadcrumbList\",\"@id\":\"https:\/\/parnumaa.ee\/en\/about-us\/health-and-safety\/#breadcrumb\",\"itemListElement\":[{\"@type\":\"ListItem\",\"position\":1,\"name\":\"Home\",\"item\":\"https:\/\/parnumaa.ee\/en\/\"},{\"@type\":\"ListItem\",\"position\":2,\"name\":\"About us\",\"item\":\"https:\/\/parnumaa.ee\/en\/about-us\/\"},{\"@type\":\"ListItem\",\"position\":3,\"name\":\"Health and Safety\"}]},{\"@type\":\"WebSite\",\"@id\":\"https:\/\/parnumaa.ee\/#website\",\"url\":\"https:\/\/parnumaa.ee\/\",\"name\":\"P\u00e4rnumaa infov\u00e4rav\",\"description\":\"Info P\u00e4rnumaal elamiseks, t\u00f6\u00f6tamiseks ja \u00f5ppimiseks\",\"potentialAction\":[{\"@type\":\"SearchAction\",\"target\":{\"@type\":\"EntryPoint\",\"urlTemplate\":\"https:\/\/parnumaa.ee\/?s={search_term_string}\"},\"query-input\":{\"@type\":\"PropertyValueSpecification\",\"valueRequired\":true,\"valueName\":\"search_term_string\"}}],\"inLanguage\":\"en-US\"}]}<\/script>\n<!-- \/ Yoast SEO plugin. -->","yoast_head_json":{"title":"Health and Safety - P\u00e4rnumaa infov\u00e4rav","robots":{"index":"index","follow":"follow","max-snippet":"max-snippet:-1","max-image-preview":"max-image-preview:large","max-video-preview":"max-video-preview:-1"},"canonical":"https:\/\/parnumaa.ee\/en\/about-us\/health-and-safety\/","og_locale":"en_US","og_type":"article","og_title":"Health and Safety - P\u00e4rnumaa infov\u00e4rav","og_description":"P\u00e4rnu County\u2019s Development Centre promotes healthy lifestyle choices and proactively contributes to the overall safety and security in the county. The important indicators of quality of life are spiritually and physically healthy people, clean natural environment, secure work environment, universally accessible health sports opportunities and the readiness of the police and rescue services to provide [&hellip;]","og_url":"https:\/\/parnumaa.ee\/en\/about-us\/health-and-safety\/","og_site_name":"P\u00e4rnumaa infov\u00e4rav","article_modified_time":"2021-01-15T08:09:30+00:00","og_image":[{"url":"https:\/\/parnumaa.ee\/wp-content\/uploads\/2019\/01\/Merle-200x300.jpg","type":"","width":"","height":""}],"twitter_card":"summary_large_image","twitter_misc":{"Est. reading time":"2 minutes"},"schema":{"@context":"https:\/\/schema.org","@graph":[{"@type":"WebPage","@id":"https:\/\/parnumaa.ee\/en\/about-us\/health-and-safety\/","url":"https:\/\/parnumaa.ee\/en\/about-us\/health-and-safety\/","name":"Health and Safety - P\u00e4rnumaa infov\u00e4rav","isPartOf":{"@id":"https:\/\/parnumaa.ee\/#website"},"primaryImageOfPage":{"@id":"https:\/\/parnumaa.ee\/en\/about-us\/health-and-safety\/#primaryimage"},"image":{"@id":"https:\/\/parnumaa.ee\/en\/about-us\/health-and-safety\/#primaryimage"},"thumbnailUrl":"https:\/\/parnumaa.ee\/wp-content\/uploads\/2019\/01\/Merle-200x300.jpg","datePublished":"2019-11-09T14:13:58+00:00","dateModified":"2021-01-15T08:09:30+00:00","breadcrumb":{"@id":"https:\/\/parnumaa.ee\/en\/about-us\/health-and-safety\/#breadcrumb"},"inLanguage":"en-US","potentialAction":[{"@type":"ReadAction","target":["https:\/\/parnumaa.ee\/en\/about-us\/health-and-safety\/"]}]},{"@type":"ImageObject","inLanguage":"en-US","@id":"https:\/\/parnumaa.ee\/en\/about-us\/health-and-safety\/#primaryimage","url":"https:\/\/parnumaa.ee\/wp-content\/uploads\/2019\/01\/Merle-200x300.jpg","contentUrl":"https:\/\/parnumaa.ee\/wp-content\/uploads\/2019\/01\/Merle-200x300.jpg"},{"@type":"BreadcrumbList","@id":"https:\/\/parnumaa.ee\/en\/about-us\/health-and-safety\/#breadcrumb","itemListElement":[{"@type":"ListItem","position":1,"name":"Home","item":"https:\/\/parnumaa.ee\/en\/"},{"@type":"ListItem","position":2,"name":"About us","item":"https:\/\/parnumaa.ee\/en\/about-us\/"},{"@type":"ListItem","position":3,"name":"Health and Safety"}]},{"@type":"WebSite","@id":"https:\/\/parnumaa.ee\/#website","url":"https:\/\/parnumaa.ee\/","name":"P\u00e4rnumaa infov\u00e4rav","description":"Info P\u00e4rnumaal elamiseks, t\u00f6\u00f6tamiseks ja \u00f5ppimiseks","potentialAction":[{"@type":"SearchAction","target":{"@type":"EntryPoint","urlTemplate":"https:\/\/parnumaa.ee\/?s={search_term_string}"},"query-input":{"@type":"PropertyValueSpecification","valueRequired":true,"valueName":"search_term_string"}}],"inLanguage":"en-US"}]}},"_links":{"self":[{"href":"https:\/\/parnumaa.ee\/en\/wp-json\/wp\/v2\/pages\/1794724","targetHints":{"allow":["GET"]}}],"collection":[{"href":"https:\/\/parnumaa.ee\/en\/wp-json\/wp\/v2\/pages"}],"about":[{"href":"https:\/\/parnumaa.ee\/en\/wp-json\/wp\/v2\/types\/page"}],"author":[{"embeddable":true,"href":"https:\/\/parnumaa.ee\/en\/wp-json\/wp\/v2\/users\/15"}],"replies":[{"embeddable":true,"href":"https:\/\/parnumaa.ee\/en\/wp-json\/wp\/v2\/comments?post=1794724"}],"version-history":[{"count":0,"href":"https:\/\/parnumaa.ee\/en\/wp-json\/wp\/v2\/pages\/1794724\/revisions"}],"wp:attachment":[{"href":"https:\/\/parnumaa.ee\/en\/wp-json\/wp\/v2\/media?parent=1794724"}],"curies":[{"name":"wp","href":"https:\/\/api.w.org\/{rel}","templated":true}]}}