{"id":1794714,"date":"2019-11-09T14:52:40","date_gmt":"2019-11-09T12:52:40","guid":{"rendered":"https:\/\/parnumaa.ee\/?page_id=1794714"},"modified":"2019-11-28T11:28:01","modified_gmt":"2019-11-28T09:28:01","slug":"mentoring-program-for-mini-and-student-companies","status":"publish","type":"page","link":"https:\/\/parnumaa.ee\/en\/about-us\/mentoring-program-for-mini-and-student-companies\/","title":{"rendered":"Mentoring Program for Mini and Student Companies"},"content":{"rendered":"<p>P\u00e4rnu County Development Centre supports the activities of mini and student companies within the framework of the action of &#8220;Strengthening the competitiveness of regions&#8221; by 5.4.2. &#8220;Regional initiatives to promote employment and entrepreneurship&#8221; (PATEE), EU50915 Developing entrepreneurship and entrepreneurial learning in young people at the schools in P\u00e4rnumaa, 2017-2019<\/p>\n<p>&#8220;The Mentoring Programme for Mini-and Student Companies&#8221; will be directed towards students (including supervisors and mentors, if necessary) and include seminars, theme nights, and involvement of entrepreneurs as mentors.<\/p>\n<p>&nbsp;<\/p>\n<p><strong>Additional information:<\/strong><\/p>\n<p>Viivika Vilja<\/p>\n<p>Youth Entrepreneurship and Employment Project Manager<\/p>\n<p>E-mail: viivika@parnumaa.ee<\/p>\n<p>Mob: + 372 502 9214<\/p>\n<p>Skype: Viivika. Vilja<\/p>\n<p>&nbsp;<\/p>\n<p>&nbsp;<\/p>\n<p>&nbsp;<\/p>\n","protected":false},"excerpt":{"rendered":"<p>P\u00e4rnu County Development Centre supports the activities of mini and student companies within the framework of the action of &#8220;Strengthening the competitiveness of regions&#8221; by 5.4.2. &#8220;Regional initiatives to promote employment and entrepreneurship&#8221; (PATEE), EU50915 Developing entrepreneurship and entrepreneurial learning in young people at the schools in P\u00e4rnumaa, 2017-2019 &#8220;The Mentoring Programme for Mini-and Student [&hellip;]<\/p>\n","protected":false},"author":15,"featured_media":0,"parent":1794736,"menu_order":4,"comment_status":"closed","ping_status":"closed","template":"pages\/page-subpage.php","meta":{"_acf_changed":false,"footnotes":""},"class_list":["post-1794714","page","type-page","status-publish","hentry"],"acf":[],"yoast_head":"<!-- This site is optimized with the Yoast SEO plugin v26.6 - https:\/\/yoast.com\/wordpress\/plugins\/seo\/ -->\n<title>Mentoring Program for Mini and Student Companies - P\u00e4rnumaa infov\u00e4rav<\/title>\n<meta name=\"robots\" content=\"index, follow, max-snippet:-1, max-image-preview:large, max-video-preview:-1\" \/>\n<link rel=\"canonical\" href=\"https:\/\/parnumaa.ee\/en\/about-us\/mentoring-program-for-mini-and-student-companies\/\" \/>\n<meta property=\"og:locale\" content=\"en_US\" \/>\n<meta property=\"og:type\" content=\"article\" \/>\n<meta property=\"og:title\" content=\"Mentoring Program for Mini and Student Companies - P\u00e4rnumaa infov\u00e4rav\" \/>\n<meta property=\"og:description\" content=\"P\u00e4rnu County Development Centre supports the activities of mini and student companies within the framework of the action of &#8220;Strengthening the competitiveness of regions&#8221; by 5.4.2. &#8220;Regional initiatives to promote employment and entrepreneurship&#8221; (PATEE), EU50915 Developing entrepreneurship and entrepreneurial learning in young people at the schools in P\u00e4rnumaa, 2017-2019 &#8220;The Mentoring Programme for Mini-and Student [&hellip;]\" \/>\n<meta property=\"og:url\" content=\"https:\/\/parnumaa.ee\/en\/about-us\/mentoring-program-for-mini-and-student-companies\/\" \/>\n<meta property=\"og:site_name\" content=\"P\u00e4rnumaa infov\u00e4rav\" \/>\n<meta property=\"article:modified_time\" content=\"2019-11-28T09:28:01+00:00\" \/>\n<meta property=\"og:image\" content=\"https:\/\/parnumaa.ee\/wp-content\/uploads\/2021\/10\/Virtsu-9-1-scaled.jpg\" \/>\n\t<meta property=\"og:image:width\" content=\"2560\" \/>\n\t<meta property=\"og:image:height\" content=\"1438\" \/>\n\t<meta property=\"og:image:type\" content=\"image\/jpeg\" \/>\n<meta name=\"twitter:card\" content=\"summary_large_image\" \/>\n<meta name=\"twitter:label1\" content=\"Est. reading time\" \/>\n\t<meta name=\"twitter:data1\" content=\"1 minute\" \/>\n<script type=\"application\/ld+json\" class=\"yoast-schema-graph\">{\"@context\":\"https:\/\/schema.org\",\"@graph\":[{\"@type\":\"WebPage\",\"@id\":\"https:\/\/parnumaa.ee\/en\/about-us\/mentoring-program-for-mini-and-student-companies\/\",\"url\":\"https:\/\/parnumaa.ee\/en\/about-us\/mentoring-program-for-mini-and-student-companies\/\",\"name\":\"Mentoring Program for Mini and Student Companies - P\u00e4rnumaa infov\u00e4rav\",\"isPartOf\":{\"@id\":\"https:\/\/parnumaa.ee\/#website\"},\"datePublished\":\"2019-11-09T12:52:40+00:00\",\"dateModified\":\"2019-11-28T09:28:01+00:00\",\"breadcrumb\":{\"@id\":\"https:\/\/parnumaa.ee\/en\/about-us\/mentoring-program-for-mini-and-student-companies\/#breadcrumb\"},\"inLanguage\":\"en-US\",\"potentialAction\":[{\"@type\":\"ReadAction\",\"target\":[\"https:\/\/parnumaa.ee\/en\/about-us\/mentoring-program-for-mini-and-student-companies\/\"]}]},{\"@type\":\"BreadcrumbList\",\"@id\":\"https:\/\/parnumaa.ee\/en\/about-us\/mentoring-program-for-mini-and-student-companies\/#breadcrumb\",\"itemListElement\":[{\"@type\":\"ListItem\",\"position\":1,\"name\":\"Home\",\"item\":\"https:\/\/parnumaa.ee\/en\/\"},{\"@type\":\"ListItem\",\"position\":2,\"name\":\"About us\",\"item\":\"https:\/\/parnumaa.ee\/en\/about-us\/\"},{\"@type\":\"ListItem\",\"position\":3,\"name\":\"Mentoring Program for Mini and Student Companies\"}]},{\"@type\":\"WebSite\",\"@id\":\"https:\/\/parnumaa.ee\/#website\",\"url\":\"https:\/\/parnumaa.ee\/\",\"name\":\"P\u00e4rnumaa infov\u00e4rav\",\"description\":\"Info P\u00e4rnumaal elamiseks, t\u00f6\u00f6tamiseks ja \u00f5ppimiseks\",\"potentialAction\":[{\"@type\":\"SearchAction\",\"target\":{\"@type\":\"EntryPoint\",\"urlTemplate\":\"https:\/\/parnumaa.ee\/?s={search_term_string}\"},\"query-input\":{\"@type\":\"PropertyValueSpecification\",\"valueRequired\":true,\"valueName\":\"search_term_string\"}}],\"inLanguage\":\"en-US\"}]}<\/script>\n<!-- \/ Yoast SEO plugin. -->","yoast_head_json":{"title":"Mentoring Program for Mini and Student Companies - P\u00e4rnumaa infov\u00e4rav","robots":{"index":"index","follow":"follow","max-snippet":"max-snippet:-1","max-image-preview":"max-image-preview:large","max-video-preview":"max-video-preview:-1"},"canonical":"https:\/\/parnumaa.ee\/en\/about-us\/mentoring-program-for-mini-and-student-companies\/","og_locale":"en_US","og_type":"article","og_title":"Mentoring Program for Mini and Student Companies - P\u00e4rnumaa infov\u00e4rav","og_description":"P\u00e4rnu County Development Centre supports the activities of mini and student companies within the framework of the action of &#8220;Strengthening the competitiveness of regions&#8221; by 5.4.2. &#8220;Regional initiatives to promote employment and entrepreneurship&#8221; (PATEE), EU50915 Developing entrepreneurship and entrepreneurial learning in young people at the schools in P\u00e4rnumaa, 2017-2019 &#8220;The Mentoring Programme for Mini-and Student [&hellip;]","og_url":"https:\/\/parnumaa.ee\/en\/about-us\/mentoring-program-for-mini-and-student-companies\/","og_site_name":"P\u00e4rnumaa infov\u00e4rav","article_modified_time":"2019-11-28T09:28:01+00:00","og_image":[{"width":2560,"height":1438,"url":"https:\/\/parnumaa.ee\/wp-content\/uploads\/2021\/10\/Virtsu-9-1-scaled.jpg","type":"image\/jpeg"}],"twitter_card":"summary_large_image","twitter_misc":{"Est. reading time":"1 minute"},"schema":{"@context":"https:\/\/schema.org","@graph":[{"@type":"WebPage","@id":"https:\/\/parnumaa.ee\/en\/about-us\/mentoring-program-for-mini-and-student-companies\/","url":"https:\/\/parnumaa.ee\/en\/about-us\/mentoring-program-for-mini-and-student-companies\/","name":"Mentoring Program for Mini and Student Companies - P\u00e4rnumaa infov\u00e4rav","isPartOf":{"@id":"https:\/\/parnumaa.ee\/#website"},"datePublished":"2019-11-09T12:52:40+00:00","dateModified":"2019-11-28T09:28:01+00:00","breadcrumb":{"@id":"https:\/\/parnumaa.ee\/en\/about-us\/mentoring-program-for-mini-and-student-companies\/#breadcrumb"},"inLanguage":"en-US","potentialAction":[{"@type":"ReadAction","target":["https:\/\/parnumaa.ee\/en\/about-us\/mentoring-program-for-mini-and-student-companies\/"]}]},{"@type":"BreadcrumbList","@id":"https:\/\/parnumaa.ee\/en\/about-us\/mentoring-program-for-mini-and-student-companies\/#breadcrumb","itemListElement":[{"@type":"ListItem","position":1,"name":"Home","item":"https:\/\/parnumaa.ee\/en\/"},{"@type":"ListItem","position":2,"name":"About us","item":"https:\/\/parnumaa.ee\/en\/about-us\/"},{"@type":"ListItem","position":3,"name":"Mentoring Program for Mini and Student Companies"}]},{"@type":"WebSite","@id":"https:\/\/parnumaa.ee\/#website","url":"https:\/\/parnumaa.ee\/","name":"P\u00e4rnumaa infov\u00e4rav","description":"Info P\u00e4rnumaal elamiseks, t\u00f6\u00f6tamiseks ja \u00f5ppimiseks","potentialAction":[{"@type":"SearchAction","target":{"@type":"EntryPoint","urlTemplate":"https:\/\/parnumaa.ee\/?s={search_term_string}"},"query-input":{"@type":"PropertyValueSpecification","valueRequired":true,"valueName":"search_term_string"}}],"inLanguage":"en-US"}]}},"_links":{"self":[{"href":"https:\/\/parnumaa.ee\/en\/wp-json\/wp\/v2\/pages\/1794714","targetHints":{"allow":["GET"]}}],"collection":[{"href":"https:\/\/parnumaa.ee\/en\/wp-json\/wp\/v2\/pages"}],"about":[{"href":"https:\/\/parnumaa.ee\/en\/wp-json\/wp\/v2\/types\/page"}],"author":[{"embeddable":true,"href":"https:\/\/parnumaa.ee\/en\/wp-json\/wp\/v2\/users\/15"}],"replies":[{"embeddable":true,"href":"https:\/\/parnumaa.ee\/en\/wp-json\/wp\/v2\/comments?post=1794714"}],"version-history":[{"count":0,"href":"https:\/\/parnumaa.ee\/en\/wp-json\/wp\/v2\/pages\/1794714\/revisions"}],"up":[{"embeddable":true,"href":"https:\/\/parnumaa.ee\/en\/wp-json\/wp\/v2\/pages\/1794736"}],"wp:attachment":[{"href":"https:\/\/parnumaa.ee\/en\/wp-json\/wp\/v2\/media?parent=1794714"}],"curies":[{"name":"wp","href":"https:\/\/api.w.org\/{rel}","templated":true}]}}