{"id":1787891,"date":"2019-11-09T14:16:25","date_gmt":"2019-11-09T12:16:25","guid":{"rendered":"https:\/\/parnumaa.ee\/?page_id=1787891"},"modified":"2019-11-28T11:24:59","modified_gmt":"2019-11-28T09:24:59","slug":"entrepreneurial-learning","status":"publish","type":"page","link":"https:\/\/parnumaa.ee\/en\/about-us\/entrepreneurial-learning\/","title":{"rendered":"Entrepreneurial Learning"},"content":{"rendered":"<h2><strong>STUDY TRIPS<\/strong><\/h2>\n<p>For linking students&#8217; career planning with the business and employment opportunities available in P\u00e4rnu County, schools organise study trips to enterprises. These visits to companies enrich the teaching processes with real life examples, providing young people with an overview of the exciting job opportunities in their home county and enable them to make more informed career choices.<\/p>\n<p>Many companies in P\u00e4rnu County are willing to welcome students on their study trips to company premises. To ease the schools\u2019 work burden in planning and organising study visits, we have aggregated the data of such companies and their contact persons into one database, which can be found\u00a0 <span style=\"text-decoration: underline;\"><strong><a href=\"https:\/\/docs.google.com\/spreadsheets\/d\/1FUGCMhZpEHwgaRtoPjXtZ9x5YUMiro_Neb5BJ04UGnk\/edit?usp=sharing\" target=\"_blank\" rel=\"noopener noreferrer\">HERE<\/a>. <\/strong><\/span>The database for study visits is constantly updated.<\/p>\n<p>Before planning your visit, please pay attention to the terms and conditions of the arrangement and the available times for study visits. <strong>To arrange study visits to enterprises, the school representative must contact the company&#8217;s contact person.<\/strong><\/p>\n<p>P\u00e4rnu County Development Centre provides P\u00e4rnu city and county schools with free transportation for students&#8217; study trips to enterprises and educational institutions. Additional information about ordering free transportation can be found <strong><a href=\"https:\/\/docs.google.com\/document\/d\/1NFHVrJj1he3ShJ-BnGF-QbTcmCSfnhg08gSN59Ij3IU\/edit?usp=sharing\">HERE<\/a>.<\/strong><\/p>\n<p>Study trips are co-financed under the conditions of the European Regional Development Fund\u2019s (ERDF) &#8220;Regional initiatives to promote employment and entrepreneurship&#8221;, EU50915 Developing entrepreneurship and entrepreneurial learning for young people at the schools of P\u00e4rnu County, in 2017-2019.<\/p>\n<p>&nbsp;<\/p>\n","protected":false},"excerpt":{"rendered":"<p>STUDY TRIPS For linking students&#8217; career planning with the business and employment opportunities available in P\u00e4rnu County, schools organise study trips to enterprises. These visits to companies enrich the teaching processes with real life examples, providing young people with an overview of the exciting job opportunities in their home county and enable them to make [&hellip;]<\/p>\n","protected":false},"author":15,"featured_media":0,"parent":1794736,"menu_order":2,"comment_status":"closed","ping_status":"closed","template":"pages\/page-subpage.php","meta":{"_acf_changed":false,"footnotes":""},"class_list":["post-1787891","page","type-page","status-publish","hentry"],"acf":[],"yoast_head":"<!-- This site is optimized with the Yoast SEO plugin v26.6 - https:\/\/yoast.com\/wordpress\/plugins\/seo\/ -->\n<title>Entrepreneurial Learning - P\u00e4rnumaa infov\u00e4rav<\/title>\n<meta name=\"robots\" content=\"index, follow, max-snippet:-1, max-image-preview:large, max-video-preview:-1\" \/>\n<link rel=\"canonical\" href=\"https:\/\/parnumaa.ee\/en\/about-us\/entrepreneurial-learning\/\" \/>\n<meta property=\"og:locale\" content=\"en_US\" \/>\n<meta property=\"og:type\" content=\"article\" \/>\n<meta property=\"og:title\" content=\"Entrepreneurial Learning - P\u00e4rnumaa infov\u00e4rav\" \/>\n<meta property=\"og:description\" content=\"STUDY TRIPS For linking students&#8217; career planning with the business and employment opportunities available in P\u00e4rnu County, schools organise study trips to enterprises. These visits to companies enrich the teaching processes with real life examples, providing young people with an overview of the exciting job opportunities in their home county and enable them to make [&hellip;]\" \/>\n<meta property=\"og:url\" content=\"https:\/\/parnumaa.ee\/en\/about-us\/entrepreneurial-learning\/\" \/>\n<meta property=\"og:site_name\" content=\"P\u00e4rnumaa infov\u00e4rav\" \/>\n<meta property=\"article:modified_time\" content=\"2019-11-28T09:24:59+00:00\" \/>\n<meta property=\"og:image\" content=\"https:\/\/parnumaa.ee\/wp-content\/uploads\/2021\/10\/Virtsu-9-1-scaled.jpg\" \/>\n\t<meta property=\"og:image:width\" content=\"2560\" \/>\n\t<meta property=\"og:image:height\" content=\"1438\" \/>\n\t<meta property=\"og:image:type\" content=\"image\/jpeg\" \/>\n<meta name=\"twitter:card\" content=\"summary_large_image\" \/>\n<meta name=\"twitter:label1\" content=\"Est. reading time\" \/>\n\t<meta name=\"twitter:data1\" content=\"1 minute\" \/>\n<script type=\"application\/ld+json\" class=\"yoast-schema-graph\">{\"@context\":\"https:\/\/schema.org\",\"@graph\":[{\"@type\":\"WebPage\",\"@id\":\"https:\/\/parnumaa.ee\/en\/about-us\/entrepreneurial-learning\/\",\"url\":\"https:\/\/parnumaa.ee\/en\/about-us\/entrepreneurial-learning\/\",\"name\":\"Entrepreneurial Learning - P\u00e4rnumaa infov\u00e4rav\",\"isPartOf\":{\"@id\":\"https:\/\/parnumaa.ee\/#website\"},\"datePublished\":\"2019-11-09T12:16:25+00:00\",\"dateModified\":\"2019-11-28T09:24:59+00:00\",\"breadcrumb\":{\"@id\":\"https:\/\/parnumaa.ee\/en\/about-us\/entrepreneurial-learning\/#breadcrumb\"},\"inLanguage\":\"en-US\",\"potentialAction\":[{\"@type\":\"ReadAction\",\"target\":[\"https:\/\/parnumaa.ee\/en\/about-us\/entrepreneurial-learning\/\"]}]},{\"@type\":\"BreadcrumbList\",\"@id\":\"https:\/\/parnumaa.ee\/en\/about-us\/entrepreneurial-learning\/#breadcrumb\",\"itemListElement\":[{\"@type\":\"ListItem\",\"position\":1,\"name\":\"Home\",\"item\":\"https:\/\/parnumaa.ee\/en\/\"},{\"@type\":\"ListItem\",\"position\":2,\"name\":\"About us\",\"item\":\"https:\/\/parnumaa.ee\/en\/about-us\/\"},{\"@type\":\"ListItem\",\"position\":3,\"name\":\"Entrepreneurial Learning\"}]},{\"@type\":\"WebSite\",\"@id\":\"https:\/\/parnumaa.ee\/#website\",\"url\":\"https:\/\/parnumaa.ee\/\",\"name\":\"P\u00e4rnumaa infov\u00e4rav\",\"description\":\"Info P\u00e4rnumaal elamiseks, t\u00f6\u00f6tamiseks ja \u00f5ppimiseks\",\"potentialAction\":[{\"@type\":\"SearchAction\",\"target\":{\"@type\":\"EntryPoint\",\"urlTemplate\":\"https:\/\/parnumaa.ee\/?s={search_term_string}\"},\"query-input\":{\"@type\":\"PropertyValueSpecification\",\"valueRequired\":true,\"valueName\":\"search_term_string\"}}],\"inLanguage\":\"en-US\"}]}<\/script>\n<!-- \/ Yoast SEO plugin. -->","yoast_head_json":{"title":"Entrepreneurial Learning - P\u00e4rnumaa infov\u00e4rav","robots":{"index":"index","follow":"follow","max-snippet":"max-snippet:-1","max-image-preview":"max-image-preview:large","max-video-preview":"max-video-preview:-1"},"canonical":"https:\/\/parnumaa.ee\/en\/about-us\/entrepreneurial-learning\/","og_locale":"en_US","og_type":"article","og_title":"Entrepreneurial Learning - P\u00e4rnumaa infov\u00e4rav","og_description":"STUDY TRIPS For linking students&#8217; career planning with the business and employment opportunities available in P\u00e4rnu County, schools organise study trips to enterprises. These visits to companies enrich the teaching processes with real life examples, providing young people with an overview of the exciting job opportunities in their home county and enable them to make [&hellip;]","og_url":"https:\/\/parnumaa.ee\/en\/about-us\/entrepreneurial-learning\/","og_site_name":"P\u00e4rnumaa infov\u00e4rav","article_modified_time":"2019-11-28T09:24:59+00:00","og_image":[{"width":2560,"height":1438,"url":"https:\/\/parnumaa.ee\/wp-content\/uploads\/2021\/10\/Virtsu-9-1-scaled.jpg","type":"image\/jpeg"}],"twitter_card":"summary_large_image","twitter_misc":{"Est. reading time":"1 minute"},"schema":{"@context":"https:\/\/schema.org","@graph":[{"@type":"WebPage","@id":"https:\/\/parnumaa.ee\/en\/about-us\/entrepreneurial-learning\/","url":"https:\/\/parnumaa.ee\/en\/about-us\/entrepreneurial-learning\/","name":"Entrepreneurial Learning - P\u00e4rnumaa infov\u00e4rav","isPartOf":{"@id":"https:\/\/parnumaa.ee\/#website"},"datePublished":"2019-11-09T12:16:25+00:00","dateModified":"2019-11-28T09:24:59+00:00","breadcrumb":{"@id":"https:\/\/parnumaa.ee\/en\/about-us\/entrepreneurial-learning\/#breadcrumb"},"inLanguage":"en-US","potentialAction":[{"@type":"ReadAction","target":["https:\/\/parnumaa.ee\/en\/about-us\/entrepreneurial-learning\/"]}]},{"@type":"BreadcrumbList","@id":"https:\/\/parnumaa.ee\/en\/about-us\/entrepreneurial-learning\/#breadcrumb","itemListElement":[{"@type":"ListItem","position":1,"name":"Home","item":"https:\/\/parnumaa.ee\/en\/"},{"@type":"ListItem","position":2,"name":"About us","item":"https:\/\/parnumaa.ee\/en\/about-us\/"},{"@type":"ListItem","position":3,"name":"Entrepreneurial Learning"}]},{"@type":"WebSite","@id":"https:\/\/parnumaa.ee\/#website","url":"https:\/\/parnumaa.ee\/","name":"P\u00e4rnumaa infov\u00e4rav","description":"Info P\u00e4rnumaal elamiseks, t\u00f6\u00f6tamiseks ja \u00f5ppimiseks","potentialAction":[{"@type":"SearchAction","target":{"@type":"EntryPoint","urlTemplate":"https:\/\/parnumaa.ee\/?s={search_term_string}"},"query-input":{"@type":"PropertyValueSpecification","valueRequired":true,"valueName":"search_term_string"}}],"inLanguage":"en-US"}]}},"_links":{"self":[{"href":"https:\/\/parnumaa.ee\/en\/wp-json\/wp\/v2\/pages\/1787891","targetHints":{"allow":["GET"]}}],"collection":[{"href":"https:\/\/parnumaa.ee\/en\/wp-json\/wp\/v2\/pages"}],"about":[{"href":"https:\/\/parnumaa.ee\/en\/wp-json\/wp\/v2\/types\/page"}],"author":[{"embeddable":true,"href":"https:\/\/parnumaa.ee\/en\/wp-json\/wp\/v2\/users\/15"}],"replies":[{"embeddable":true,"href":"https:\/\/parnumaa.ee\/en\/wp-json\/wp\/v2\/comments?post=1787891"}],"version-history":[{"count":0,"href":"https:\/\/parnumaa.ee\/en\/wp-json\/wp\/v2\/pages\/1787891\/revisions"}],"up":[{"embeddable":true,"href":"https:\/\/parnumaa.ee\/en\/wp-json\/wp\/v2\/pages\/1794736"}],"wp:attachment":[{"href":"https:\/\/parnumaa.ee\/en\/wp-json\/wp\/v2\/media?parent=1787891"}],"curies":[{"name":"wp","href":"https:\/\/api.w.org\/{rel}","templated":true}]}}