{"id":1787887,"date":"2018-12-10T10:36:50","date_gmt":"2018-12-10T08:36:50","guid":{"rendered":"https:\/\/parnumaa.ee\/ettevotlik-kool\/"},"modified":"2021-01-15T10:18:24","modified_gmt":"2021-01-15T08:18:24","slug":"entrepreneurial-school","status":"publish","type":"page","link":"https:\/\/parnumaa.ee\/en\/about-us\/entrepreneurial-school\/","title":{"rendered":"Entrepreneurial School"},"content":{"rendered":"<p>The Entrepreneurial School is an educational program established in 2006 and is aimed at integrating entrepreneurial learning into the school system to improve the quality of education and thus the success of young people in life.<\/p>\n<p><strong>Entrepreneurship education aims to instil in young people an entrepreneurial attitude to life.<\/strong> Throughout the learning process, each teacher can encourage young persons to adopt the \u201eI can do\u201c attitude to life and thus become brave initiators, who seek new solutions, have a high degree of motivation, cooperate with others, are goal-oriented, achieve results, are responsible and caring, able to analyse themselves and bring to completion the activities they have started.<\/p>\n<p><strong>Implementing the entrepreneurial school model enables the educational institutions to:<\/strong><\/p>\n<p>&#8211; link what students have learned at school to actual <strong>real life<\/strong> situations, by doing practical things and not only simulating such activities;<\/p>\n<p>&#8211; successful <strong>cooperation<\/strong> with parents and partners;<\/p>\n<p>&#8211; make teaching more <strong>interesting<\/strong>;<\/p>\n<p>&#8211; bring <strong>sparkle<\/strong> to the eyes of both pupils and teachers alike;<\/p>\n<p>&#8211; contribute to the <strong>local community<\/strong> by actually doing something for the greater good.<\/p>\n<p>The Entrepreneurial School network comprises educational institutions that have set the goal of fostering entrepreneurial attitude in their educational establishment by <strong>teaching entrepreneurship in accordance with the national curriculum<\/strong>.<\/p>\n<p>Since 2016, the Estonian Ministry of Education and Research supports the implementation of the activity \u201eSystematic development of entrepreneurial learning and entrepreneurship studies at all levels of education\u201c, by co-financing the programme through the European Social Fund.<\/p>\n<p><strong>Contact Person at P\u00e4rnu County<\/strong>:<\/p>\n<p><strong>Viivika Vilja<\/strong><br \/>\nYouth Entrepreneurship and Employment Project Manager<br \/>\nP\u00e4rnu County Development Centre<br \/>\nviivika@parnumaa.ee<br \/>\n+ 372 502 9214<\/p>\n","protected":false},"excerpt":{"rendered":"<p>The Entrepreneurial School is an educational program established in 2006 and is aimed at integrating entrepreneurial learning into the school system to improve the quality of education and thus the success of young people in life. Entrepreneurship education aims to instil in young people an entrepreneurial attitude to life. Throughout the learning process, each teacher [&hellip;]<\/p>\n","protected":false},"author":12,"featured_media":0,"parent":1794736,"menu_order":1,"comment_status":"closed","ping_status":"closed","template":"pages\/page-subpage.php","meta":{"_acf_changed":false,"footnotes":""},"class_list":["post-1787887","page","type-page","status-publish","hentry"],"acf":[],"yoast_head":"<!-- This site is optimized with the Yoast SEO plugin v26.6 - https:\/\/yoast.com\/wordpress\/plugins\/seo\/ -->\n<title>Entrepreneurial School - P\u00e4rnumaa infov\u00e4rav<\/title>\n<meta name=\"robots\" content=\"index, follow, max-snippet:-1, max-image-preview:large, max-video-preview:-1\" \/>\n<link rel=\"canonical\" href=\"https:\/\/parnumaa.ee\/en\/about-us\/entrepreneurial-school\/\" \/>\n<meta property=\"og:locale\" content=\"en_US\" \/>\n<meta property=\"og:type\" content=\"article\" \/>\n<meta property=\"og:title\" content=\"Entrepreneurial School - P\u00e4rnumaa infov\u00e4rav\" \/>\n<meta property=\"og:description\" content=\"The Entrepreneurial School is an educational program established in 2006 and is aimed at integrating entrepreneurial learning into the school system to improve the quality of education and thus the success of young people in life. Entrepreneurship education aims to instil in young people an entrepreneurial attitude to life. Throughout the learning process, each teacher [&hellip;]\" \/>\n<meta property=\"og:url\" content=\"https:\/\/parnumaa.ee\/en\/about-us\/entrepreneurial-school\/\" \/>\n<meta property=\"og:site_name\" content=\"P\u00e4rnumaa infov\u00e4rav\" \/>\n<meta property=\"article:modified_time\" content=\"2021-01-15T08:18:24+00:00\" \/>\n<meta property=\"og:image\" content=\"https:\/\/parnumaa.ee\/wp-content\/uploads\/2021\/10\/Virtsu-9-1-scaled.jpg\" \/>\n\t<meta property=\"og:image:width\" content=\"2560\" \/>\n\t<meta property=\"og:image:height\" content=\"1438\" \/>\n\t<meta property=\"og:image:type\" content=\"image\/jpeg\" \/>\n<meta name=\"twitter:card\" content=\"summary_large_image\" \/>\n<meta name=\"twitter:label1\" content=\"Est. reading time\" \/>\n\t<meta name=\"twitter:data1\" content=\"1 minute\" \/>\n<script type=\"application\/ld+json\" class=\"yoast-schema-graph\">{\"@context\":\"https:\/\/schema.org\",\"@graph\":[{\"@type\":\"WebPage\",\"@id\":\"https:\/\/parnumaa.ee\/en\/about-us\/entrepreneurial-school\/\",\"url\":\"https:\/\/parnumaa.ee\/en\/about-us\/entrepreneurial-school\/\",\"name\":\"Entrepreneurial School - P\u00e4rnumaa infov\u00e4rav\",\"isPartOf\":{\"@id\":\"https:\/\/parnumaa.ee\/#website\"},\"datePublished\":\"2018-12-10T08:36:50+00:00\",\"dateModified\":\"2021-01-15T08:18:24+00:00\",\"breadcrumb\":{\"@id\":\"https:\/\/parnumaa.ee\/en\/about-us\/entrepreneurial-school\/#breadcrumb\"},\"inLanguage\":\"en-US\",\"potentialAction\":[{\"@type\":\"ReadAction\",\"target\":[\"https:\/\/parnumaa.ee\/en\/about-us\/entrepreneurial-school\/\"]}]},{\"@type\":\"BreadcrumbList\",\"@id\":\"https:\/\/parnumaa.ee\/en\/about-us\/entrepreneurial-school\/#breadcrumb\",\"itemListElement\":[{\"@type\":\"ListItem\",\"position\":1,\"name\":\"Home\",\"item\":\"https:\/\/parnumaa.ee\/en\/\"},{\"@type\":\"ListItem\",\"position\":2,\"name\":\"About us\",\"item\":\"https:\/\/parnumaa.ee\/en\/about-us\/\"},{\"@type\":\"ListItem\",\"position\":3,\"name\":\"Entrepreneurial School\"}]},{\"@type\":\"WebSite\",\"@id\":\"https:\/\/parnumaa.ee\/#website\",\"url\":\"https:\/\/parnumaa.ee\/\",\"name\":\"P\u00e4rnumaa infov\u00e4rav\",\"description\":\"Info P\u00e4rnumaal elamiseks, t\u00f6\u00f6tamiseks ja \u00f5ppimiseks\",\"potentialAction\":[{\"@type\":\"SearchAction\",\"target\":{\"@type\":\"EntryPoint\",\"urlTemplate\":\"https:\/\/parnumaa.ee\/?s={search_term_string}\"},\"query-input\":{\"@type\":\"PropertyValueSpecification\",\"valueRequired\":true,\"valueName\":\"search_term_string\"}}],\"inLanguage\":\"en-US\"}]}<\/script>\n<!-- \/ Yoast SEO plugin. -->","yoast_head_json":{"title":"Entrepreneurial School - P\u00e4rnumaa infov\u00e4rav","robots":{"index":"index","follow":"follow","max-snippet":"max-snippet:-1","max-image-preview":"max-image-preview:large","max-video-preview":"max-video-preview:-1"},"canonical":"https:\/\/parnumaa.ee\/en\/about-us\/entrepreneurial-school\/","og_locale":"en_US","og_type":"article","og_title":"Entrepreneurial School - P\u00e4rnumaa infov\u00e4rav","og_description":"The Entrepreneurial School is an educational program established in 2006 and is aimed at integrating entrepreneurial learning into the school system to improve the quality of education and thus the success of young people in life. Entrepreneurship education aims to instil in young people an entrepreneurial attitude to life. Throughout the learning process, each teacher [&hellip;]","og_url":"https:\/\/parnumaa.ee\/en\/about-us\/entrepreneurial-school\/","og_site_name":"P\u00e4rnumaa infov\u00e4rav","article_modified_time":"2021-01-15T08:18:24+00:00","og_image":[{"width":2560,"height":1438,"url":"https:\/\/parnumaa.ee\/wp-content\/uploads\/2021\/10\/Virtsu-9-1-scaled.jpg","type":"image\/jpeg"}],"twitter_card":"summary_large_image","twitter_misc":{"Est. reading time":"1 minute"},"schema":{"@context":"https:\/\/schema.org","@graph":[{"@type":"WebPage","@id":"https:\/\/parnumaa.ee\/en\/about-us\/entrepreneurial-school\/","url":"https:\/\/parnumaa.ee\/en\/about-us\/entrepreneurial-school\/","name":"Entrepreneurial School - P\u00e4rnumaa infov\u00e4rav","isPartOf":{"@id":"https:\/\/parnumaa.ee\/#website"},"datePublished":"2018-12-10T08:36:50+00:00","dateModified":"2021-01-15T08:18:24+00:00","breadcrumb":{"@id":"https:\/\/parnumaa.ee\/en\/about-us\/entrepreneurial-school\/#breadcrumb"},"inLanguage":"en-US","potentialAction":[{"@type":"ReadAction","target":["https:\/\/parnumaa.ee\/en\/about-us\/entrepreneurial-school\/"]}]},{"@type":"BreadcrumbList","@id":"https:\/\/parnumaa.ee\/en\/about-us\/entrepreneurial-school\/#breadcrumb","itemListElement":[{"@type":"ListItem","position":1,"name":"Home","item":"https:\/\/parnumaa.ee\/en\/"},{"@type":"ListItem","position":2,"name":"About us","item":"https:\/\/parnumaa.ee\/en\/about-us\/"},{"@type":"ListItem","position":3,"name":"Entrepreneurial School"}]},{"@type":"WebSite","@id":"https:\/\/parnumaa.ee\/#website","url":"https:\/\/parnumaa.ee\/","name":"P\u00e4rnumaa infov\u00e4rav","description":"Info P\u00e4rnumaal elamiseks, t\u00f6\u00f6tamiseks ja \u00f5ppimiseks","potentialAction":[{"@type":"SearchAction","target":{"@type":"EntryPoint","urlTemplate":"https:\/\/parnumaa.ee\/?s={search_term_string}"},"query-input":{"@type":"PropertyValueSpecification","valueRequired":true,"valueName":"search_term_string"}}],"inLanguage":"en-US"}]}},"_links":{"self":[{"href":"https:\/\/parnumaa.ee\/en\/wp-json\/wp\/v2\/pages\/1787887","targetHints":{"allow":["GET"]}}],"collection":[{"href":"https:\/\/parnumaa.ee\/en\/wp-json\/wp\/v2\/pages"}],"about":[{"href":"https:\/\/parnumaa.ee\/en\/wp-json\/wp\/v2\/types\/page"}],"author":[{"embeddable":true,"href":"https:\/\/parnumaa.ee\/en\/wp-json\/wp\/v2\/users\/12"}],"replies":[{"embeddable":true,"href":"https:\/\/parnumaa.ee\/en\/wp-json\/wp\/v2\/comments?post=1787887"}],"version-history":[{"count":0,"href":"https:\/\/parnumaa.ee\/en\/wp-json\/wp\/v2\/pages\/1787887\/revisions"}],"up":[{"embeddable":true,"href":"https:\/\/parnumaa.ee\/en\/wp-json\/wp\/v2\/pages\/1794736"}],"wp:attachment":[{"href":"https:\/\/parnumaa.ee\/en\/wp-json\/wp\/v2\/media?parent=1787887"}],"curies":[{"name":"wp","href":"https:\/\/api.w.org\/{rel}","templated":true}]}}