{"id":1787882,"date":"2019-11-08T15:43:17","date_gmt":"2019-11-08T13:43:17","guid":{"rendered":"https:\/\/parnumaa.ee\/?page_id=1787882"},"modified":"2019-12-20T16:43:53","modified_gmt":"2019-12-20T14:43:53","slug":"network-of-entrepreneurial-women","status":"publish","type":"page","link":"https:\/\/parnumaa.ee\/en\/about-us\/network-of-entrepreneurial-women\/","title":{"rendered":"Network of entrepreneurial women"},"content":{"rendered":"<p>It is a well-known fact that women have slightly different attitudes and expectations in starting and developing a business than men. Studies have shown that women need more support and encouragement. On average, 65-70% of entrepreneurs in Estonia are men, while women&#8217;s entrepreneurship is on the rise.<\/p>\n<p>The aim of our activities is to encourage women to become entrepreneurs and to raise the awareness of women as entrepreneurs. The aim is to increase the number of female entrepreneurs in P\u00e4rnu County, to support cooperation among entrepreneurs and promote the business activities of female entrepreneurs. The overall goal is to increase the entrepreneurial activity in P\u00e4rnu County by supporting female entrepreneurs, to promote the growth of business volume and the number of jobs created.<\/p>\n<p>The events are for those entrepreneurial women who are already in business, but also for those who are just planning to start a business.<\/p>\n<p>The purpose of gatherings is to share experiences with other women, get new knowledge and inspiration to develop your own ideas, and perhaps the opportunity to find clients and partners among other female entrepreneurs.<\/p>\n<p>If you are interested in such topics and events, contact\u00a0\u00a0<a href=\"mailto:margit@parnumaa.ee\"><span style=\"text-decoration: underline;\">margit@parnumaa.ee<\/span><\/a> or join the P\u00e4rnu County\u2019s <strong><a href=\"https:\/\/www.facebook.com\/groups\/265424363896533\/\" target=\"_blank\" rel=\"noopener noreferrer\">Entrepreneurial Women Facebook group.<\/a>\u00a0<\/strong><\/p>\n","protected":false},"excerpt":{"rendered":"<p>It is a well-known fact that women have slightly different attitudes and expectations in starting and developing a business than men. Studies have shown that women need more support and encouragement. On average, 65-70% of entrepreneurs in Estonia are men, while women&#8217;s entrepreneurship is on the rise. The aim of our activities is to encourage [&hellip;]<\/p>\n","protected":false},"author":12,"featured_media":0,"parent":1794736,"menu_order":3,"comment_status":"closed","ping_status":"closed","template":"pages\/page-subpage.php","meta":{"_acf_changed":false,"footnotes":""},"class_list":["post-1787882","page","type-page","status-publish","hentry"],"acf":[],"yoast_head":"<!-- This site is optimized with the Yoast SEO plugin v26.6 - https:\/\/yoast.com\/wordpress\/plugins\/seo\/ -->\n<title>Network of entrepreneurial women - P\u00e4rnumaa infov\u00e4rav<\/title>\n<meta name=\"robots\" content=\"index, follow, max-snippet:-1, max-image-preview:large, max-video-preview:-1\" \/>\n<link rel=\"canonical\" href=\"https:\/\/parnumaa.ee\/en\/about-us\/network-of-entrepreneurial-women\/\" \/>\n<meta property=\"og:locale\" content=\"en_US\" \/>\n<meta property=\"og:type\" content=\"article\" \/>\n<meta property=\"og:title\" content=\"Network of entrepreneurial women - P\u00e4rnumaa infov\u00e4rav\" \/>\n<meta property=\"og:description\" content=\"It is a well-known fact that women have slightly different attitudes and expectations in starting and developing a business than men. Studies have shown that women need more support and encouragement. On average, 65-70% of entrepreneurs in Estonia are men, while women&#8217;s entrepreneurship is on the rise. The aim of our activities is to encourage [&hellip;]\" \/>\n<meta property=\"og:url\" content=\"https:\/\/parnumaa.ee\/en\/about-us\/network-of-entrepreneurial-women\/\" \/>\n<meta property=\"og:site_name\" content=\"P\u00e4rnumaa infov\u00e4rav\" \/>\n<meta property=\"article:modified_time\" content=\"2019-12-20T14:43:53+00:00\" \/>\n<meta property=\"og:image\" content=\"https:\/\/parnumaa.ee\/wp-content\/uploads\/2021\/10\/Virtsu-9-1-scaled.jpg\" \/>\n\t<meta property=\"og:image:width\" content=\"2560\" \/>\n\t<meta property=\"og:image:height\" content=\"1438\" \/>\n\t<meta property=\"og:image:type\" content=\"image\/jpeg\" \/>\n<meta name=\"twitter:card\" content=\"summary_large_image\" \/>\n<meta name=\"twitter:label1\" content=\"Est. reading time\" \/>\n\t<meta name=\"twitter:data1\" content=\"1 minute\" \/>\n<script type=\"application\/ld+json\" class=\"yoast-schema-graph\">{\"@context\":\"https:\/\/schema.org\",\"@graph\":[{\"@type\":\"WebPage\",\"@id\":\"https:\/\/parnumaa.ee\/en\/about-us\/network-of-entrepreneurial-women\/\",\"url\":\"https:\/\/parnumaa.ee\/en\/about-us\/network-of-entrepreneurial-women\/\",\"name\":\"Network of entrepreneurial women - P\u00e4rnumaa infov\u00e4rav\",\"isPartOf\":{\"@id\":\"https:\/\/parnumaa.ee\/#website\"},\"datePublished\":\"2019-11-08T13:43:17+00:00\",\"dateModified\":\"2019-12-20T14:43:53+00:00\",\"breadcrumb\":{\"@id\":\"https:\/\/parnumaa.ee\/en\/about-us\/network-of-entrepreneurial-women\/#breadcrumb\"},\"inLanguage\":\"en-US\",\"potentialAction\":[{\"@type\":\"ReadAction\",\"target\":[\"https:\/\/parnumaa.ee\/en\/about-us\/network-of-entrepreneurial-women\/\"]}]},{\"@type\":\"BreadcrumbList\",\"@id\":\"https:\/\/parnumaa.ee\/en\/about-us\/network-of-entrepreneurial-women\/#breadcrumb\",\"itemListElement\":[{\"@type\":\"ListItem\",\"position\":1,\"name\":\"Home\",\"item\":\"https:\/\/parnumaa.ee\/en\/\"},{\"@type\":\"ListItem\",\"position\":2,\"name\":\"About us\",\"item\":\"https:\/\/parnumaa.ee\/en\/about-us\/\"},{\"@type\":\"ListItem\",\"position\":3,\"name\":\"Network of entrepreneurial women\"}]},{\"@type\":\"WebSite\",\"@id\":\"https:\/\/parnumaa.ee\/#website\",\"url\":\"https:\/\/parnumaa.ee\/\",\"name\":\"P\u00e4rnumaa infov\u00e4rav\",\"description\":\"Info P\u00e4rnumaal elamiseks, t\u00f6\u00f6tamiseks ja \u00f5ppimiseks\",\"potentialAction\":[{\"@type\":\"SearchAction\",\"target\":{\"@type\":\"EntryPoint\",\"urlTemplate\":\"https:\/\/parnumaa.ee\/?s={search_term_string}\"},\"query-input\":{\"@type\":\"PropertyValueSpecification\",\"valueRequired\":true,\"valueName\":\"search_term_string\"}}],\"inLanguage\":\"en-US\"}]}<\/script>\n<!-- \/ Yoast SEO plugin. -->","yoast_head_json":{"title":"Network of entrepreneurial women - P\u00e4rnumaa infov\u00e4rav","robots":{"index":"index","follow":"follow","max-snippet":"max-snippet:-1","max-image-preview":"max-image-preview:large","max-video-preview":"max-video-preview:-1"},"canonical":"https:\/\/parnumaa.ee\/en\/about-us\/network-of-entrepreneurial-women\/","og_locale":"en_US","og_type":"article","og_title":"Network of entrepreneurial women - P\u00e4rnumaa infov\u00e4rav","og_description":"It is a well-known fact that women have slightly different attitudes and expectations in starting and developing a business than men. Studies have shown that women need more support and encouragement. On average, 65-70% of entrepreneurs in Estonia are men, while women&#8217;s entrepreneurship is on the rise. The aim of our activities is to encourage [&hellip;]","og_url":"https:\/\/parnumaa.ee\/en\/about-us\/network-of-entrepreneurial-women\/","og_site_name":"P\u00e4rnumaa infov\u00e4rav","article_modified_time":"2019-12-20T14:43:53+00:00","og_image":[{"width":2560,"height":1438,"url":"https:\/\/parnumaa.ee\/wp-content\/uploads\/2021\/10\/Virtsu-9-1-scaled.jpg","type":"image\/jpeg"}],"twitter_card":"summary_large_image","twitter_misc":{"Est. reading time":"1 minute"},"schema":{"@context":"https:\/\/schema.org","@graph":[{"@type":"WebPage","@id":"https:\/\/parnumaa.ee\/en\/about-us\/network-of-entrepreneurial-women\/","url":"https:\/\/parnumaa.ee\/en\/about-us\/network-of-entrepreneurial-women\/","name":"Network of entrepreneurial women - P\u00e4rnumaa infov\u00e4rav","isPartOf":{"@id":"https:\/\/parnumaa.ee\/#website"},"datePublished":"2019-11-08T13:43:17+00:00","dateModified":"2019-12-20T14:43:53+00:00","breadcrumb":{"@id":"https:\/\/parnumaa.ee\/en\/about-us\/network-of-entrepreneurial-women\/#breadcrumb"},"inLanguage":"en-US","potentialAction":[{"@type":"ReadAction","target":["https:\/\/parnumaa.ee\/en\/about-us\/network-of-entrepreneurial-women\/"]}]},{"@type":"BreadcrumbList","@id":"https:\/\/parnumaa.ee\/en\/about-us\/network-of-entrepreneurial-women\/#breadcrumb","itemListElement":[{"@type":"ListItem","position":1,"name":"Home","item":"https:\/\/parnumaa.ee\/en\/"},{"@type":"ListItem","position":2,"name":"About us","item":"https:\/\/parnumaa.ee\/en\/about-us\/"},{"@type":"ListItem","position":3,"name":"Network of entrepreneurial women"}]},{"@type":"WebSite","@id":"https:\/\/parnumaa.ee\/#website","url":"https:\/\/parnumaa.ee\/","name":"P\u00e4rnumaa infov\u00e4rav","description":"Info P\u00e4rnumaal elamiseks, t\u00f6\u00f6tamiseks ja \u00f5ppimiseks","potentialAction":[{"@type":"SearchAction","target":{"@type":"EntryPoint","urlTemplate":"https:\/\/parnumaa.ee\/?s={search_term_string}"},"query-input":{"@type":"PropertyValueSpecification","valueRequired":true,"valueName":"search_term_string"}}],"inLanguage":"en-US"}]}},"_links":{"self":[{"href":"https:\/\/parnumaa.ee\/en\/wp-json\/wp\/v2\/pages\/1787882","targetHints":{"allow":["GET"]}}],"collection":[{"href":"https:\/\/parnumaa.ee\/en\/wp-json\/wp\/v2\/pages"}],"about":[{"href":"https:\/\/parnumaa.ee\/en\/wp-json\/wp\/v2\/types\/page"}],"author":[{"embeddable":true,"href":"https:\/\/parnumaa.ee\/en\/wp-json\/wp\/v2\/users\/12"}],"replies":[{"embeddable":true,"href":"https:\/\/parnumaa.ee\/en\/wp-json\/wp\/v2\/comments?post=1787882"}],"version-history":[{"count":0,"href":"https:\/\/parnumaa.ee\/en\/wp-json\/wp\/v2\/pages\/1787882\/revisions"}],"up":[{"embeddable":true,"href":"https:\/\/parnumaa.ee\/en\/wp-json\/wp\/v2\/pages\/1794736"}],"wp:attachment":[{"href":"https:\/\/parnumaa.ee\/en\/wp-json\/wp\/v2\/media?parent=1787882"}],"curies":[{"name":"wp","href":"https:\/\/api.w.org\/{rel}","templated":true}]}}